{"id":31766,"date":"2023-10-09T14:04:14","date_gmt":"2023-10-09T12:04:14","guid":{"rendered":"https:\/\/floravea.com\/?post_type=product&#038;p=31766"},"modified":"2023-10-16T14:05:51","modified_gmt":"2023-10-16T12:05:51","slug":"rose-eternelle-2","status":"publish","type":"product","link":"https:\/\/floravea.com\/en\/fleurs\/roses\/rose-eternelle-2\/","title":{"rendered":"Rose eternelle"},"content":{"rendered":"<p>[et_pb_section fb_built=\u00a0\u00bb1&Prime; _builder_version=\u00a0\u00bb4.16&Prime; custom_padding=\u00a0\u00bb0px||||false|false\u00a0\u00bb global_colors_info=\u00a0\u00bb{}\u00a0\u00bb][et_pb_row _builder_version=\u00a0\u00bb4.16&Prime; background_size=\u00a0\u00bbinitial\u00a0\u00bb background_position=\u00a0\u00bbtop_left\u00a0\u00bb background_repeat=\u00a0\u00bbrepeat\u00a0\u00bb width=\u00a0\u00bb100%\u00a0\u00bb custom_padding=\u00a0\u00bb0px||0px||false|false\u00a0\u00bb global_colors_info=\u00a0\u00bb{}\u00a0\u00bb][et_pb_column type=\u00a0\u00bb4_4&Prime; _builder_version=\u00a0\u00bb4.16&Prime; custom_padding=\u00a0\u00bb|||\u00a0\u00bb global_colors_info=\u00a0\u00bb{}\u00a0\u00bb custom_padding__hover=\u00a0\u00bb|||\u00a0\u00bb][et_pb_wc_breadcrumb _builder_version=\u00a0\u00bb4.16&Prime; global_colors_info=\u00a0\u00bb{}\u00a0\u00bb][\/et_pb_wc_breadcrumb][et_pb_wc_cart_notice _builder_version=\u00a0\u00bb4.16&Prime; global_colors_info=\u00a0\u00bb{}\u00a0\u00bb][\/et_pb_wc_cart_notice][\/et_pb_column][\/et_pb_row][et_pb_row column_structure=\u00a0\u00bb1_2,1_2&Prime; _builder_version=\u00a0\u00bb4.16&Prime; background_size=\u00a0\u00bbinitial\u00a0\u00bb background_position=\u00a0\u00bbtop_left\u00a0\u00bb background_repeat=\u00a0\u00bbrepeat\u00a0\u00bb width=\u00a0\u00bb100%\u00a0\u00bb custom_padding=\u00a0\u00bb0px||||false|false\u00a0\u00bb global_colors_info=\u00a0\u00bb{}\u00a0\u00bb][et_pb_column type=\u00a0\u00bb1_2&Prime; _builder_version=\u00a0\u00bb4.16&Prime; custom_padding=\u00a0\u00bb|||\u00a0\u00bb global_colors_info=\u00a0\u00bb{}\u00a0\u00bb custom_padding__hover=\u00a0\u00bb|||\u00a0\u00bb][et_pb_wc_images product=\u00a0\u00bb31766&Prime; _builder_version=\u00a0\u00bb4.22.2&Prime; background_image=\u00a0\u00bbhttps:\/\/floravea.com\/wp-content\/uploads\/2023\/10\/WhatsApp-Image-2023-10-06-at-10.21.21.jpeg\u00a0\u00bb background_size=\u00a0\u00bbcontain\u00a0\u00bb global_colors_info=\u00a0\u00bb{}\u00a0\u00bb][\/et_pb_wc_images][\/et_pb_column][et_pb_column type=\u00a0\u00bb1_2&Prime; _builder_version=\u00a0\u00bb4.16&Prime; custom_padding=\u00a0\u00bb|||\u00a0\u00bb global_colors_info=\u00a0\u00bb{}\u00a0\u00bb custom_padding__hover=\u00a0\u00bb|||\u00a0\u00bb][et_pb_wc_title _builder_version=\u00a0\u00bb4.16&Prime; global_colors_info=\u00a0\u00bb{}\u00a0\u00bb][\/et_pb_wc_title][et_pb_wc_rating _builder_version=\u00a0\u00bb4.16&Prime; global_colors_info=\u00a0\u00bb{}\u00a0\u00bb][\/et_pb_wc_rating][et_pb_wc_price _builder_version=\u00a0\u00bb4.16&Prime; global_colors_info=\u00a0\u00bb{}\u00a0\u00bb][\/et_pb_wc_price][et_pb_wc_description _builder_version=\u00a0\u00bb4.16&Prime; global_colors_info=\u00a0\u00bb{}\u00a0\u00bb][\/et_pb_wc_description][et_pb_wc_add_to_cart _builder_version=\u00a0\u00bb4.16&Prime; global_colors_info=\u00a0\u00bb{}\u00a0\u00bb][\/et_pb_wc_add_to_cart][et_pb_wc_meta _builder_version=\u00a0\u00bb4.16&Prime; global_colors_info=\u00a0\u00bb{}\u00a0\u00bb][\/et_pb_wc_meta][\/et_pb_column][\/et_pb_row][et_pb_row _builder_version=\u00a0\u00bb4.16&Prime; background_size=\u00a0\u00bbinitial\u00a0\u00bb background_position=\u00a0\u00bbtop_left\u00a0\u00bb background_repeat=\u00a0\u00bbrepeat\u00a0\u00bb width=\u00a0\u00bb100%\u00a0\u00bb global_colors_info=\u00a0\u00bb{}\u00a0\u00bb][et_pb_column type=\u00a0\u00bb4_4&Prime; _builder_version=\u00a0\u00bb4.16&Prime; custom_padding=\u00a0\u00bb|||\u00a0\u00bb global_colors_info=\u00a0\u00bb{}\u00a0\u00bb custom_padding__hover=\u00a0\u00bb|||\u00a0\u00bb][et_pb_wc_tabs _builder_version=\u00a0\u00bb4.16&Prime; global_colors_info=\u00a0\u00bb{}\u00a0\u00bb]\t\t\t\t\t[\/et_pb_wc_tabs][et_pb_wc_upsells _builder_version=\u00a0\u00bb4.16&Prime; global_colors_info=\u00a0\u00bb{}\u00a0\u00bb][\/et_pb_wc_upsells][et_pb_wc_related_products _builder_version=\u00a0\u00bb4.16&Prime; global_colors_info=\u00a0\u00bb{}\u00a0\u00bb][\/et_pb_wc_related_products][\/et_pb_column][\/et_pb_row][\/et_pb_section]<\/p>\n","protected":false},"excerpt":{"rendered":"","protected":false},"featured_media":31772,"comment_status":"open","ping_status":"closed","template":"","meta":{"_et_pb_use_builder":"on","_et_pb_old_content":"Rose etrenelle rouge dans une box acrylic\r\n\r\nDimension de la Box h=10cm X L=8cm X l=8cm\r\n\r\nNous sommes actif, pour toute commande sur mesure, ou livraison programm\u00e9 n'h\u00e9sitez pas \u00e0 nous contacter.\r\n\r\n<strong>Livraison possible seulement sur la ville de Casablanca - Maroc\u00a0<\/strong>","_et_gb_content_width":"","jetpack_publicize_message":"","jetpack_publicize_feature_enabled":true,"jetpack_social_post_already_shared":true,"jetpack_social_options":{"image_generator_settings":{"template":"highway","default_image_id":0,"font":"","enabled":false},"version":2}},"product_brand":[],"product_cat":[37],"product_tag":[],"class_list":{"0":"post-31766","1":"product","2":"type-product","3":"status-publish","4":"has-post-thumbnail","6":"product_cat-roses","7":"product_shipping_class-casa","9":"first","10":"instock","11":"shipping-taxable","12":"purchasable","13":"product-type-simple"},"yoast_head":"<!-- This site is optimized with the Yoast SEO plugin v27.5 - https:\/\/yoast.com\/product\/yoast-seo-wordpress\/ -->\n<title>Rose eternelle - Livraison des fleurs au Maroc (Casablanca, Rabat, Tanger, Marrakech, Agadir, Essaouira ...) ....) &amp; International<\/title>\n<meta name=\"robots\" content=\"index, follow, max-snippet:-1, max-image-preview:large, max-video-preview:-1\" \/>\n<link rel=\"canonical\" href=\"https:\/\/floravea.com\/en\/fleurs\/roses\/rose-eternelle-2\/\" \/>\n<meta property=\"og:locale\" content=\"en_US\" \/>\n<meta property=\"og:type\" content=\"article\" \/>\n<meta property=\"og:title\" content=\"Rose eternelle - Livraison des fleurs au Maroc (Casablanca, Rabat, Tanger, Marrakech, Agadir, Essaouira ...) ....) &amp; International\" \/>\n<meta property=\"og:url\" content=\"https:\/\/floravea.com\/en\/fleurs\/roses\/rose-eternelle-2\/\" \/>\n<meta property=\"og:site_name\" content=\"Livraison des fleurs au Maroc (Casablanca, Rabat, Tanger, Marrakech, Agadir, Essaouira ...) ....) &amp; International\" \/>\n<meta property=\"article:publisher\" content=\"https:\/\/www.facebook.com\/Floraveacom-1660859444030311\/\" \/>\n<meta property=\"article:modified_time\" content=\"2023-10-16T12:05:51+00:00\" \/>\n<meta property=\"og:image\" content=\"https:\/\/floravea.com\/wp-content\/uploads\/2023\/10\/WhatsApp-Image-2023-10-09-at-18.14.29.jpeg\" \/>\n\t<meta property=\"og:image:width\" content=\"768\" \/>\n\t<meta property=\"og:image:height\" content=\"1024\" \/>\n\t<meta property=\"og:image:type\" content=\"image\/jpeg\" \/>\n<meta name=\"twitter:card\" content=\"summary_large_image\" \/>\n<meta name=\"twitter:label1\" content=\"Est. reading time\" \/>\n\t<meta name=\"twitter:data1\" content=\"1 minute\" \/>\n<script type=\"application\/ld+json\" class=\"yoast-schema-graph\">{\"@context\":\"https:\\\/\\\/schema.org\",\"@graph\":[{\"@type\":\"WebPage\",\"@id\":\"https:\\\/\\\/floravea.com\\\/fleurs\\\/roses\\\/rose-eternelle-2\\\/\",\"url\":\"https:\\\/\\\/floravea.com\\\/fleurs\\\/roses\\\/rose-eternelle-2\\\/\",\"name\":\"Rose eternelle - Livraison des fleurs au Maroc (Casablanca, Rabat, Tanger, Marrakech, Agadir, Essaouira ...) ....) &amp; International\",\"isPartOf\":{\"@id\":\"https:\\\/\\\/floravea.com\\\/#website\"},\"primaryImageOfPage\":{\"@id\":\"https:\\\/\\\/floravea.com\\\/fleurs\\\/roses\\\/rose-eternelle-2\\\/#primaryimage\"},\"image\":{\"@id\":\"https:\\\/\\\/floravea.com\\\/fleurs\\\/roses\\\/rose-eternelle-2\\\/#primaryimage\"},\"thumbnailUrl\":\"https:\\\/\\\/floravea.com\\\/wp-content\\\/uploads\\\/2023\\\/10\\\/WhatsApp-Image-2023-10-09-at-18.14.29.jpeg\",\"datePublished\":\"2023-10-09T12:04:14+00:00\",\"dateModified\":\"2023-10-16T12:05:51+00:00\",\"breadcrumb\":{\"@id\":\"https:\\\/\\\/floravea.com\\\/fleurs\\\/roses\\\/rose-eternelle-2\\\/#breadcrumb\"},\"inLanguage\":\"en-US\",\"potentialAction\":[{\"@type\":\"ReadAction\",\"target\":[\"https:\\\/\\\/floravea.com\\\/fleurs\\\/roses\\\/rose-eternelle-2\\\/\"]}]},{\"@type\":\"ImageObject\",\"inLanguage\":\"en-US\",\"@id\":\"https:\\\/\\\/floravea.com\\\/fleurs\\\/roses\\\/rose-eternelle-2\\\/#primaryimage\",\"url\":\"https:\\\/\\\/floravea.com\\\/wp-content\\\/uploads\\\/2023\\\/10\\\/WhatsApp-Image-2023-10-09-at-18.14.29.jpeg\",\"contentUrl\":\"https:\\\/\\\/floravea.com\\\/wp-content\\\/uploads\\\/2023\\\/10\\\/WhatsApp-Image-2023-10-09-at-18.14.29.jpeg\",\"width\":768,\"height\":1024},{\"@type\":\"BreadcrumbList\",\"@id\":\"https:\\\/\\\/floravea.com\\\/fleurs\\\/roses\\\/rose-eternelle-2\\\/#breadcrumb\",\"itemListElement\":[{\"@type\":\"ListItem\",\"position\":1,\"name\":\"Accueil\",\"item\":\"https:\\\/\\\/floravea.com\\\/\"},{\"@type\":\"ListItem\",\"position\":2,\"name\":\"TOUT LE CATALOGUE\",\"item\":\"https:\\\/\\\/floravea.com\\\/tout-le-catalogue\\\/\"},{\"@type\":\"ListItem\",\"position\":3,\"name\":\"Rose eternelle\"}]},{\"@type\":\"WebSite\",\"@id\":\"https:\\\/\\\/floravea.com\\\/#website\",\"url\":\"https:\\\/\\\/floravea.com\\\/\",\"name\":\"Livraison des fleurs au Maroc (Casablanca, Rabat, Tanger, Marrakech, Agadir, Essaouira ...) ....) &amp; International\",\"description\":\"Exprimer vos sentiments avec des fleurs\",\"potentialAction\":[{\"@type\":\"SearchAction\",\"target\":{\"@type\":\"EntryPoint\",\"urlTemplate\":\"https:\\\/\\\/floravea.com\\\/?s={search_term_string}\"},\"query-input\":{\"@type\":\"PropertyValueSpecification\",\"valueRequired\":true,\"valueName\":\"search_term_string\"}}],\"inLanguage\":\"en-US\"}]}<\/script>\n<!-- \/ Yoast SEO plugin. -->","yoast_head_json":{"title":"Rose eternelle - Livraison des fleurs au Maroc (Casablanca, Rabat, Tanger, Marrakech, Agadir, Essaouira ...) ....) &amp; International","robots":{"index":"index","follow":"follow","max-snippet":"max-snippet:-1","max-image-preview":"max-image-preview:large","max-video-preview":"max-video-preview:-1"},"canonical":"https:\/\/floravea.com\/en\/fleurs\/roses\/rose-eternelle-2\/","og_locale":"en_US","og_type":"article","og_title":"Rose eternelle - Livraison des fleurs au Maroc (Casablanca, Rabat, Tanger, Marrakech, Agadir, Essaouira ...) ....) &amp; International","og_url":"https:\/\/floravea.com\/en\/fleurs\/roses\/rose-eternelle-2\/","og_site_name":"Livraison des fleurs au Maroc (Casablanca, Rabat, Tanger, Marrakech, Agadir, Essaouira ...) ....) &amp; International","article_publisher":"https:\/\/www.facebook.com\/Floraveacom-1660859444030311\/","article_modified_time":"2023-10-16T12:05:51+00:00","og_image":[{"width":768,"height":1024,"url":"https:\/\/floravea.com\/wp-content\/uploads\/2023\/10\/WhatsApp-Image-2023-10-09-at-18.14.29.jpeg","type":"image\/jpeg"}],"twitter_card":"summary_large_image","twitter_misc":{"Est. reading time":"1 minute"},"schema":{"@context":"https:\/\/schema.org","@graph":[{"@type":"WebPage","@id":"https:\/\/floravea.com\/fleurs\/roses\/rose-eternelle-2\/","url":"https:\/\/floravea.com\/fleurs\/roses\/rose-eternelle-2\/","name":"Rose eternelle - Livraison des fleurs au Maroc (Casablanca, Rabat, Tanger, Marrakech, Agadir, Essaouira ...) ....) &amp; International","isPartOf":{"@id":"https:\/\/floravea.com\/#website"},"primaryImageOfPage":{"@id":"https:\/\/floravea.com\/fleurs\/roses\/rose-eternelle-2\/#primaryimage"},"image":{"@id":"https:\/\/floravea.com\/fleurs\/roses\/rose-eternelle-2\/#primaryimage"},"thumbnailUrl":"https:\/\/floravea.com\/wp-content\/uploads\/2023\/10\/WhatsApp-Image-2023-10-09-at-18.14.29.jpeg","datePublished":"2023-10-09T12:04:14+00:00","dateModified":"2023-10-16T12:05:51+00:00","breadcrumb":{"@id":"https:\/\/floravea.com\/fleurs\/roses\/rose-eternelle-2\/#breadcrumb"},"inLanguage":"en-US","potentialAction":[{"@type":"ReadAction","target":["https:\/\/floravea.com\/fleurs\/roses\/rose-eternelle-2\/"]}]},{"@type":"ImageObject","inLanguage":"en-US","@id":"https:\/\/floravea.com\/fleurs\/roses\/rose-eternelle-2\/#primaryimage","url":"https:\/\/floravea.com\/wp-content\/uploads\/2023\/10\/WhatsApp-Image-2023-10-09-at-18.14.29.jpeg","contentUrl":"https:\/\/floravea.com\/wp-content\/uploads\/2023\/10\/WhatsApp-Image-2023-10-09-at-18.14.29.jpeg","width":768,"height":1024},{"@type":"BreadcrumbList","@id":"https:\/\/floravea.com\/fleurs\/roses\/rose-eternelle-2\/#breadcrumb","itemListElement":[{"@type":"ListItem","position":1,"name":"Accueil","item":"https:\/\/floravea.com\/"},{"@type":"ListItem","position":2,"name":"TOUT LE CATALOGUE","item":"https:\/\/floravea.com\/tout-le-catalogue\/"},{"@type":"ListItem","position":3,"name":"Rose eternelle"}]},{"@type":"WebSite","@id":"https:\/\/floravea.com\/#website","url":"https:\/\/floravea.com\/","name":"Livraison des fleurs au Maroc (Casablanca, Rabat, Tanger, Marrakech, Agadir, Essaouira ...) ....) &amp; International","description":"Exprimer vos sentiments avec des fleurs","potentialAction":[{"@type":"SearchAction","target":{"@type":"EntryPoint","urlTemplate":"https:\/\/floravea.com\/?s={search_term_string}"},"query-input":{"@type":"PropertyValueSpecification","valueRequired":true,"valueName":"search_term_string"}}],"inLanguage":"en-US"}]}},"jetpack_publicize_connections":[],"jetpack_sharing_enabled":true,"_links":{"self":[{"href":"https:\/\/floravea.com\/en\/wp-json\/wp\/v2\/product\/31766","targetHints":{"allow":["GET"]}}],"collection":[{"href":"https:\/\/floravea.com\/en\/wp-json\/wp\/v2\/product"}],"about":[{"href":"https:\/\/floravea.com\/en\/wp-json\/wp\/v2\/types\/product"}],"replies":[{"embeddable":true,"href":"https:\/\/floravea.com\/en\/wp-json\/wp\/v2\/comments?post=31766"}],"wp:featuredmedia":[{"embeddable":true,"href":"https:\/\/floravea.com\/en\/wp-json\/wp\/v2\/media\/31772"}],"wp:attachment":[{"href":"https:\/\/floravea.com\/en\/wp-json\/wp\/v2\/media?parent=31766"}],"wp:term":[{"taxonomy":"product_brand","embeddable":true,"href":"https:\/\/floravea.com\/en\/wp-json\/wp\/v2\/product_brand?post=31766"},{"taxonomy":"product_cat","embeddable":true,"href":"https:\/\/floravea.com\/en\/wp-json\/wp\/v2\/product_cat?post=31766"},{"taxonomy":"product_tag","embeddable":true,"href":"https:\/\/floravea.com\/en\/wp-json\/wp\/v2\/product_tag?post=31766"}],"curies":[{"name":"wp","href":"https:\/\/api.w.org\/{rel}","templated":true}]}}