{"id":31165,"date":"2020-05-26T19:21:33","date_gmt":"2020-05-26T17:21:33","guid":{"rendered":"https:\/\/floravea.com\/?post_type=product&#038;p=31165"},"modified":"2023-10-05T14:55:45","modified_gmt":"2023-10-05T12:55:45","slug":"plante","status":"publish","type":"product","link":"https:\/\/floravea.com\/en\/fleurs\/roses\/plant\/","title":{"rendered":"Florist's plant"},"content":{"rendered":"<p>Indoor plant in a ceramic pot<\/p>\n<p>For any specific request, please contact us by e-mail at contact@floravea.com<\/p>","protected":false},"excerpt":{"rendered":"<p>Indoor plant in a ceramic pot<\/p>\n<p>(Plant chosen according to availability at the local florist)<\/p>\n<p>Delivery possible in Morocco : Casablanca<\/p>","protected":false},"featured_media":31170,"comment_status":"open","ping_status":"closed","template":"","meta":{"_et_pb_use_builder":"","_et_pb_old_content":"","_et_gb_content_width":"","jetpack_publicize_message":"","jetpack_publicize_feature_enabled":true,"jetpack_social_post_already_shared":true,"jetpack_social_options":{"image_generator_settings":{"template":"highway","default_image_id":0,"font":"","enabled":false},"version":2}},"product_brand":[],"product_cat":[37],"product_tag":[],"class_list":{"0":"post-31165","1":"product","2":"type-product","3":"status-publish","4":"has-post-thumbnail","6":"product_cat-roses","8":"first","9":"instock","10":"shipping-taxable","11":"purchasable","12":"product-type-variable"},"yoast_head":"<!-- This site is optimized with the Yoast SEO plugin v27.5 - https:\/\/yoast.com\/product\/yoast-seo-wordpress\/ -->\n<title>Plante verte - Livraison pante \u00e0 Casablanca | FLORAVEA.COM<\/title>\n<meta name=\"description\" content=\"Plante verte | Livraison d&#039;une belle plante d&#039;int\u00e9rieur pour embellir votre int\u00e9rieur ou l&#039;offrir \u00e0 vos proches | Livraison Casablanca\" \/>\n<meta name=\"robots\" content=\"index, follow, max-snippet:-1, max-image-preview:large, max-video-preview:-1\" \/>\n<link rel=\"canonical\" href=\"https:\/\/floravea.com\/en\/fleurs\/roses\/plante\/\" \/>\n<meta property=\"og:locale\" content=\"en_US\" \/>\n<meta property=\"og:type\" content=\"article\" \/>\n<meta property=\"og:title\" content=\"Plante verte - Livraison pante \u00e0 Casablanca | FLORAVEA.COM\" \/>\n<meta property=\"og:description\" content=\"Plante verte | Livraison d&#039;une belle plante d&#039;int\u00e9rieur pour embellir votre int\u00e9rieur ou l&#039;offrir \u00e0 vos proches | Livraison Casablanca\" \/>\n<meta property=\"og:url\" content=\"https:\/\/floravea.com\/en\/fleurs\/roses\/plante\/\" \/>\n<meta property=\"og:site_name\" content=\"Livraison des fleurs au Maroc (Casablanca, Rabat, Tanger, Marrakech, Agadir, Essaouira ...) ....) &amp; International\" \/>\n<meta property=\"article:publisher\" content=\"https:\/\/www.facebook.com\/Floraveacom-1660859444030311\/\" \/>\n<meta property=\"article:modified_time\" content=\"2023-10-05T12:55:45+00:00\" \/>\n<meta property=\"og:image\" content=\"https:\/\/floravea.com\/wp-content\/uploads\/2020\/05\/54CE72DC-44EE-406C-9318-34E47AD1FCE1.jpeg\" \/>\n\t<meta property=\"og:image:width\" content=\"626\" \/>\n\t<meta property=\"og:image:height\" content=\"417\" \/>\n\t<meta property=\"og:image:type\" content=\"image\/jpeg\" \/>\n<meta name=\"twitter:card\" content=\"summary_large_image\" \/>\n<meta name=\"twitter:label1\" content=\"Est. reading time\" \/>\n\t<meta name=\"twitter:data1\" content=\"1 minute\" \/>\n<script type=\"application\/ld+json\" class=\"yoast-schema-graph\">{\"@context\":\"https:\\\/\\\/schema.org\",\"@graph\":[{\"@type\":\"WebPage\",\"@id\":\"https:\\\/\\\/floravea.com\\\/fleurs\\\/roses\\\/plante\\\/\",\"url\":\"https:\\\/\\\/floravea.com\\\/fleurs\\\/roses\\\/plante\\\/\",\"name\":\"Plante verte - Livraison pante \u00e0 Casablanca | FLORAVEA.COM\",\"isPartOf\":{\"@id\":\"https:\\\/\\\/floravea.com\\\/#website\"},\"primaryImageOfPage\":{\"@id\":\"https:\\\/\\\/floravea.com\\\/fleurs\\\/roses\\\/plante\\\/#primaryimage\"},\"image\":{\"@id\":\"https:\\\/\\\/floravea.com\\\/fleurs\\\/roses\\\/plante\\\/#primaryimage\"},\"thumbnailUrl\":\"https:\\\/\\\/floravea.com\\\/wp-content\\\/uploads\\\/2020\\\/05\\\/54CE72DC-44EE-406C-9318-34E47AD1FCE1.jpeg\",\"datePublished\":\"2020-05-26T17:21:33+00:00\",\"dateModified\":\"2023-10-05T12:55:45+00:00\",\"description\":\"Plante verte | Livraison d'une belle plante d'int\u00e9rieur pour embellir votre int\u00e9rieur ou l'offrir \u00e0 vos proches | Livraison Casablanca\",\"breadcrumb\":{\"@id\":\"https:\\\/\\\/floravea.com\\\/fleurs\\\/roses\\\/plante\\\/#breadcrumb\"},\"inLanguage\":\"en-US\",\"potentialAction\":[{\"@type\":\"ReadAction\",\"target\":[\"https:\\\/\\\/floravea.com\\\/fleurs\\\/roses\\\/plante\\\/\"]}]},{\"@type\":\"ImageObject\",\"inLanguage\":\"en-US\",\"@id\":\"https:\\\/\\\/floravea.com\\\/fleurs\\\/roses\\\/plante\\\/#primaryimage\",\"url\":\"https:\\\/\\\/floravea.com\\\/wp-content\\\/uploads\\\/2020\\\/05\\\/54CE72DC-44EE-406C-9318-34E47AD1FCE1.jpeg\",\"contentUrl\":\"https:\\\/\\\/floravea.com\\\/wp-content\\\/uploads\\\/2020\\\/05\\\/54CE72DC-44EE-406C-9318-34E47AD1FCE1.jpeg\",\"width\":626,\"height\":417},{\"@type\":\"BreadcrumbList\",\"@id\":\"https:\\\/\\\/floravea.com\\\/fleurs\\\/roses\\\/plante\\\/#breadcrumb\",\"itemListElement\":[{\"@type\":\"ListItem\",\"position\":1,\"name\":\"Accueil\",\"item\":\"https:\\\/\\\/floravea.com\\\/\"},{\"@type\":\"ListItem\",\"position\":2,\"name\":\"TOUT LE CATALOGUE\",\"item\":\"https:\\\/\\\/floravea.com\\\/tout-le-catalogue\\\/\"},{\"@type\":\"ListItem\",\"position\":3,\"name\":\"Plante du fleuriste\"}]},{\"@type\":\"WebSite\",\"@id\":\"https:\\\/\\\/floravea.com\\\/#website\",\"url\":\"https:\\\/\\\/floravea.com\\\/\",\"name\":\"Livraison des fleurs au Maroc (Casablanca, Rabat, Tanger, Marrakech, Agadir, Essaouira ...) ....) &amp; International\",\"description\":\"Exprimer vos sentiments avec des fleurs\",\"potentialAction\":[{\"@type\":\"SearchAction\",\"target\":{\"@type\":\"EntryPoint\",\"urlTemplate\":\"https:\\\/\\\/floravea.com\\\/?s={search_term_string}\"},\"query-input\":{\"@type\":\"PropertyValueSpecification\",\"valueRequired\":true,\"valueName\":\"search_term_string\"}}],\"inLanguage\":\"en-US\"}]}<\/script>\n<!-- \/ Yoast SEO plugin. -->","yoast_head_json":{"title":"Plante verte - Livraison pante \u00e0 Casablanca | FLORAVEA.COM","description":"Plante verte | Livraison d'une belle plante d'int\u00e9rieur pour embellir votre int\u00e9rieur ou l'offrir \u00e0 vos proches | Livraison Casablanca","robots":{"index":"index","follow":"follow","max-snippet":"max-snippet:-1","max-image-preview":"max-image-preview:large","max-video-preview":"max-video-preview:-1"},"canonical":"https:\/\/floravea.com\/en\/fleurs\/roses\/plante\/","og_locale":"en_US","og_type":"article","og_title":"Plante verte - Livraison pante \u00e0 Casablanca | FLORAVEA.COM","og_description":"Plante verte | Livraison d'une belle plante d'int\u00e9rieur pour embellir votre int\u00e9rieur ou l'offrir \u00e0 vos proches | Livraison Casablanca","og_url":"https:\/\/floravea.com\/en\/fleurs\/roses\/plante\/","og_site_name":"Livraison des fleurs au Maroc (Casablanca, Rabat, Tanger, Marrakech, Agadir, Essaouira ...) ....) &amp; International","article_publisher":"https:\/\/www.facebook.com\/Floraveacom-1660859444030311\/","article_modified_time":"2023-10-05T12:55:45+00:00","og_image":[{"width":626,"height":417,"url":"https:\/\/floravea.com\/wp-content\/uploads\/2020\/05\/54CE72DC-44EE-406C-9318-34E47AD1FCE1.jpeg","type":"image\/jpeg"}],"twitter_card":"summary_large_image","twitter_misc":{"Est. reading time":"1 minute"},"schema":{"@context":"https:\/\/schema.org","@graph":[{"@type":"WebPage","@id":"https:\/\/floravea.com\/fleurs\/roses\/plante\/","url":"https:\/\/floravea.com\/fleurs\/roses\/plante\/","name":"Plante verte - Livraison pante \u00e0 Casablanca | FLORAVEA.COM","isPartOf":{"@id":"https:\/\/floravea.com\/#website"},"primaryImageOfPage":{"@id":"https:\/\/floravea.com\/fleurs\/roses\/plante\/#primaryimage"},"image":{"@id":"https:\/\/floravea.com\/fleurs\/roses\/plante\/#primaryimage"},"thumbnailUrl":"https:\/\/floravea.com\/wp-content\/uploads\/2020\/05\/54CE72DC-44EE-406C-9318-34E47AD1FCE1.jpeg","datePublished":"2020-05-26T17:21:33+00:00","dateModified":"2023-10-05T12:55:45+00:00","description":"Plante verte | Livraison d'une belle plante d'int\u00e9rieur pour embellir votre int\u00e9rieur ou l'offrir \u00e0 vos proches | Livraison Casablanca","breadcrumb":{"@id":"https:\/\/floravea.com\/fleurs\/roses\/plante\/#breadcrumb"},"inLanguage":"en-US","potentialAction":[{"@type":"ReadAction","target":["https:\/\/floravea.com\/fleurs\/roses\/plante\/"]}]},{"@type":"ImageObject","inLanguage":"en-US","@id":"https:\/\/floravea.com\/fleurs\/roses\/plante\/#primaryimage","url":"https:\/\/floravea.com\/wp-content\/uploads\/2020\/05\/54CE72DC-44EE-406C-9318-34E47AD1FCE1.jpeg","contentUrl":"https:\/\/floravea.com\/wp-content\/uploads\/2020\/05\/54CE72DC-44EE-406C-9318-34E47AD1FCE1.jpeg","width":626,"height":417},{"@type":"BreadcrumbList","@id":"https:\/\/floravea.com\/fleurs\/roses\/plante\/#breadcrumb","itemListElement":[{"@type":"ListItem","position":1,"name":"Accueil","item":"https:\/\/floravea.com\/"},{"@type":"ListItem","position":2,"name":"TOUT LE CATALOGUE","item":"https:\/\/floravea.com\/tout-le-catalogue\/"},{"@type":"ListItem","position":3,"name":"Plante du fleuriste"}]},{"@type":"WebSite","@id":"https:\/\/floravea.com\/#website","url":"https:\/\/floravea.com\/","name":"Livraison des fleurs au Maroc (Casablanca, Rabat, Tanger, Marrakech, Agadir, Essaouira ...) ....) &amp; International","description":"Exprimer vos sentiments avec des fleurs","potentialAction":[{"@type":"SearchAction","target":{"@type":"EntryPoint","urlTemplate":"https:\/\/floravea.com\/?s={search_term_string}"},"query-input":{"@type":"PropertyValueSpecification","valueRequired":true,"valueName":"search_term_string"}}],"inLanguage":"en-US"}]}},"jetpack_publicize_connections":[],"jetpack_sharing_enabled":true,"_links":{"self":[{"href":"https:\/\/floravea.com\/en\/wp-json\/wp\/v2\/product\/31165","targetHints":{"allow":["GET"]}}],"collection":[{"href":"https:\/\/floravea.com\/en\/wp-json\/wp\/v2\/product"}],"about":[{"href":"https:\/\/floravea.com\/en\/wp-json\/wp\/v2\/types\/product"}],"replies":[{"embeddable":true,"href":"https:\/\/floravea.com\/en\/wp-json\/wp\/v2\/comments?post=31165"}],"wp:featuredmedia":[{"embeddable":true,"href":"https:\/\/floravea.com\/en\/wp-json\/wp\/v2\/media\/31170"}],"wp:attachment":[{"href":"https:\/\/floravea.com\/en\/wp-json\/wp\/v2\/media?parent=31165"}],"wp:term":[{"taxonomy":"product_brand","embeddable":true,"href":"https:\/\/floravea.com\/en\/wp-json\/wp\/v2\/product_brand?post=31165"},{"taxonomy":"product_cat","embeddable":true,"href":"https:\/\/floravea.com\/en\/wp-json\/wp\/v2\/product_cat?post=31165"},{"taxonomy":"product_tag","embeddable":true,"href":"https:\/\/floravea.com\/en\/wp-json\/wp\/v2\/product_tag?post=31165"}],"curies":[{"name":"wp","href":"https:\/\/api.w.org\/{rel}","templated":true}]}}