{"id":30748,"date":"2019-04-22T18:15:08","date_gmt":"2019-04-22T16:15:08","guid":{"rendered":"https:\/\/floravea.com\/?post_type=product&#038;p=30748"},"modified":"2023-02-11T21:54:49","modified_gmt":"2023-02-11T20:54:49","slug":"ballon-helium-pour-anniversaire","status":"publish","type":"product","link":"https:\/\/floravea.com\/en\/fleurs\/roses\/birthday-balloon-helium\/","title":{"rendered":"Ballon h\u00e9lium pour anniversaire"},"content":{"rendered":"<p>Ballon avec h\u00e9lium pour anniversaire \u00ab\u00a0Happy Birthday\u00a0\u00bb<\/p>\n<p><em>The image is not contractual, the balloon design may be changed depending on availability at the local florist<\/em><\/p>","protected":false},"excerpt":{"rendered":"<p>Ballon avec h\u00e9lium pour anniversaire\u00a0 \u00ab\u00a0Happy Birthday\u00a0\u00bb\u00a0\u00d842 cm<\/p>\n<p><strong>Delivery only on the city of Casablanca - Morocco\u00a0<\/strong><\/p>\n<p>&nbsp;<\/p>","protected":false},"featured_media":30766,"comment_status":"open","ping_status":"closed","template":"","meta":{"_et_pb_use_builder":"","_et_pb_old_content":"","_et_gb_content_width":"","jetpack_post_was_ever_published":false,"jetpack_publicize_message":"","jetpack_publicize_feature_enabled":true,"jetpack_social_post_already_shared":true,"jetpack_social_options":{"image_generator_settings":{"template":"highway","default_image_id":0,"font":"","enabled":false},"version":2}},"product_brand":[],"product_cat":[37],"product_tag":[],"class_list":{"0":"post-30748","1":"product","2":"type-product","3":"status-publish","4":"has-post-thumbnail","6":"product_cat-roses","8":"first","9":"outofstock","10":"shipping-taxable","11":"purchasable","12":"product-type-simple"},"yoast_head":"<!-- This site is optimized with the Yoast SEO plugin v27.5 - https:\/\/yoast.com\/product\/yoast-seo-wordpress\/ -->\n<title>Ballon h\u00e9lium pour anniversaire - Livraison Casablanca | Floravea.com<\/title>\n<meta name=\"description\" content=\"Accompagner vos fleurs avec des ballons h\u00e9lium pour anniversaire - l&#039;originalit\u00e9 de votre souhait d&#039;anniversaire est marqu\u00e9e pour toujours\" \/>\n<meta name=\"robots\" content=\"index, follow, max-snippet:-1, max-image-preview:large, max-video-preview:-1\" \/>\n<link rel=\"canonical\" href=\"https:\/\/floravea.com\/en\/fleurs\/roses\/ballon-helium-pour-anniversaire\/\" \/>\n<meta property=\"og:locale\" content=\"en_US\" \/>\n<meta property=\"og:type\" content=\"article\" \/>\n<meta property=\"og:title\" content=\"Ballon h\u00e9lium pour anniversaire - Livraison Casablanca | Floravea.com\" \/>\n<meta property=\"og:description\" content=\"Accompagner vos fleurs avec des ballons h\u00e9lium pour anniversaire - l&#039;originalit\u00e9 de votre souhait d&#039;anniversaire est marqu\u00e9e pour toujours\" \/>\n<meta property=\"og:url\" content=\"https:\/\/floravea.com\/en\/fleurs\/roses\/ballon-helium-pour-anniversaire\/\" \/>\n<meta property=\"og:site_name\" content=\"Livraison des fleurs au Maroc (Casablanca, Rabat, Tanger, Marrakech, Agadir, Essaouira ...) ....) &amp; International\" \/>\n<meta property=\"article:publisher\" content=\"https:\/\/www.facebook.com\/Floraveacom-1660859444030311\/\" \/>\n<meta property=\"article:modified_time\" content=\"2023-02-11T20:54:49+00:00\" \/>\n<meta property=\"og:image\" content=\"https:\/\/floravea.com\/wp-content\/uploads\/2019\/04\/ballon-alu-happy-birthday.jpg\" \/>\n\t<meta property=\"og:image:width\" content=\"458\" \/>\n\t<meta property=\"og:image:height\" content=\"458\" \/>\n\t<meta property=\"og:image:type\" content=\"image\/jpeg\" \/>\n<meta name=\"twitter:card\" content=\"summary_large_image\" \/>\n<script type=\"application\/ld+json\" class=\"yoast-schema-graph\">{\"@context\":\"https:\\\/\\\/schema.org\",\"@graph\":[{\"@type\":\"WebPage\",\"@id\":\"https:\\\/\\\/floravea.com\\\/fleurs\\\/roses\\\/ballon-helium-pour-anniversaire\\\/\",\"url\":\"https:\\\/\\\/floravea.com\\\/fleurs\\\/roses\\\/ballon-helium-pour-anniversaire\\\/\",\"name\":\"Ballon h\u00e9lium pour anniversaire - Livraison Casablanca | Floravea.com\",\"isPartOf\":{\"@id\":\"https:\\\/\\\/floravea.com\\\/#website\"},\"primaryImageOfPage\":{\"@id\":\"https:\\\/\\\/floravea.com\\\/fleurs\\\/roses\\\/ballon-helium-pour-anniversaire\\\/#primaryimage\"},\"image\":{\"@id\":\"https:\\\/\\\/floravea.com\\\/fleurs\\\/roses\\\/ballon-helium-pour-anniversaire\\\/#primaryimage\"},\"thumbnailUrl\":\"https:\\\/\\\/floravea.com\\\/wp-content\\\/uploads\\\/2019\\\/04\\\/ballon-alu-happy-birthday.jpg\",\"datePublished\":\"2019-04-22T16:15:08+00:00\",\"dateModified\":\"2023-02-11T20:54:49+00:00\",\"description\":\"Accompagner vos fleurs avec des ballons h\u00e9lium pour anniversaire - l'originalit\u00e9 de votre souhait d'anniversaire est marqu\u00e9e pour toujours\",\"breadcrumb\":{\"@id\":\"https:\\\/\\\/floravea.com\\\/fleurs\\\/roses\\\/ballon-helium-pour-anniversaire\\\/#breadcrumb\"},\"inLanguage\":\"en-US\",\"potentialAction\":[{\"@type\":\"ReadAction\",\"target\":[\"https:\\\/\\\/floravea.com\\\/fleurs\\\/roses\\\/ballon-helium-pour-anniversaire\\\/\"]}]},{\"@type\":\"ImageObject\",\"inLanguage\":\"en-US\",\"@id\":\"https:\\\/\\\/floravea.com\\\/fleurs\\\/roses\\\/ballon-helium-pour-anniversaire\\\/#primaryimage\",\"url\":\"https:\\\/\\\/floravea.com\\\/wp-content\\\/uploads\\\/2019\\\/04\\\/ballon-alu-happy-birthday.jpg\",\"contentUrl\":\"https:\\\/\\\/floravea.com\\\/wp-content\\\/uploads\\\/2019\\\/04\\\/ballon-alu-happy-birthday.jpg\",\"width\":458,\"height\":458},{\"@type\":\"BreadcrumbList\",\"@id\":\"https:\\\/\\\/floravea.com\\\/fleurs\\\/roses\\\/ballon-helium-pour-anniversaire\\\/#breadcrumb\",\"itemListElement\":[{\"@type\":\"ListItem\",\"position\":1,\"name\":\"Accueil\",\"item\":\"https:\\\/\\\/floravea.com\\\/\"},{\"@type\":\"ListItem\",\"position\":2,\"name\":\"TOUT LE CATALOGUE\",\"item\":\"https:\\\/\\\/floravea.com\\\/tout-le-catalogue\\\/\"},{\"@type\":\"ListItem\",\"position\":3,\"name\":\"Ballon h\u00e9lium pour anniversaire\"}]},{\"@type\":\"WebSite\",\"@id\":\"https:\\\/\\\/floravea.com\\\/#website\",\"url\":\"https:\\\/\\\/floravea.com\\\/\",\"name\":\"Livraison des fleurs au Maroc (Casablanca, Rabat, Tanger, Marrakech, Agadir, Essaouira ...) ....) &amp; International\",\"description\":\"Exprimer vos sentiments avec des fleurs\",\"potentialAction\":[{\"@type\":\"SearchAction\",\"target\":{\"@type\":\"EntryPoint\",\"urlTemplate\":\"https:\\\/\\\/floravea.com\\\/?s={search_term_string}\"},\"query-input\":{\"@type\":\"PropertyValueSpecification\",\"valueRequired\":true,\"valueName\":\"search_term_string\"}}],\"inLanguage\":\"en-US\"}]}<\/script>\n<!-- \/ Yoast SEO plugin. -->","yoast_head_json":{"title":"Ballon h\u00e9lium pour anniversaire - Livraison Casablanca | Floravea.com","description":"Accompagner vos fleurs avec des ballons h\u00e9lium pour anniversaire - l'originalit\u00e9 de votre souhait d'anniversaire est marqu\u00e9e pour toujours","robots":{"index":"index","follow":"follow","max-snippet":"max-snippet:-1","max-image-preview":"max-image-preview:large","max-video-preview":"max-video-preview:-1"},"canonical":"https:\/\/floravea.com\/en\/fleurs\/roses\/ballon-helium-pour-anniversaire\/","og_locale":"en_US","og_type":"article","og_title":"Ballon h\u00e9lium pour anniversaire - Livraison Casablanca | Floravea.com","og_description":"Accompagner vos fleurs avec des ballons h\u00e9lium pour anniversaire - l'originalit\u00e9 de votre souhait d'anniversaire est marqu\u00e9e pour toujours","og_url":"https:\/\/floravea.com\/en\/fleurs\/roses\/ballon-helium-pour-anniversaire\/","og_site_name":"Livraison des fleurs au Maroc (Casablanca, Rabat, Tanger, Marrakech, Agadir, Essaouira ...) ....) &amp; International","article_publisher":"https:\/\/www.facebook.com\/Floraveacom-1660859444030311\/","article_modified_time":"2023-02-11T20:54:49+00:00","og_image":[{"width":458,"height":458,"url":"https:\/\/floravea.com\/wp-content\/uploads\/2019\/04\/ballon-alu-happy-birthday.jpg","type":"image\/jpeg"}],"twitter_card":"summary_large_image","schema":{"@context":"https:\/\/schema.org","@graph":[{"@type":"WebPage","@id":"https:\/\/floravea.com\/fleurs\/roses\/ballon-helium-pour-anniversaire\/","url":"https:\/\/floravea.com\/fleurs\/roses\/ballon-helium-pour-anniversaire\/","name":"Ballon h\u00e9lium pour anniversaire - Livraison Casablanca | Floravea.com","isPartOf":{"@id":"https:\/\/floravea.com\/#website"},"primaryImageOfPage":{"@id":"https:\/\/floravea.com\/fleurs\/roses\/ballon-helium-pour-anniversaire\/#primaryimage"},"image":{"@id":"https:\/\/floravea.com\/fleurs\/roses\/ballon-helium-pour-anniversaire\/#primaryimage"},"thumbnailUrl":"https:\/\/floravea.com\/wp-content\/uploads\/2019\/04\/ballon-alu-happy-birthday.jpg","datePublished":"2019-04-22T16:15:08+00:00","dateModified":"2023-02-11T20:54:49+00:00","description":"Accompagner vos fleurs avec des ballons h\u00e9lium pour anniversaire - l'originalit\u00e9 de votre souhait d'anniversaire est marqu\u00e9e pour toujours","breadcrumb":{"@id":"https:\/\/floravea.com\/fleurs\/roses\/ballon-helium-pour-anniversaire\/#breadcrumb"},"inLanguage":"en-US","potentialAction":[{"@type":"ReadAction","target":["https:\/\/floravea.com\/fleurs\/roses\/ballon-helium-pour-anniversaire\/"]}]},{"@type":"ImageObject","inLanguage":"en-US","@id":"https:\/\/floravea.com\/fleurs\/roses\/ballon-helium-pour-anniversaire\/#primaryimage","url":"https:\/\/floravea.com\/wp-content\/uploads\/2019\/04\/ballon-alu-happy-birthday.jpg","contentUrl":"https:\/\/floravea.com\/wp-content\/uploads\/2019\/04\/ballon-alu-happy-birthday.jpg","width":458,"height":458},{"@type":"BreadcrumbList","@id":"https:\/\/floravea.com\/fleurs\/roses\/ballon-helium-pour-anniversaire\/#breadcrumb","itemListElement":[{"@type":"ListItem","position":1,"name":"Accueil","item":"https:\/\/floravea.com\/"},{"@type":"ListItem","position":2,"name":"TOUT LE CATALOGUE","item":"https:\/\/floravea.com\/tout-le-catalogue\/"},{"@type":"ListItem","position":3,"name":"Ballon h\u00e9lium pour anniversaire"}]},{"@type":"WebSite","@id":"https:\/\/floravea.com\/#website","url":"https:\/\/floravea.com\/","name":"Livraison des fleurs au Maroc (Casablanca, Rabat, Tanger, Marrakech, Agadir, Essaouira ...) ....) &amp; International","description":"Exprimer vos sentiments avec des fleurs","potentialAction":[{"@type":"SearchAction","target":{"@type":"EntryPoint","urlTemplate":"https:\/\/floravea.com\/?s={search_term_string}"},"query-input":{"@type":"PropertyValueSpecification","valueRequired":true,"valueName":"search_term_string"}}],"inLanguage":"en-US"}]}},"jetpack_publicize_connections":[],"jetpack_sharing_enabled":true,"_links":{"self":[{"href":"https:\/\/floravea.com\/en\/wp-json\/wp\/v2\/product\/30748","targetHints":{"allow":["GET"]}}],"collection":[{"href":"https:\/\/floravea.com\/en\/wp-json\/wp\/v2\/product"}],"about":[{"href":"https:\/\/floravea.com\/en\/wp-json\/wp\/v2\/types\/product"}],"replies":[{"embeddable":true,"href":"https:\/\/floravea.com\/en\/wp-json\/wp\/v2\/comments?post=30748"}],"wp:featuredmedia":[{"embeddable":true,"href":"https:\/\/floravea.com\/en\/wp-json\/wp\/v2\/media\/30766"}],"wp:attachment":[{"href":"https:\/\/floravea.com\/en\/wp-json\/wp\/v2\/media?parent=30748"}],"wp:term":[{"taxonomy":"product_brand","embeddable":true,"href":"https:\/\/floravea.com\/en\/wp-json\/wp\/v2\/product_brand?post=30748"},{"taxonomy":"product_cat","embeddable":true,"href":"https:\/\/floravea.com\/en\/wp-json\/wp\/v2\/product_cat?post=30748"},{"taxonomy":"product_tag","embeddable":true,"href":"https:\/\/floravea.com\/en\/wp-json\/wp\/v2\/product_tag?post=30748"}],"curies":[{"name":"wp","href":"https:\/\/api.w.org\/{rel}","templated":true}]}}