{"id":30628,"date":"2019-01-19T23:05:13","date_gmt":"2019-01-19T22:05:13","guid":{"rendered":"https:\/\/floravea.com\/?post_type=product&#038;p=30628"},"modified":"2023-02-11T21:54:47","modified_gmt":"2023-02-11T20:54:47","slug":"ornement-epi-de-ble","status":"publish","type":"product","link":"https:\/\/floravea.com\/en\/fleurs\/roses\/ornement-epi-de-ble\/","title":{"rendered":"Ear of Wheat Ornament"},"content":{"rendered":"<p>Available in different colours: Natural \/ Gold \/ Silver<\/p>\n<p>Height: 5 cm<\/p>\n<p>On sale from 50 units Pack<\/p>\n<p>&nbsp;<\/p>\n<p>&nbsp;<\/p>","protected":false},"excerpt":{"rendered":"<p>Existe en diff\u00e9rentes couleurs : Naturel \/ Dor\u00e9 \/ Argent\u00e9 Hauteur : 5 cm En vente \u00e0 partir de 50 unit\u00e9s Pack &nbsp; &nbsp;<\/p>","protected":false},"featured_media":30629,"comment_status":"open","ping_status":"closed","template":"","meta":{"_et_pb_use_builder":"","_et_pb_old_content":"","_et_gb_content_width":"","jetpack_publicize_message":"","jetpack_publicize_feature_enabled":true,"jetpack_social_post_already_shared":true,"jetpack_social_options":{"image_generator_settings":{"template":"highway","default_image_id":0,"font":"","enabled":false},"version":2}},"product_brand":[],"product_cat":[37],"product_tag":[],"class_list":{"0":"post-30628","1":"product","2":"type-product","3":"status-publish","4":"has-post-thumbnail","6":"product_cat-roses","8":"first","9":"instock","10":"shipping-taxable","11":"purchasable","12":"product-type-variable"},"yoast_head":"<!-- This site is optimized with the Yoast SEO plugin v27.5 - https:\/\/yoast.com\/product\/yoast-seo-wordpress\/ -->\n<title>Ornement \u00c9pi de Bl\u00e9 - Livraison des fleurs au Maroc (Casablanca, Rabat, Tanger, Marrakech, Agadir, Essaouira ...) ....) &amp; International<\/title>\n<meta name=\"robots\" content=\"index, follow, max-snippet:-1, max-image-preview:large, max-video-preview:-1\" \/>\n<link rel=\"canonical\" href=\"https:\/\/floravea.com\/en\/fleurs\/roses\/ornement-epi-de-ble\/\" \/>\n<meta property=\"og:locale\" content=\"en_US\" \/>\n<meta property=\"og:type\" content=\"article\" \/>\n<meta property=\"og:title\" content=\"Ornement \u00c9pi de Bl\u00e9 - Livraison des fleurs au Maroc (Casablanca, Rabat, Tanger, Marrakech, Agadir, Essaouira ...) ....) &amp; International\" \/>\n<meta property=\"og:description\" content=\"Existe en diff\u00e9rentes couleurs : Naturel \/ Dor\u00e9 \/ Argent\u00e9 Hauteur : 5 cm En vente \u00e0 partir de 50 unit\u00e9s Pack &nbsp; &nbsp;\" \/>\n<meta property=\"og:url\" content=\"https:\/\/floravea.com\/en\/fleurs\/roses\/ornement-epi-de-ble\/\" \/>\n<meta property=\"og:site_name\" content=\"Livraison des fleurs au Maroc (Casablanca, Rabat, Tanger, Marrakech, Agadir, Essaouira ...) ....) &amp; International\" \/>\n<meta property=\"article:publisher\" content=\"https:\/\/www.facebook.com\/Floraveacom-1660859444030311\/\" \/>\n<meta property=\"article:modified_time\" content=\"2023-02-11T20:54:47+00:00\" \/>\n<meta property=\"og:image\" content=\"https:\/\/floravea.com\/wp-content\/uploads\/2019\/01\/adorno-espigas.jpg\" \/>\n\t<meta property=\"og:image:width\" content=\"250\" \/>\n\t<meta property=\"og:image:height\" content=\"250\" \/>\n\t<meta property=\"og:image:type\" content=\"image\/jpeg\" \/>\n<meta name=\"twitter:card\" content=\"summary_large_image\" \/>\n<script type=\"application\/ld+json\" class=\"yoast-schema-graph\">{\"@context\":\"https:\\\/\\\/schema.org\",\"@graph\":[{\"@type\":\"WebPage\",\"@id\":\"https:\\\/\\\/floravea.com\\\/fleurs\\\/roses\\\/ornement-epi-de-ble\\\/\",\"url\":\"https:\\\/\\\/floravea.com\\\/fleurs\\\/roses\\\/ornement-epi-de-ble\\\/\",\"name\":\"Ornement \u00c9pi de Bl\u00e9 - Livraison des fleurs au Maroc (Casablanca, Rabat, Tanger, Marrakech, Agadir, Essaouira ...) ....) &amp; International\",\"isPartOf\":{\"@id\":\"https:\\\/\\\/floravea.com\\\/#website\"},\"primaryImageOfPage\":{\"@id\":\"https:\\\/\\\/floravea.com\\\/fleurs\\\/roses\\\/ornement-epi-de-ble\\\/#primaryimage\"},\"image\":{\"@id\":\"https:\\\/\\\/floravea.com\\\/fleurs\\\/roses\\\/ornement-epi-de-ble\\\/#primaryimage\"},\"thumbnailUrl\":\"https:\\\/\\\/floravea.com\\\/wp-content\\\/uploads\\\/2019\\\/01\\\/adorno-espigas.jpg\",\"datePublished\":\"2019-01-19T22:05:13+00:00\",\"dateModified\":\"2023-02-11T20:54:47+00:00\",\"breadcrumb\":{\"@id\":\"https:\\\/\\\/floravea.com\\\/fleurs\\\/roses\\\/ornement-epi-de-ble\\\/#breadcrumb\"},\"inLanguage\":\"en-US\",\"potentialAction\":[{\"@type\":\"ReadAction\",\"target\":[\"https:\\\/\\\/floravea.com\\\/fleurs\\\/roses\\\/ornement-epi-de-ble\\\/\"]}]},{\"@type\":\"ImageObject\",\"inLanguage\":\"en-US\",\"@id\":\"https:\\\/\\\/floravea.com\\\/fleurs\\\/roses\\\/ornement-epi-de-ble\\\/#primaryimage\",\"url\":\"https:\\\/\\\/floravea.com\\\/wp-content\\\/uploads\\\/2019\\\/01\\\/adorno-espigas.jpg\",\"contentUrl\":\"https:\\\/\\\/floravea.com\\\/wp-content\\\/uploads\\\/2019\\\/01\\\/adorno-espigas.jpg\",\"width\":250,\"height\":250},{\"@type\":\"BreadcrumbList\",\"@id\":\"https:\\\/\\\/floravea.com\\\/fleurs\\\/roses\\\/ornement-epi-de-ble\\\/#breadcrumb\",\"itemListElement\":[{\"@type\":\"ListItem\",\"position\":1,\"name\":\"Accueil\",\"item\":\"https:\\\/\\\/floravea.com\\\/\"},{\"@type\":\"ListItem\",\"position\":2,\"name\":\"TOUT LE CATALOGUE\",\"item\":\"https:\\\/\\\/floravea.com\\\/tout-le-catalogue\\\/\"},{\"@type\":\"ListItem\",\"position\":3,\"name\":\"Ornement \u00c9pi de Bl\u00e9\"}]},{\"@type\":\"WebSite\",\"@id\":\"https:\\\/\\\/floravea.com\\\/#website\",\"url\":\"https:\\\/\\\/floravea.com\\\/\",\"name\":\"Livraison des fleurs au Maroc (Casablanca, Rabat, Tanger, Marrakech, Agadir, Essaouira ...) ....) &amp; International\",\"description\":\"Exprimer vos sentiments avec des fleurs\",\"potentialAction\":[{\"@type\":\"SearchAction\",\"target\":{\"@type\":\"EntryPoint\",\"urlTemplate\":\"https:\\\/\\\/floravea.com\\\/?s={search_term_string}\"},\"query-input\":{\"@type\":\"PropertyValueSpecification\",\"valueRequired\":true,\"valueName\":\"search_term_string\"}}],\"inLanguage\":\"en-US\"}]}<\/script>\n<!-- \/ Yoast SEO plugin. -->","yoast_head_json":{"title":"Ornement \u00c9pi de Bl\u00e9 - Livraison des fleurs au Maroc (Casablanca, Rabat, Tanger, Marrakech, Agadir, Essaouira ...) ....) &amp; International","robots":{"index":"index","follow":"follow","max-snippet":"max-snippet:-1","max-image-preview":"max-image-preview:large","max-video-preview":"max-video-preview:-1"},"canonical":"https:\/\/floravea.com\/en\/fleurs\/roses\/ornement-epi-de-ble\/","og_locale":"en_US","og_type":"article","og_title":"Ornement \u00c9pi de Bl\u00e9 - Livraison des fleurs au Maroc (Casablanca, Rabat, Tanger, Marrakech, Agadir, Essaouira ...) ....) &amp; International","og_description":"Existe en diff\u00e9rentes couleurs : Naturel \/ Dor\u00e9 \/ Argent\u00e9 Hauteur : 5 cm En vente \u00e0 partir de 50 unit\u00e9s Pack &nbsp; &nbsp;","og_url":"https:\/\/floravea.com\/en\/fleurs\/roses\/ornement-epi-de-ble\/","og_site_name":"Livraison des fleurs au Maroc (Casablanca, Rabat, Tanger, Marrakech, Agadir, Essaouira ...) ....) &amp; International","article_publisher":"https:\/\/www.facebook.com\/Floraveacom-1660859444030311\/","article_modified_time":"2023-02-11T20:54:47+00:00","og_image":[{"width":250,"height":250,"url":"https:\/\/floravea.com\/wp-content\/uploads\/2019\/01\/adorno-espigas.jpg","type":"image\/jpeg"}],"twitter_card":"summary_large_image","schema":{"@context":"https:\/\/schema.org","@graph":[{"@type":"WebPage","@id":"https:\/\/floravea.com\/fleurs\/roses\/ornement-epi-de-ble\/","url":"https:\/\/floravea.com\/fleurs\/roses\/ornement-epi-de-ble\/","name":"Ornement \u00c9pi de Bl\u00e9 - Livraison des fleurs au Maroc (Casablanca, Rabat, Tanger, Marrakech, Agadir, Essaouira ...) ....) &amp; International","isPartOf":{"@id":"https:\/\/floravea.com\/#website"},"primaryImageOfPage":{"@id":"https:\/\/floravea.com\/fleurs\/roses\/ornement-epi-de-ble\/#primaryimage"},"image":{"@id":"https:\/\/floravea.com\/fleurs\/roses\/ornement-epi-de-ble\/#primaryimage"},"thumbnailUrl":"https:\/\/floravea.com\/wp-content\/uploads\/2019\/01\/adorno-espigas.jpg","datePublished":"2019-01-19T22:05:13+00:00","dateModified":"2023-02-11T20:54:47+00:00","breadcrumb":{"@id":"https:\/\/floravea.com\/fleurs\/roses\/ornement-epi-de-ble\/#breadcrumb"},"inLanguage":"en-US","potentialAction":[{"@type":"ReadAction","target":["https:\/\/floravea.com\/fleurs\/roses\/ornement-epi-de-ble\/"]}]},{"@type":"ImageObject","inLanguage":"en-US","@id":"https:\/\/floravea.com\/fleurs\/roses\/ornement-epi-de-ble\/#primaryimage","url":"https:\/\/floravea.com\/wp-content\/uploads\/2019\/01\/adorno-espigas.jpg","contentUrl":"https:\/\/floravea.com\/wp-content\/uploads\/2019\/01\/adorno-espigas.jpg","width":250,"height":250},{"@type":"BreadcrumbList","@id":"https:\/\/floravea.com\/fleurs\/roses\/ornement-epi-de-ble\/#breadcrumb","itemListElement":[{"@type":"ListItem","position":1,"name":"Accueil","item":"https:\/\/floravea.com\/"},{"@type":"ListItem","position":2,"name":"TOUT LE CATALOGUE","item":"https:\/\/floravea.com\/tout-le-catalogue\/"},{"@type":"ListItem","position":3,"name":"Ornement \u00c9pi de Bl\u00e9"}]},{"@type":"WebSite","@id":"https:\/\/floravea.com\/#website","url":"https:\/\/floravea.com\/","name":"Livraison des fleurs au Maroc (Casablanca, Rabat, Tanger, Marrakech, Agadir, Essaouira ...) ....) &amp; International","description":"Exprimer vos sentiments avec des fleurs","potentialAction":[{"@type":"SearchAction","target":{"@type":"EntryPoint","urlTemplate":"https:\/\/floravea.com\/?s={search_term_string}"},"query-input":{"@type":"PropertyValueSpecification","valueRequired":true,"valueName":"search_term_string"}}],"inLanguage":"en-US"}]}},"jetpack_publicize_connections":[],"jetpack_sharing_enabled":false,"_links":{"self":[{"href":"https:\/\/floravea.com\/en\/wp-json\/wp\/v2\/product\/30628","targetHints":{"allow":["GET"]}}],"collection":[{"href":"https:\/\/floravea.com\/en\/wp-json\/wp\/v2\/product"}],"about":[{"href":"https:\/\/floravea.com\/en\/wp-json\/wp\/v2\/types\/product"}],"replies":[{"embeddable":true,"href":"https:\/\/floravea.com\/en\/wp-json\/wp\/v2\/comments?post=30628"}],"wp:featuredmedia":[{"embeddable":true,"href":"https:\/\/floravea.com\/en\/wp-json\/wp\/v2\/media\/30629"}],"wp:attachment":[{"href":"https:\/\/floravea.com\/en\/wp-json\/wp\/v2\/media?parent=30628"}],"wp:term":[{"taxonomy":"product_brand","embeddable":true,"href":"https:\/\/floravea.com\/en\/wp-json\/wp\/v2\/product_brand?post=30628"},{"taxonomy":"product_cat","embeddable":true,"href":"https:\/\/floravea.com\/en\/wp-json\/wp\/v2\/product_cat?post=30628"},{"taxonomy":"product_tag","embeddable":true,"href":"https:\/\/floravea.com\/en\/wp-json\/wp\/v2\/product_tag?post=30628"}],"curies":[{"name":"wp","href":"https:\/\/api.w.org\/{rel}","templated":true}]}}