{"id":30550,"date":"2018-11-07T09:22:58","date_gmt":"2018-11-07T08:22:58","guid":{"rendered":"https:\/\/floravea.com\/?post_type=product&#038;p=30550"},"modified":"2023-02-11T21:54:45","modified_gmt":"2023-02-11T20:54:45","slug":"bonsai","status":"publish","type":"product","link":"https:\/\/floravea.com\/en\/fleurs\/roses\/bonsai\/","title":{"rendered":"Bonsa\u00ef"},"content":{"rendered":"<p>Bonsai will be delivered in a ceramic pot<\/p>","protected":false},"excerpt":{"rendered":"<p>Bonsai in a ceramic pot<\/p>\n<p>Delivery only possible in Morocco: Casablanca, Rabat, Sal\u00e9, Temara, Skhirate<\/p>","protected":false},"featured_media":30552,"comment_status":"open","ping_status":"closed","template":"","meta":{"_et_pb_use_builder":"","_et_pb_old_content":"","_et_gb_content_width":"","jetpack_post_was_ever_published":false,"jetpack_publicize_message":"","jetpack_publicize_feature_enabled":true,"jetpack_social_post_already_shared":true,"jetpack_social_options":{"image_generator_settings":{"template":"highway","default_image_id":0,"font":"","enabled":false},"version":2}},"product_brand":[],"product_cat":[37],"product_tag":[],"class_list":{"0":"post-30550","1":"product","2":"type-product","3":"status-publish","4":"has-post-thumbnail","6":"product_cat-roses","8":"first","9":"instock","10":"shipping-taxable","11":"purchasable","12":"product-type-simple"},"yoast_head":"<!-- This site is optimized with the Yoast SEO plugin v27.5 - https:\/\/yoast.com\/product\/yoast-seo-wordpress\/ -->\n<title>Bonsa\u00cf - Livraison plante Casablanca | Floravea.com<\/title>\n<meta name=\"description\" content=\"Bonsa\u00cf une plante japonaise livraison \u00e0 Casablanca pour embellir votre int\u00e9rieur ou l&#039;un de vos proches\" \/>\n<meta name=\"robots\" content=\"index, follow, max-snippet:-1, max-image-preview:large, max-video-preview:-1\" \/>\n<link rel=\"canonical\" href=\"https:\/\/floravea.com\/en\/fleurs\/roses\/bonsai\/\" \/>\n<meta property=\"og:locale\" content=\"en_US\" \/>\n<meta property=\"og:type\" content=\"article\" \/>\n<meta property=\"og:title\" content=\"Bonsa\u00cf - Livraison plante Casablanca | Floravea.com\" \/>\n<meta property=\"og:description\" content=\"Bonsa\u00cf une plante japonaise livraison \u00e0 Casablanca pour embellir votre int\u00e9rieur ou l&#039;un de vos proches\" \/>\n<meta property=\"og:url\" content=\"https:\/\/floravea.com\/en\/fleurs\/roses\/bonsai\/\" \/>\n<meta property=\"og:site_name\" content=\"Livraison des fleurs au Maroc (Casablanca, Rabat, Tanger, Marrakech, Agadir, Essaouira ...) ....) &amp; International\" \/>\n<meta property=\"article:publisher\" content=\"https:\/\/www.facebook.com\/Floraveacom-1660859444030311\/\" \/>\n<meta property=\"article:modified_time\" content=\"2023-02-11T20:54:45+00:00\" \/>\n<meta property=\"og:image\" content=\"https:\/\/floravea.com\/wp-content\/uploads\/2018\/11\/images-Copie.jpg\" \/>\n\t<meta property=\"og:image:width\" content=\"225\" \/>\n\t<meta property=\"og:image:height\" content=\"225\" \/>\n\t<meta property=\"og:image:type\" content=\"image\/jpeg\" \/>\n<meta name=\"twitter:card\" content=\"summary_large_image\" \/>\n<script type=\"application\/ld+json\" class=\"yoast-schema-graph\">{\"@context\":\"https:\\\/\\\/schema.org\",\"@graph\":[{\"@type\":\"WebPage\",\"@id\":\"https:\\\/\\\/floravea.com\\\/fleurs\\\/roses\\\/bonsai\\\/\",\"url\":\"https:\\\/\\\/floravea.com\\\/fleurs\\\/roses\\\/bonsai\\\/\",\"name\":\"Bonsa\u00cf - Livraison plante Casablanca | Floravea.com\",\"isPartOf\":{\"@id\":\"https:\\\/\\\/floravea.com\\\/#website\"},\"primaryImageOfPage\":{\"@id\":\"https:\\\/\\\/floravea.com\\\/fleurs\\\/roses\\\/bonsai\\\/#primaryimage\"},\"image\":{\"@id\":\"https:\\\/\\\/floravea.com\\\/fleurs\\\/roses\\\/bonsai\\\/#primaryimage\"},\"thumbnailUrl\":\"https:\\\/\\\/floravea.com\\\/wp-content\\\/uploads\\\/2018\\\/11\\\/images-Copie.jpg\",\"datePublished\":\"2018-11-07T08:22:58+00:00\",\"dateModified\":\"2023-02-11T20:54:45+00:00\",\"description\":\"Bonsa\u00cf une plante japonaise livraison \u00e0 Casablanca pour embellir votre int\u00e9rieur ou l'un de vos proches\",\"breadcrumb\":{\"@id\":\"https:\\\/\\\/floravea.com\\\/fleurs\\\/roses\\\/bonsai\\\/#breadcrumb\"},\"inLanguage\":\"en-US\",\"potentialAction\":[{\"@type\":\"ReadAction\",\"target\":[\"https:\\\/\\\/floravea.com\\\/fleurs\\\/roses\\\/bonsai\\\/\"]}]},{\"@type\":\"ImageObject\",\"inLanguage\":\"en-US\",\"@id\":\"https:\\\/\\\/floravea.com\\\/fleurs\\\/roses\\\/bonsai\\\/#primaryimage\",\"url\":\"https:\\\/\\\/floravea.com\\\/wp-content\\\/uploads\\\/2018\\\/11\\\/images-Copie.jpg\",\"contentUrl\":\"https:\\\/\\\/floravea.com\\\/wp-content\\\/uploads\\\/2018\\\/11\\\/images-Copie.jpg\",\"width\":225,\"height\":225,\"caption\":\"bonsai dans un pott\"},{\"@type\":\"BreadcrumbList\",\"@id\":\"https:\\\/\\\/floravea.com\\\/fleurs\\\/roses\\\/bonsai\\\/#breadcrumb\",\"itemListElement\":[{\"@type\":\"ListItem\",\"position\":1,\"name\":\"Accueil\",\"item\":\"https:\\\/\\\/floravea.com\\\/\"},{\"@type\":\"ListItem\",\"position\":2,\"name\":\"TOUT LE CATALOGUE\",\"item\":\"https:\\\/\\\/floravea.com\\\/tout-le-catalogue\\\/\"},{\"@type\":\"ListItem\",\"position\":3,\"name\":\"Bonsa\u00ef\"}]},{\"@type\":\"WebSite\",\"@id\":\"https:\\\/\\\/floravea.com\\\/#website\",\"url\":\"https:\\\/\\\/floravea.com\\\/\",\"name\":\"Livraison des fleurs au Maroc (Casablanca, Rabat, Tanger, Marrakech, Agadir, Essaouira ...) ....) &amp; International\",\"description\":\"Exprimer vos sentiments avec des fleurs\",\"potentialAction\":[{\"@type\":\"SearchAction\",\"target\":{\"@type\":\"EntryPoint\",\"urlTemplate\":\"https:\\\/\\\/floravea.com\\\/?s={search_term_string}\"},\"query-input\":{\"@type\":\"PropertyValueSpecification\",\"valueRequired\":true,\"valueName\":\"search_term_string\"}}],\"inLanguage\":\"en-US\"}]}<\/script>\n<!-- \/ Yoast SEO plugin. -->","yoast_head_json":{"title":"Bonsa\u00cf - Livraison plante Casablanca | Floravea.com","description":"Bonsa\u00cf une plante japonaise livraison \u00e0 Casablanca pour embellir votre int\u00e9rieur ou l'un de vos proches","robots":{"index":"index","follow":"follow","max-snippet":"max-snippet:-1","max-image-preview":"max-image-preview:large","max-video-preview":"max-video-preview:-1"},"canonical":"https:\/\/floravea.com\/en\/fleurs\/roses\/bonsai\/","og_locale":"en_US","og_type":"article","og_title":"Bonsa\u00cf - Livraison plante Casablanca | Floravea.com","og_description":"Bonsa\u00cf une plante japonaise livraison \u00e0 Casablanca pour embellir votre int\u00e9rieur ou l'un de vos proches","og_url":"https:\/\/floravea.com\/en\/fleurs\/roses\/bonsai\/","og_site_name":"Livraison des fleurs au Maroc (Casablanca, Rabat, Tanger, Marrakech, Agadir, Essaouira ...) ....) &amp; International","article_publisher":"https:\/\/www.facebook.com\/Floraveacom-1660859444030311\/","article_modified_time":"2023-02-11T20:54:45+00:00","og_image":[{"width":225,"height":225,"url":"https:\/\/floravea.com\/wp-content\/uploads\/2018\/11\/images-Copie.jpg","type":"image\/jpeg"}],"twitter_card":"summary_large_image","schema":{"@context":"https:\/\/schema.org","@graph":[{"@type":"WebPage","@id":"https:\/\/floravea.com\/fleurs\/roses\/bonsai\/","url":"https:\/\/floravea.com\/fleurs\/roses\/bonsai\/","name":"Bonsa\u00cf - Livraison plante Casablanca | Floravea.com","isPartOf":{"@id":"https:\/\/floravea.com\/#website"},"primaryImageOfPage":{"@id":"https:\/\/floravea.com\/fleurs\/roses\/bonsai\/#primaryimage"},"image":{"@id":"https:\/\/floravea.com\/fleurs\/roses\/bonsai\/#primaryimage"},"thumbnailUrl":"https:\/\/floravea.com\/wp-content\/uploads\/2018\/11\/images-Copie.jpg","datePublished":"2018-11-07T08:22:58+00:00","dateModified":"2023-02-11T20:54:45+00:00","description":"Bonsa\u00cf une plante japonaise livraison \u00e0 Casablanca pour embellir votre int\u00e9rieur ou l'un de vos proches","breadcrumb":{"@id":"https:\/\/floravea.com\/fleurs\/roses\/bonsai\/#breadcrumb"},"inLanguage":"en-US","potentialAction":[{"@type":"ReadAction","target":["https:\/\/floravea.com\/fleurs\/roses\/bonsai\/"]}]},{"@type":"ImageObject","inLanguage":"en-US","@id":"https:\/\/floravea.com\/fleurs\/roses\/bonsai\/#primaryimage","url":"https:\/\/floravea.com\/wp-content\/uploads\/2018\/11\/images-Copie.jpg","contentUrl":"https:\/\/floravea.com\/wp-content\/uploads\/2018\/11\/images-Copie.jpg","width":225,"height":225,"caption":"bonsai dans un pott"},{"@type":"BreadcrumbList","@id":"https:\/\/floravea.com\/fleurs\/roses\/bonsai\/#breadcrumb","itemListElement":[{"@type":"ListItem","position":1,"name":"Accueil","item":"https:\/\/floravea.com\/"},{"@type":"ListItem","position":2,"name":"TOUT LE CATALOGUE","item":"https:\/\/floravea.com\/tout-le-catalogue\/"},{"@type":"ListItem","position":3,"name":"Bonsa\u00ef"}]},{"@type":"WebSite","@id":"https:\/\/floravea.com\/#website","url":"https:\/\/floravea.com\/","name":"Livraison des fleurs au Maroc (Casablanca, Rabat, Tanger, Marrakech, Agadir, Essaouira ...) ....) &amp; International","description":"Exprimer vos sentiments avec des fleurs","potentialAction":[{"@type":"SearchAction","target":{"@type":"EntryPoint","urlTemplate":"https:\/\/floravea.com\/?s={search_term_string}"},"query-input":{"@type":"PropertyValueSpecification","valueRequired":true,"valueName":"search_term_string"}}],"inLanguage":"en-US"}]}},"jetpack_publicize_connections":[],"jetpack_sharing_enabled":true,"_links":{"self":[{"href":"https:\/\/floravea.com\/en\/wp-json\/wp\/v2\/product\/30550","targetHints":{"allow":["GET"]}}],"collection":[{"href":"https:\/\/floravea.com\/en\/wp-json\/wp\/v2\/product"}],"about":[{"href":"https:\/\/floravea.com\/en\/wp-json\/wp\/v2\/types\/product"}],"replies":[{"embeddable":true,"href":"https:\/\/floravea.com\/en\/wp-json\/wp\/v2\/comments?post=30550"}],"wp:featuredmedia":[{"embeddable":true,"href":"https:\/\/floravea.com\/en\/wp-json\/wp\/v2\/media\/30552"}],"wp:attachment":[{"href":"https:\/\/floravea.com\/en\/wp-json\/wp\/v2\/media?parent=30550"}],"wp:term":[{"taxonomy":"product_brand","embeddable":true,"href":"https:\/\/floravea.com\/en\/wp-json\/wp\/v2\/product_brand?post=30550"},{"taxonomy":"product_cat","embeddable":true,"href":"https:\/\/floravea.com\/en\/wp-json\/wp\/v2\/product_cat?post=30550"},{"taxonomy":"product_tag","embeddable":true,"href":"https:\/\/floravea.com\/en\/wp-json\/wp\/v2\/product_tag?post=30550"}],"curies":[{"name":"wp","href":"https:\/\/api.w.org\/{rel}","templated":true}]}}