{"id":30418,"date":"2018-07-09T11:00:02","date_gmt":"2018-07-09T09:00:02","guid":{"rendered":"https:\/\/floravea.com\/?post_type=product&#038;p=30418"},"modified":"2023-02-11T21:54:41","modified_gmt":"2023-02-11T20:54:41","slug":"notre-selection-speciale-fetes-des-peres","status":"publish","type":"product","link":"https:\/\/floravea.com\/en\/fleurs\/roses\/notre-selection-speciale-fetes-des-peres\/","title":{"rendered":"Plante grasse bella"},"content":{"rendered":"<p>A plant with a beauty full of grandeur, magnificent, sumptuous, an extremely magnificent grand beauty to give more charm to any occasion.<\/p>\n<p>We are active, for any custom order, or scheduled delivery do not hesitate to contact us.<\/p>\n<p>&nbsp;<\/p>\n<h6><em>Note: The product image is not contractual\/ The florist will make the product as similar as possible to the image<\/em><\/h6>","protected":false},"excerpt":{"rendered":"<p>Fat plant with ceramic pot \/ Height pot + plant 12 cm<\/p>\n<p><strong>Delivery valid only in Casablanca - Morocco<\/strong><\/p>","protected":false},"featured_media":30420,"comment_status":"open","ping_status":"closed","template":"","meta":{"_et_pb_use_builder":"","_et_pb_old_content":"","_et_gb_content_width":"","jetpack_post_was_ever_published":false,"jetpack_publicize_message":"","jetpack_publicize_feature_enabled":true,"jetpack_social_post_already_shared":true,"jetpack_social_options":{"image_generator_settings":{"template":"highway","default_image_id":0,"font":"","enabled":false},"version":2}},"product_brand":[],"product_cat":[37],"product_tag":[],"class_list":{"0":"post-30418","1":"product","2":"type-product","3":"status-publish","4":"has-post-thumbnail","6":"product_cat-roses","8":"first","9":"instock","10":"shipping-taxable","11":"purchasable","12":"product-type-simple"},"yoast_head":"<!-- This site is optimized with the Yoast SEO plugin v27.5 - https:\/\/yoast.com\/product\/yoast-seo-wordpress\/ -->\n<title>Plante grasse bella - Livraison Casablanca | FLORAVEA.COM<\/title>\n<meta name=\"description\" content=\"Plante d\u2019une beaut\u00e9 pleine de grandeur, magnifique, somptueux, une beaut\u00e9 grandiose extr\u00eamement magnifique pour donner plus de charme quelque soit l\u2019occasion. Nous sommes actif, pour toute commande sur mesure, ou livraison programm\u00e9 n\u2019h\u00e9sitez pas \u00e0 nous contacter.\" \/>\n<meta name=\"robots\" content=\"index, follow, max-snippet:-1, max-image-preview:large, max-video-preview:-1\" \/>\n<link rel=\"canonical\" href=\"https:\/\/floravea.com\/en\/fleurs\/roses\/notre-selection-speciale-fetes-des-peres\/\" \/>\n<meta property=\"og:locale\" content=\"en_US\" \/>\n<meta property=\"og:type\" content=\"article\" \/>\n<meta property=\"og:title\" content=\"Plante grasse bella - Livraison Casablanca | FLORAVEA.COM\" \/>\n<meta property=\"og:description\" content=\"Plante d\u2019une beaut\u00e9 pleine de grandeur, magnifique, somptueux, une beaut\u00e9 grandiose extr\u00eamement magnifique pour donner plus de charme quelque soit l\u2019occasion. Nous sommes actif, pour toute commande sur mesure, ou livraison programm\u00e9 n\u2019h\u00e9sitez pas \u00e0 nous contacter.\" \/>\n<meta property=\"og:url\" content=\"https:\/\/floravea.com\/en\/fleurs\/roses\/notre-selection-speciale-fetes-des-peres\/\" \/>\n<meta property=\"og:site_name\" content=\"Livraison des fleurs au Maroc (Casablanca, Rabat, Tanger, Marrakech, Agadir, Essaouira ...) ....) &amp; International\" \/>\n<meta property=\"article:publisher\" content=\"https:\/\/www.facebook.com\/Floraveacom-1660859444030311\/\" \/>\n<meta property=\"article:modified_time\" content=\"2023-02-11T20:54:41+00:00\" \/>\n<meta property=\"og:image\" content=\"https:\/\/floravea.com\/wp-content\/uploads\/2018\/07\/WhatsApp-Image-2018-06-21-at-11.50.42-1.jpeg\" \/>\n\t<meta property=\"og:image:width\" content=\"960\" \/>\n\t<meta property=\"og:image:height\" content=\"1280\" \/>\n\t<meta property=\"og:image:type\" content=\"image\/jpeg\" \/>\n<meta name=\"twitter:card\" content=\"summary_large_image\" \/>\n<script type=\"application\/ld+json\" class=\"yoast-schema-graph\">{\"@context\":\"https:\\\/\\\/schema.org\",\"@graph\":[{\"@type\":\"WebPage\",\"@id\":\"https:\\\/\\\/floravea.com\\\/fleurs\\\/roses\\\/notre-selection-speciale-fetes-des-peres\\\/\",\"url\":\"https:\\\/\\\/floravea.com\\\/fleurs\\\/roses\\\/notre-selection-speciale-fetes-des-peres\\\/\",\"name\":\"Plante grasse bella - Livraison Casablanca | FLORAVEA.COM\",\"isPartOf\":{\"@id\":\"https:\\\/\\\/floravea.com\\\/#website\"},\"primaryImageOfPage\":{\"@id\":\"https:\\\/\\\/floravea.com\\\/fleurs\\\/roses\\\/notre-selection-speciale-fetes-des-peres\\\/#primaryimage\"},\"image\":{\"@id\":\"https:\\\/\\\/floravea.com\\\/fleurs\\\/roses\\\/notre-selection-speciale-fetes-des-peres\\\/#primaryimage\"},\"thumbnailUrl\":\"https:\\\/\\\/floravea.com\\\/wp-content\\\/uploads\\\/2018\\\/07\\\/WhatsApp-Image-2018-06-21-at-11.50.42-1.jpeg\",\"datePublished\":\"2018-07-09T09:00:02+00:00\",\"dateModified\":\"2023-02-11T20:54:41+00:00\",\"description\":\"Plante d\u2019une beaut\u00e9 pleine de grandeur, magnifique, somptueux, une beaut\u00e9 grandiose extr\u00eamement magnifique pour donner plus de charme quelque soit l\u2019occasion. Nous sommes actif, pour toute commande sur mesure, ou livraison programm\u00e9 n\u2019h\u00e9sitez pas \u00e0 nous contacter.\",\"breadcrumb\":{\"@id\":\"https:\\\/\\\/floravea.com\\\/fleurs\\\/roses\\\/notre-selection-speciale-fetes-des-peres\\\/#breadcrumb\"},\"inLanguage\":\"en-US\",\"potentialAction\":[{\"@type\":\"ReadAction\",\"target\":[\"https:\\\/\\\/floravea.com\\\/fleurs\\\/roses\\\/notre-selection-speciale-fetes-des-peres\\\/\"]}]},{\"@type\":\"ImageObject\",\"inLanguage\":\"en-US\",\"@id\":\"https:\\\/\\\/floravea.com\\\/fleurs\\\/roses\\\/notre-selection-speciale-fetes-des-peres\\\/#primaryimage\",\"url\":\"https:\\\/\\\/floravea.com\\\/wp-content\\\/uploads\\\/2018\\\/07\\\/WhatsApp-Image-2018-06-21-at-11.50.42-1.jpeg\",\"contentUrl\":\"https:\\\/\\\/floravea.com\\\/wp-content\\\/uploads\\\/2018\\\/07\\\/WhatsApp-Image-2018-06-21-at-11.50.42-1.jpeg\",\"width\":960,\"height\":1280,\"caption\":\"Plante grasse\"},{\"@type\":\"BreadcrumbList\",\"@id\":\"https:\\\/\\\/floravea.com\\\/fleurs\\\/roses\\\/notre-selection-speciale-fetes-des-peres\\\/#breadcrumb\",\"itemListElement\":[{\"@type\":\"ListItem\",\"position\":1,\"name\":\"Accueil\",\"item\":\"https:\\\/\\\/floravea.com\\\/\"},{\"@type\":\"ListItem\",\"position\":2,\"name\":\"TOUT LE CATALOGUE\",\"item\":\"https:\\\/\\\/floravea.com\\\/tout-le-catalogue\\\/\"},{\"@type\":\"ListItem\",\"position\":3,\"name\":\"Plante grasse bella\"}]},{\"@type\":\"WebSite\",\"@id\":\"https:\\\/\\\/floravea.com\\\/#website\",\"url\":\"https:\\\/\\\/floravea.com\\\/\",\"name\":\"Livraison des fleurs au Maroc (Casablanca, Rabat, Tanger, Marrakech, Agadir, Essaouira ...) ....) &amp; International\",\"description\":\"Exprimer vos sentiments avec des fleurs\",\"potentialAction\":[{\"@type\":\"SearchAction\",\"target\":{\"@type\":\"EntryPoint\",\"urlTemplate\":\"https:\\\/\\\/floravea.com\\\/?s={search_term_string}\"},\"query-input\":{\"@type\":\"PropertyValueSpecification\",\"valueRequired\":true,\"valueName\":\"search_term_string\"}}],\"inLanguage\":\"en-US\"}]}<\/script>\n<!-- \/ Yoast SEO plugin. -->","yoast_head_json":{"title":"Plante grasse bella - Livraison Casablanca | FLORAVEA.COM","description":"Plante d\u2019une beaut\u00e9 pleine de grandeur, magnifique, somptueux, une beaut\u00e9 grandiose extr\u00eamement magnifique pour donner plus de charme quelque soit l\u2019occasion. Nous sommes actif, pour toute commande sur mesure, ou livraison programm\u00e9 n\u2019h\u00e9sitez pas \u00e0 nous contacter.","robots":{"index":"index","follow":"follow","max-snippet":"max-snippet:-1","max-image-preview":"max-image-preview:large","max-video-preview":"max-video-preview:-1"},"canonical":"https:\/\/floravea.com\/en\/fleurs\/roses\/notre-selection-speciale-fetes-des-peres\/","og_locale":"en_US","og_type":"article","og_title":"Plante grasse bella - Livraison Casablanca | FLORAVEA.COM","og_description":"Plante d\u2019une beaut\u00e9 pleine de grandeur, magnifique, somptueux, une beaut\u00e9 grandiose extr\u00eamement magnifique pour donner plus de charme quelque soit l\u2019occasion. Nous sommes actif, pour toute commande sur mesure, ou livraison programm\u00e9 n\u2019h\u00e9sitez pas \u00e0 nous contacter.","og_url":"https:\/\/floravea.com\/en\/fleurs\/roses\/notre-selection-speciale-fetes-des-peres\/","og_site_name":"Livraison des fleurs au Maroc (Casablanca, Rabat, Tanger, Marrakech, Agadir, Essaouira ...) ....) &amp; International","article_publisher":"https:\/\/www.facebook.com\/Floraveacom-1660859444030311\/","article_modified_time":"2023-02-11T20:54:41+00:00","og_image":[{"width":960,"height":1280,"url":"https:\/\/floravea.com\/wp-content\/uploads\/2018\/07\/WhatsApp-Image-2018-06-21-at-11.50.42-1.jpeg","type":"image\/jpeg"}],"twitter_card":"summary_large_image","schema":{"@context":"https:\/\/schema.org","@graph":[{"@type":"WebPage","@id":"https:\/\/floravea.com\/fleurs\/roses\/notre-selection-speciale-fetes-des-peres\/","url":"https:\/\/floravea.com\/fleurs\/roses\/notre-selection-speciale-fetes-des-peres\/","name":"Plante grasse bella - Livraison Casablanca | FLORAVEA.COM","isPartOf":{"@id":"https:\/\/floravea.com\/#website"},"primaryImageOfPage":{"@id":"https:\/\/floravea.com\/fleurs\/roses\/notre-selection-speciale-fetes-des-peres\/#primaryimage"},"image":{"@id":"https:\/\/floravea.com\/fleurs\/roses\/notre-selection-speciale-fetes-des-peres\/#primaryimage"},"thumbnailUrl":"https:\/\/floravea.com\/wp-content\/uploads\/2018\/07\/WhatsApp-Image-2018-06-21-at-11.50.42-1.jpeg","datePublished":"2018-07-09T09:00:02+00:00","dateModified":"2023-02-11T20:54:41+00:00","description":"Plante d\u2019une beaut\u00e9 pleine de grandeur, magnifique, somptueux, une beaut\u00e9 grandiose extr\u00eamement magnifique pour donner plus de charme quelque soit l\u2019occasion. Nous sommes actif, pour toute commande sur mesure, ou livraison programm\u00e9 n\u2019h\u00e9sitez pas \u00e0 nous contacter.","breadcrumb":{"@id":"https:\/\/floravea.com\/fleurs\/roses\/notre-selection-speciale-fetes-des-peres\/#breadcrumb"},"inLanguage":"en-US","potentialAction":[{"@type":"ReadAction","target":["https:\/\/floravea.com\/fleurs\/roses\/notre-selection-speciale-fetes-des-peres\/"]}]},{"@type":"ImageObject","inLanguage":"en-US","@id":"https:\/\/floravea.com\/fleurs\/roses\/notre-selection-speciale-fetes-des-peres\/#primaryimage","url":"https:\/\/floravea.com\/wp-content\/uploads\/2018\/07\/WhatsApp-Image-2018-06-21-at-11.50.42-1.jpeg","contentUrl":"https:\/\/floravea.com\/wp-content\/uploads\/2018\/07\/WhatsApp-Image-2018-06-21-at-11.50.42-1.jpeg","width":960,"height":1280,"caption":"Plante grasse"},{"@type":"BreadcrumbList","@id":"https:\/\/floravea.com\/fleurs\/roses\/notre-selection-speciale-fetes-des-peres\/#breadcrumb","itemListElement":[{"@type":"ListItem","position":1,"name":"Accueil","item":"https:\/\/floravea.com\/"},{"@type":"ListItem","position":2,"name":"TOUT LE CATALOGUE","item":"https:\/\/floravea.com\/tout-le-catalogue\/"},{"@type":"ListItem","position":3,"name":"Plante grasse bella"}]},{"@type":"WebSite","@id":"https:\/\/floravea.com\/#website","url":"https:\/\/floravea.com\/","name":"Livraison des fleurs au Maroc (Casablanca, Rabat, Tanger, Marrakech, Agadir, Essaouira ...) ....) &amp; International","description":"Exprimer vos sentiments avec des fleurs","potentialAction":[{"@type":"SearchAction","target":{"@type":"EntryPoint","urlTemplate":"https:\/\/floravea.com\/?s={search_term_string}"},"query-input":{"@type":"PropertyValueSpecification","valueRequired":true,"valueName":"search_term_string"}}],"inLanguage":"en-US"}]}},"jetpack_publicize_connections":[],"jetpack_sharing_enabled":true,"_links":{"self":[{"href":"https:\/\/floravea.com\/en\/wp-json\/wp\/v2\/product\/30418","targetHints":{"allow":["GET"]}}],"collection":[{"href":"https:\/\/floravea.com\/en\/wp-json\/wp\/v2\/product"}],"about":[{"href":"https:\/\/floravea.com\/en\/wp-json\/wp\/v2\/types\/product"}],"replies":[{"embeddable":true,"href":"https:\/\/floravea.com\/en\/wp-json\/wp\/v2\/comments?post=30418"}],"wp:featuredmedia":[{"embeddable":true,"href":"https:\/\/floravea.com\/en\/wp-json\/wp\/v2\/media\/30420"}],"wp:attachment":[{"href":"https:\/\/floravea.com\/en\/wp-json\/wp\/v2\/media?parent=30418"}],"wp:term":[{"taxonomy":"product_brand","embeddable":true,"href":"https:\/\/floravea.com\/en\/wp-json\/wp\/v2\/product_brand?post=30418"},{"taxonomy":"product_cat","embeddable":true,"href":"https:\/\/floravea.com\/en\/wp-json\/wp\/v2\/product_cat?post=30418"},{"taxonomy":"product_tag","embeddable":true,"href":"https:\/\/floravea.com\/en\/wp-json\/wp\/v2\/product_tag?post=30418"}],"curies":[{"name":"wp","href":"https:\/\/api.w.org\/{rel}","templated":true}]}}