{"id":30071,"date":"2018-05-08T19:33:25","date_gmt":"2018-05-08T17:33:25","guid":{"rendered":"https:\/\/floravea.com\/?post_type=product&#038;p=30071"},"modified":"2023-02-12T13:42:12","modified_gmt":"2023-02-12T12:42:12","slug":"box-coeur-roses-rouges","status":"publish","type":"product","link":"https:\/\/floravea.com\/en\/fleurs\/roses\/box-coeur-roses-rouges\/","title":{"rendered":"Box heart red roses"},"content":{"rendered":"<p>Red roses heart box<\/p>\n<p>Composition in a cardboard box of great beauty, sumptuous, grandiose beauty extremely magnificent to give more charm to any occasion.<br \/>\nWe are active, for any custom order, or scheduled delivery do not hesitate to contact us.<\/p>\n<h6>\u00a0<em>Note: The product image is not contractual\/ The florist will make the product as similar as possible to the image<\/em><\/h6>\n<p>&nbsp;<\/p>","protected":false},"excerpt":{"rendered":"<p>Elegant arrangement of red roses in a cardboard heart box.<\/p>\n<p><strong>Delivery only on the city of Casablanca - Morocco WITH THE PROMO CODE \" CASA \".<\/strong><\/p>","protected":false},"featured_media":30072,"comment_status":"open","ping_status":"closed","template":"","meta":{"_et_pb_use_builder":"","_et_pb_old_content":"","_et_gb_content_width":"","jetpack_publicize_message":"","jetpack_publicize_feature_enabled":true,"jetpack_social_post_already_shared":true,"jetpack_social_options":{"image_generator_settings":{"template":"highway","default_image_id":0,"font":"","enabled":false},"version":2}},"product_brand":[],"product_cat":[37],"product_tag":[],"class_list":{"0":"post-30071","1":"product","2":"type-product","3":"status-publish","4":"has-post-thumbnail","6":"product_cat-roses","8":"first","9":"instock","10":"shipping-taxable","11":"purchasable","12":"product-type-variable"},"yoast_head":"<!-- This site is optimized with the Yoast SEO plugin v27.5 - https:\/\/yoast.com\/product\/yoast-seo-wordpress\/ -->\n<title>Box Coeur roses rouge - Livraison gratuite et expresse | FLORAVEA<\/title>\n<meta name=\"description\" content=\"Composition \u00e9l\u00e9gante roses rouges dans une boite C\u0153ur en carton. Livraison seulement sur la ville de Casablanca - Maroc AVEC LE CODE PROMO &quot;CASA&quot;\" \/>\n<meta name=\"robots\" content=\"index, follow, max-snippet:-1, max-image-preview:large, max-video-preview:-1\" \/>\n<link rel=\"canonical\" href=\"https:\/\/floravea.com\/en\/fleurs\/roses\/box-coeur-roses-rouges\/\" \/>\n<meta property=\"og:locale\" content=\"en_US\" \/>\n<meta property=\"og:type\" content=\"article\" \/>\n<meta property=\"og:title\" content=\"Box Coeur roses rouge - Livraison gratuite et expresse | FLORAVEA\" \/>\n<meta property=\"og:description\" content=\"Composition \u00e9l\u00e9gante roses rouges dans une boite C\u0153ur en carton. Livraison seulement sur la ville de Casablanca - Maroc AVEC LE CODE PROMO &quot;CASA&quot;\" \/>\n<meta property=\"og:url\" content=\"https:\/\/floravea.com\/en\/fleurs\/roses\/box-coeur-roses-rouges\/\" \/>\n<meta property=\"og:site_name\" content=\"Livraison des fleurs au Maroc (Casablanca, Rabat, Tanger, Marrakech, Agadir, Essaouira ...) ....) &amp; International\" \/>\n<meta property=\"article:publisher\" content=\"https:\/\/www.facebook.com\/Floraveacom-1660859444030311\/\" \/>\n<meta property=\"article:modified_time\" content=\"2023-02-12T12:42:12+00:00\" \/>\n<meta property=\"og:image\" content=\"https:\/\/floravea.com\/wp-content\/uploads\/2018\/05\/kompozicija473-e1525799520719.jpg\" \/>\n\t<meta property=\"og:image:width\" content=\"409\" \/>\n\t<meta property=\"og:image:height\" content=\"511\" \/>\n\t<meta property=\"og:image:type\" content=\"image\/jpeg\" \/>\n<meta name=\"twitter:card\" content=\"summary_large_image\" \/>\n<meta name=\"twitter:label1\" content=\"Est. reading time\" \/>\n\t<meta name=\"twitter:data1\" content=\"1 minute\" \/>\n<script type=\"application\/ld+json\" class=\"yoast-schema-graph\">{\"@context\":\"https:\\\/\\\/schema.org\",\"@graph\":[{\"@type\":\"WebPage\",\"@id\":\"https:\\\/\\\/floravea.com\\\/fleurs\\\/roses\\\/box-coeur-roses-rouges\\\/\",\"url\":\"https:\\\/\\\/floravea.com\\\/fleurs\\\/roses\\\/box-coeur-roses-rouges\\\/\",\"name\":\"Box Coeur roses rouge - Livraison gratuite et expresse | FLORAVEA\",\"isPartOf\":{\"@id\":\"https:\\\/\\\/floravea.com\\\/#website\"},\"primaryImageOfPage\":{\"@id\":\"https:\\\/\\\/floravea.com\\\/fleurs\\\/roses\\\/box-coeur-roses-rouges\\\/#primaryimage\"},\"image\":{\"@id\":\"https:\\\/\\\/floravea.com\\\/fleurs\\\/roses\\\/box-coeur-roses-rouges\\\/#primaryimage\"},\"thumbnailUrl\":\"https:\\\/\\\/floravea.com\\\/wp-content\\\/uploads\\\/2018\\\/05\\\/kompozicija473-e1525799520719.jpg\",\"datePublished\":\"2018-05-08T17:33:25+00:00\",\"dateModified\":\"2023-02-12T12:42:12+00:00\",\"description\":\"Composition \u00e9l\u00e9gante roses rouges dans une boite C\u0153ur en carton. Livraison seulement sur la ville de Casablanca - Maroc AVEC LE CODE PROMO \\\"CASA\\\"\",\"breadcrumb\":{\"@id\":\"https:\\\/\\\/floravea.com\\\/fleurs\\\/roses\\\/box-coeur-roses-rouges\\\/#breadcrumb\"},\"inLanguage\":\"en-US\",\"potentialAction\":[{\"@type\":\"ReadAction\",\"target\":[\"https:\\\/\\\/floravea.com\\\/fleurs\\\/roses\\\/box-coeur-roses-rouges\\\/\"]}]},{\"@type\":\"ImageObject\",\"inLanguage\":\"en-US\",\"@id\":\"https:\\\/\\\/floravea.com\\\/fleurs\\\/roses\\\/box-coeur-roses-rouges\\\/#primaryimage\",\"url\":\"https:\\\/\\\/floravea.com\\\/wp-content\\\/uploads\\\/2018\\\/05\\\/kompozicija473-e1525799520719.jpg\",\"contentUrl\":\"https:\\\/\\\/floravea.com\\\/wp-content\\\/uploads\\\/2018\\\/05\\\/kompozicija473-e1525799520719.jpg\",\"width\":409,\"height\":511,\"caption\":\"Flowerbox roses rouge\"},{\"@type\":\"BreadcrumbList\",\"@id\":\"https:\\\/\\\/floravea.com\\\/fleurs\\\/roses\\\/box-coeur-roses-rouges\\\/#breadcrumb\",\"itemListElement\":[{\"@type\":\"ListItem\",\"position\":1,\"name\":\"Accueil\",\"item\":\"https:\\\/\\\/floravea.com\\\/\"},{\"@type\":\"ListItem\",\"position\":2,\"name\":\"TOUT LE CATALOGUE\",\"item\":\"https:\\\/\\\/floravea.com\\\/tout-le-catalogue\\\/\"},{\"@type\":\"ListItem\",\"position\":3,\"name\":\"Box c\u0153ur roses rouges\"}]},{\"@type\":\"WebSite\",\"@id\":\"https:\\\/\\\/floravea.com\\\/#website\",\"url\":\"https:\\\/\\\/floravea.com\\\/\",\"name\":\"Livraison des fleurs au Maroc (Casablanca, Rabat, Tanger, Marrakech, Agadir, Essaouira ...) ....) &amp; International\",\"description\":\"Exprimer vos sentiments avec des fleurs\",\"potentialAction\":[{\"@type\":\"SearchAction\",\"target\":{\"@type\":\"EntryPoint\",\"urlTemplate\":\"https:\\\/\\\/floravea.com\\\/?s={search_term_string}\"},\"query-input\":{\"@type\":\"PropertyValueSpecification\",\"valueRequired\":true,\"valueName\":\"search_term_string\"}}],\"inLanguage\":\"en-US\"}]}<\/script>\n<!-- \/ Yoast SEO plugin. -->","yoast_head_json":{"title":"Box Coeur roses rouge - Livraison gratuite et expresse | FLORAVEA","description":"Composition \u00e9l\u00e9gante roses rouges dans une boite C\u0153ur en carton. Livraison seulement sur la ville de Casablanca - Maroc AVEC LE CODE PROMO \"CASA\"","robots":{"index":"index","follow":"follow","max-snippet":"max-snippet:-1","max-image-preview":"max-image-preview:large","max-video-preview":"max-video-preview:-1"},"canonical":"https:\/\/floravea.com\/en\/fleurs\/roses\/box-coeur-roses-rouges\/","og_locale":"en_US","og_type":"article","og_title":"Box Coeur roses rouge - Livraison gratuite et expresse | FLORAVEA","og_description":"Composition \u00e9l\u00e9gante roses rouges dans une boite C\u0153ur en carton. Livraison seulement sur la ville de Casablanca - Maroc AVEC LE CODE PROMO \"CASA\"","og_url":"https:\/\/floravea.com\/en\/fleurs\/roses\/box-coeur-roses-rouges\/","og_site_name":"Livraison des fleurs au Maroc (Casablanca, Rabat, Tanger, Marrakech, Agadir, Essaouira ...) ....) &amp; International","article_publisher":"https:\/\/www.facebook.com\/Floraveacom-1660859444030311\/","article_modified_time":"2023-02-12T12:42:12+00:00","og_image":[{"width":409,"height":511,"url":"https:\/\/floravea.com\/wp-content\/uploads\/2018\/05\/kompozicija473-e1525799520719.jpg","type":"image\/jpeg"}],"twitter_card":"summary_large_image","twitter_misc":{"Est. reading time":"1 minute"},"schema":{"@context":"https:\/\/schema.org","@graph":[{"@type":"WebPage","@id":"https:\/\/floravea.com\/fleurs\/roses\/box-coeur-roses-rouges\/","url":"https:\/\/floravea.com\/fleurs\/roses\/box-coeur-roses-rouges\/","name":"Box Coeur roses rouge - Livraison gratuite et expresse | FLORAVEA","isPartOf":{"@id":"https:\/\/floravea.com\/#website"},"primaryImageOfPage":{"@id":"https:\/\/floravea.com\/fleurs\/roses\/box-coeur-roses-rouges\/#primaryimage"},"image":{"@id":"https:\/\/floravea.com\/fleurs\/roses\/box-coeur-roses-rouges\/#primaryimage"},"thumbnailUrl":"https:\/\/floravea.com\/wp-content\/uploads\/2018\/05\/kompozicija473-e1525799520719.jpg","datePublished":"2018-05-08T17:33:25+00:00","dateModified":"2023-02-12T12:42:12+00:00","description":"Composition \u00e9l\u00e9gante roses rouges dans une boite C\u0153ur en carton. Livraison seulement sur la ville de Casablanca - Maroc AVEC LE CODE PROMO \"CASA\"","breadcrumb":{"@id":"https:\/\/floravea.com\/fleurs\/roses\/box-coeur-roses-rouges\/#breadcrumb"},"inLanguage":"en-US","potentialAction":[{"@type":"ReadAction","target":["https:\/\/floravea.com\/fleurs\/roses\/box-coeur-roses-rouges\/"]}]},{"@type":"ImageObject","inLanguage":"en-US","@id":"https:\/\/floravea.com\/fleurs\/roses\/box-coeur-roses-rouges\/#primaryimage","url":"https:\/\/floravea.com\/wp-content\/uploads\/2018\/05\/kompozicija473-e1525799520719.jpg","contentUrl":"https:\/\/floravea.com\/wp-content\/uploads\/2018\/05\/kompozicija473-e1525799520719.jpg","width":409,"height":511,"caption":"Flowerbox roses rouge"},{"@type":"BreadcrumbList","@id":"https:\/\/floravea.com\/fleurs\/roses\/box-coeur-roses-rouges\/#breadcrumb","itemListElement":[{"@type":"ListItem","position":1,"name":"Accueil","item":"https:\/\/floravea.com\/"},{"@type":"ListItem","position":2,"name":"TOUT LE CATALOGUE","item":"https:\/\/floravea.com\/tout-le-catalogue\/"},{"@type":"ListItem","position":3,"name":"Box c\u0153ur roses rouges"}]},{"@type":"WebSite","@id":"https:\/\/floravea.com\/#website","url":"https:\/\/floravea.com\/","name":"Livraison des fleurs au Maroc (Casablanca, Rabat, Tanger, Marrakech, Agadir, Essaouira ...) ....) &amp; International","description":"Exprimer vos sentiments avec des fleurs","potentialAction":[{"@type":"SearchAction","target":{"@type":"EntryPoint","urlTemplate":"https:\/\/floravea.com\/?s={search_term_string}"},"query-input":{"@type":"PropertyValueSpecification","valueRequired":true,"valueName":"search_term_string"}}],"inLanguage":"en-US"}]}},"jetpack_publicize_connections":[],"jetpack_sharing_enabled":true,"_links":{"self":[{"href":"https:\/\/floravea.com\/en\/wp-json\/wp\/v2\/product\/30071","targetHints":{"allow":["GET"]}}],"collection":[{"href":"https:\/\/floravea.com\/en\/wp-json\/wp\/v2\/product"}],"about":[{"href":"https:\/\/floravea.com\/en\/wp-json\/wp\/v2\/types\/product"}],"replies":[{"embeddable":true,"href":"https:\/\/floravea.com\/en\/wp-json\/wp\/v2\/comments?post=30071"}],"wp:featuredmedia":[{"embeddable":true,"href":"https:\/\/floravea.com\/en\/wp-json\/wp\/v2\/media\/30072"}],"wp:attachment":[{"href":"https:\/\/floravea.com\/en\/wp-json\/wp\/v2\/media?parent=30071"}],"wp:term":[{"taxonomy":"product_brand","embeddable":true,"href":"https:\/\/floravea.com\/en\/wp-json\/wp\/v2\/product_brand?post=30071"},{"taxonomy":"product_cat","embeddable":true,"href":"https:\/\/floravea.com\/en\/wp-json\/wp\/v2\/product_cat?post=30071"},{"taxonomy":"product_tag","embeddable":true,"href":"https:\/\/floravea.com\/en\/wp-json\/wp\/v2\/product_tag?post=30071"}],"curies":[{"name":"wp","href":"https:\/\/api.w.org\/{rel}","templated":true}]}}