{"id":29825,"date":"2018-04-23T19:20:54","date_gmt":"2018-04-23T17:20:54","guid":{"rendered":"https:\/\/floravea.com\/?post_type=product&#038;p=29825"},"modified":"2023-02-11T21:54:40","modified_gmt":"2023-02-11T20:54:40","slug":"corbeille-de-fruits-farandole","status":"publish","type":"product","link":"https:\/\/floravea.com\/en\/fleurs\/roses\/corbeille-de-fruits-farandole\/","title":{"rendered":"Fruit basket"},"content":{"rendered":"<p>Accompany your flowers with a basket of fresh seasonal fruit for any occasion, birthdays, anniversaries, get well, Mother's Day, Father's Day ....<\/p>","protected":false},"excerpt":{"rendered":"<p>Fresh seasonal fruit basket<\/p>","protected":false},"featured_media":29826,"comment_status":"open","ping_status":"closed","template":"","meta":{"_et_pb_use_builder":"","_et_pb_old_content":"","_et_gb_content_width":"","jetpack_post_was_ever_published":false,"jetpack_publicize_message":"","jetpack_publicize_feature_enabled":true,"jetpack_social_post_already_shared":false,"jetpack_social_options":{"image_generator_settings":{"template":"highway","default_image_id":0,"font":"","enabled":false},"version":2}},"product_brand":[],"product_cat":[37],"product_tag":[],"class_list":{"0":"post-29825","1":"product","2":"type-product","3":"status-publish","4":"has-post-thumbnail","6":"product_cat-roses","8":"first","9":"instock","10":"shipping-taxable","11":"purchasable","12":"product-type-simple"},"yoast_head":"<!-- This site is optimized with the Yoast SEO plugin v27.5 - https:\/\/yoast.com\/product\/yoast-seo-wordpress\/ -->\n<title>Corbeille de fruits - Livraison de panier de fruits avec fleurs | FLORAVEA<\/title>\n<meta name=\"description\" content=\"Livraison corbeille de fruits avec des fleurs \u00e0 domicile et aux h\u00f4pitaux pour toute occasion, naissance, anniversaire, remerciements, bon r\u00e9tablissement ....\" \/>\n<meta name=\"robots\" content=\"index, follow, max-snippet:-1, max-image-preview:large, max-video-preview:-1\" \/>\n<link rel=\"canonical\" href=\"https:\/\/floravea.com\/en\/fleurs\/roses\/corbeille-de-fruits-farandole\/\" \/>\n<meta property=\"og:locale\" content=\"en_US\" \/>\n<meta property=\"og:type\" content=\"article\" \/>\n<meta property=\"og:title\" content=\"Corbeille de fruits - Livraison de panier de fruits avec fleurs | FLORAVEA\" \/>\n<meta property=\"og:description\" content=\"Livraison corbeille de fruits avec des fleurs \u00e0 domicile et aux h\u00f4pitaux pour toute occasion, naissance, anniversaire, remerciements, bon r\u00e9tablissement ....\" \/>\n<meta property=\"og:url\" content=\"https:\/\/floravea.com\/en\/fleurs\/roses\/corbeille-de-fruits-farandole\/\" \/>\n<meta property=\"og:site_name\" content=\"Livraison des fleurs au Maroc (Casablanca, Rabat, Tanger, Marrakech, Agadir, Essaouira ...) ....) &amp; International\" \/>\n<meta property=\"article:publisher\" content=\"https:\/\/www.facebook.com\/Floraveacom-1660859444030311\/\" \/>\n<meta property=\"article:modified_time\" content=\"2023-02-11T20:54:40+00:00\" \/>\n<meta property=\"og:image\" content=\"https:\/\/floravea.com\/wp-content\/uploads\/2018\/04\/corbeille-de-fruits-farandole.jpg\" \/>\n\t<meta property=\"og:image:width\" content=\"600\" \/>\n\t<meta property=\"og:image:height\" content=\"600\" \/>\n\t<meta property=\"og:image:type\" content=\"image\/jpeg\" \/>\n<meta name=\"twitter:card\" content=\"summary_large_image\" \/>\n<script type=\"application\/ld+json\" class=\"yoast-schema-graph\">{\"@context\":\"https:\\\/\\\/schema.org\",\"@graph\":[{\"@type\":\"WebPage\",\"@id\":\"https:\\\/\\\/floravea.com\\\/fleurs\\\/roses\\\/corbeille-de-fruits-farandole\\\/\",\"url\":\"https:\\\/\\\/floravea.com\\\/fleurs\\\/roses\\\/corbeille-de-fruits-farandole\\\/\",\"name\":\"Corbeille de fruits - Livraison de panier de fruits avec fleurs | FLORAVEA\",\"isPartOf\":{\"@id\":\"https:\\\/\\\/floravea.com\\\/#website\"},\"primaryImageOfPage\":{\"@id\":\"https:\\\/\\\/floravea.com\\\/fleurs\\\/roses\\\/corbeille-de-fruits-farandole\\\/#primaryimage\"},\"image\":{\"@id\":\"https:\\\/\\\/floravea.com\\\/fleurs\\\/roses\\\/corbeille-de-fruits-farandole\\\/#primaryimage\"},\"thumbnailUrl\":\"https:\\\/\\\/floravea.com\\\/wp-content\\\/uploads\\\/2018\\\/04\\\/corbeille-de-fruits-farandole.jpg\",\"datePublished\":\"2018-04-23T17:20:54+00:00\",\"dateModified\":\"2023-02-11T20:54:40+00:00\",\"description\":\"Livraison corbeille de fruits avec des fleurs \u00e0 domicile et aux h\u00f4pitaux pour toute occasion, naissance, anniversaire, remerciements, bon r\u00e9tablissement ....\",\"breadcrumb\":{\"@id\":\"https:\\\/\\\/floravea.com\\\/fleurs\\\/roses\\\/corbeille-de-fruits-farandole\\\/#breadcrumb\"},\"inLanguage\":\"en-US\",\"potentialAction\":[{\"@type\":\"ReadAction\",\"target\":[\"https:\\\/\\\/floravea.com\\\/fleurs\\\/roses\\\/corbeille-de-fruits-farandole\\\/\"]}]},{\"@type\":\"ImageObject\",\"inLanguage\":\"en-US\",\"@id\":\"https:\\\/\\\/floravea.com\\\/fleurs\\\/roses\\\/corbeille-de-fruits-farandole\\\/#primaryimage\",\"url\":\"https:\\\/\\\/floravea.com\\\/wp-content\\\/uploads\\\/2018\\\/04\\\/corbeille-de-fruits-farandole.jpg\",\"contentUrl\":\"https:\\\/\\\/floravea.com\\\/wp-content\\\/uploads\\\/2018\\\/04\\\/corbeille-de-fruits-farandole.jpg\",\"width\":600,\"height\":600,\"caption\":\"corbeille de fruits farandole\"},{\"@type\":\"BreadcrumbList\",\"@id\":\"https:\\\/\\\/floravea.com\\\/fleurs\\\/roses\\\/corbeille-de-fruits-farandole\\\/#breadcrumb\",\"itemListElement\":[{\"@type\":\"ListItem\",\"position\":1,\"name\":\"Accueil\",\"item\":\"https:\\\/\\\/floravea.com\\\/\"},{\"@type\":\"ListItem\",\"position\":2,\"name\":\"TOUT LE CATALOGUE\",\"item\":\"https:\\\/\\\/floravea.com\\\/tout-le-catalogue\\\/\"},{\"@type\":\"ListItem\",\"position\":3,\"name\":\"Corbeille de fruits\"}]},{\"@type\":\"WebSite\",\"@id\":\"https:\\\/\\\/floravea.com\\\/#website\",\"url\":\"https:\\\/\\\/floravea.com\\\/\",\"name\":\"Livraison des fleurs au Maroc (Casablanca, Rabat, Tanger, Marrakech, Agadir, Essaouira ...) ....) &amp; International\",\"description\":\"Exprimer vos sentiments avec des fleurs\",\"potentialAction\":[{\"@type\":\"SearchAction\",\"target\":{\"@type\":\"EntryPoint\",\"urlTemplate\":\"https:\\\/\\\/floravea.com\\\/?s={search_term_string}\"},\"query-input\":{\"@type\":\"PropertyValueSpecification\",\"valueRequired\":true,\"valueName\":\"search_term_string\"}}],\"inLanguage\":\"en-US\"}]}<\/script>\n<!-- \/ Yoast SEO plugin. -->","yoast_head_json":{"title":"Corbeille de fruits - Livraison de panier de fruits avec fleurs | FLORAVEA","description":"Livraison corbeille de fruits avec des fleurs \u00e0 domicile et aux h\u00f4pitaux pour toute occasion, naissance, anniversaire, remerciements, bon r\u00e9tablissement ....","robots":{"index":"index","follow":"follow","max-snippet":"max-snippet:-1","max-image-preview":"max-image-preview:large","max-video-preview":"max-video-preview:-1"},"canonical":"https:\/\/floravea.com\/en\/fleurs\/roses\/corbeille-de-fruits-farandole\/","og_locale":"en_US","og_type":"article","og_title":"Corbeille de fruits - Livraison de panier de fruits avec fleurs | FLORAVEA","og_description":"Livraison corbeille de fruits avec des fleurs \u00e0 domicile et aux h\u00f4pitaux pour toute occasion, naissance, anniversaire, remerciements, bon r\u00e9tablissement ....","og_url":"https:\/\/floravea.com\/en\/fleurs\/roses\/corbeille-de-fruits-farandole\/","og_site_name":"Livraison des fleurs au Maroc (Casablanca, Rabat, Tanger, Marrakech, Agadir, Essaouira ...) ....) &amp; International","article_publisher":"https:\/\/www.facebook.com\/Floraveacom-1660859444030311\/","article_modified_time":"2023-02-11T20:54:40+00:00","og_image":[{"width":600,"height":600,"url":"https:\/\/floravea.com\/wp-content\/uploads\/2018\/04\/corbeille-de-fruits-farandole.jpg","type":"image\/jpeg"}],"twitter_card":"summary_large_image","schema":{"@context":"https:\/\/schema.org","@graph":[{"@type":"WebPage","@id":"https:\/\/floravea.com\/fleurs\/roses\/corbeille-de-fruits-farandole\/","url":"https:\/\/floravea.com\/fleurs\/roses\/corbeille-de-fruits-farandole\/","name":"Corbeille de fruits - Livraison de panier de fruits avec fleurs | FLORAVEA","isPartOf":{"@id":"https:\/\/floravea.com\/#website"},"primaryImageOfPage":{"@id":"https:\/\/floravea.com\/fleurs\/roses\/corbeille-de-fruits-farandole\/#primaryimage"},"image":{"@id":"https:\/\/floravea.com\/fleurs\/roses\/corbeille-de-fruits-farandole\/#primaryimage"},"thumbnailUrl":"https:\/\/floravea.com\/wp-content\/uploads\/2018\/04\/corbeille-de-fruits-farandole.jpg","datePublished":"2018-04-23T17:20:54+00:00","dateModified":"2023-02-11T20:54:40+00:00","description":"Livraison corbeille de fruits avec des fleurs \u00e0 domicile et aux h\u00f4pitaux pour toute occasion, naissance, anniversaire, remerciements, bon r\u00e9tablissement ....","breadcrumb":{"@id":"https:\/\/floravea.com\/fleurs\/roses\/corbeille-de-fruits-farandole\/#breadcrumb"},"inLanguage":"en-US","potentialAction":[{"@type":"ReadAction","target":["https:\/\/floravea.com\/fleurs\/roses\/corbeille-de-fruits-farandole\/"]}]},{"@type":"ImageObject","inLanguage":"en-US","@id":"https:\/\/floravea.com\/fleurs\/roses\/corbeille-de-fruits-farandole\/#primaryimage","url":"https:\/\/floravea.com\/wp-content\/uploads\/2018\/04\/corbeille-de-fruits-farandole.jpg","contentUrl":"https:\/\/floravea.com\/wp-content\/uploads\/2018\/04\/corbeille-de-fruits-farandole.jpg","width":600,"height":600,"caption":"corbeille de fruits farandole"},{"@type":"BreadcrumbList","@id":"https:\/\/floravea.com\/fleurs\/roses\/corbeille-de-fruits-farandole\/#breadcrumb","itemListElement":[{"@type":"ListItem","position":1,"name":"Accueil","item":"https:\/\/floravea.com\/"},{"@type":"ListItem","position":2,"name":"TOUT LE CATALOGUE","item":"https:\/\/floravea.com\/tout-le-catalogue\/"},{"@type":"ListItem","position":3,"name":"Corbeille de fruits"}]},{"@type":"WebSite","@id":"https:\/\/floravea.com\/#website","url":"https:\/\/floravea.com\/","name":"Livraison des fleurs au Maroc (Casablanca, Rabat, Tanger, Marrakech, Agadir, Essaouira ...) ....) &amp; International","description":"Exprimer vos sentiments avec des fleurs","potentialAction":[{"@type":"SearchAction","target":{"@type":"EntryPoint","urlTemplate":"https:\/\/floravea.com\/?s={search_term_string}"},"query-input":{"@type":"PropertyValueSpecification","valueRequired":true,"valueName":"search_term_string"}}],"inLanguage":"en-US"}]}},"jetpack_publicize_connections":[],"jetpack_sharing_enabled":true,"_links":{"self":[{"href":"https:\/\/floravea.com\/en\/wp-json\/wp\/v2\/product\/29825","targetHints":{"allow":["GET"]}}],"collection":[{"href":"https:\/\/floravea.com\/en\/wp-json\/wp\/v2\/product"}],"about":[{"href":"https:\/\/floravea.com\/en\/wp-json\/wp\/v2\/types\/product"}],"replies":[{"embeddable":true,"href":"https:\/\/floravea.com\/en\/wp-json\/wp\/v2\/comments?post=29825"}],"wp:featuredmedia":[{"embeddable":true,"href":"https:\/\/floravea.com\/en\/wp-json\/wp\/v2\/media\/29826"}],"wp:attachment":[{"href":"https:\/\/floravea.com\/en\/wp-json\/wp\/v2\/media?parent=29825"}],"wp:term":[{"taxonomy":"product_brand","embeddable":true,"href":"https:\/\/floravea.com\/en\/wp-json\/wp\/v2\/product_brand?post=29825"},{"taxonomy":"product_cat","embeddable":true,"href":"https:\/\/floravea.com\/en\/wp-json\/wp\/v2\/product_cat?post=29825"},{"taxonomy":"product_tag","embeddable":true,"href":"https:\/\/floravea.com\/en\/wp-json\/wp\/v2\/product_tag?post=29825"}],"curies":[{"name":"wp","href":"https:\/\/api.w.org\/{rel}","templated":true}]}}