{"id":30878,"date":"2019-05-15T17:02:20","date_gmt":"2019-05-15T15:02:20","guid":{"rendered":"https:\/\/floravea.com\/?page_id=30878"},"modified":"2023-10-09T19:28:31","modified_gmt":"2023-10-09T17:28:31","slug":"flowerbox","status":"publish","type":"page","link":"https:\/\/floravea.com\/en\/flowerbox\/","title":{"rendered":"FlowerBox"},"content":{"rendered":"<p>[et_pb_section fb_built=\u00a0\u00bb1&Prime; admin_label=\u00a0\u00bbPromo Banner\u00a0\u00bb _builder_version=\u00a0\u00bb4.16&Prime; background_color=\u00a0\u00bb#fec8dc\u00a0\u00bb background_image=\u00a0\u00bbhttps:\/\/floravea.com\/wp-content\/uploads\/2018\/04\/h_126243_7364-1.jpg\u00a0\u00bb custom_padding=\u00a0\u00bb0px|0px|0px|0px\u00a0\u00bb global_colors_info=\u00a0\u00bb{}\u00a0\u00bb][et_pb_row _builder_version=\u00a0\u00bb4.16&Prime; background_size=\u00a0\u00bbinitial\u00a0\u00bb background_position=\u00a0\u00bbtop_left\u00a0\u00bb background_repeat=\u00a0\u00bbrepeat\u00a0\u00bb global_colors_info=\u00a0\u00bb{}\u00a0\u00bb][et_pb_column type=\u00a0\u00bb4_4&Prime; _builder_version=\u00a0\u00bb4.16&Prime; custom_padding=\u00a0\u00bb|||\u00a0\u00bb global_colors_info=\u00a0\u00bb{}\u00a0\u00bb custom_padding__hover=\u00a0\u00bb|||\u00a0\u00bb][et_pb_text _builder_version=\u00a0\u00bb4.16&Prime; text_font_size=\u00a0\u00bb16px\u00a0\u00bb link_font=\u00a0\u00bb|600|||on||||\u00a0\u00bb link_text_color=\u00a0\u00bbrgba(12,12,12,0.59)\u00a0\u00bb header_2_font=\u00a0\u00bbAlice||||||||\u00a0\u00bb header_2_line_height=\u00a0\u00bb1.5em\u00a0\u00bb text_orientation=\u00a0\u00bbcenter\u00a0\u00bb background_layout=\u00a0\u00bbdark\u00a0\u00bb text_text_shadow_style=\u00a0\u00bbpreset3&Prime; text_text_shadow_color=\u00a0\u00bbrgba(51,242,33,0.9)\u00a0\u00bb global_colors_info=\u00a0\u00bb{}\u00a0\u00bb]<\/p>\n<h1 style=\"text-align: right;\"><span color=\"#008000\" style=\"color: #008000;\">FlowerBox<\/span><\/h1>\n<p>[\/et_pb_text][\/et_pb_column][\/et_pb_row][\/et_pb_section][et_pb_section fb_built=\u00a0\u00bb1&Prime; _builder_version=\u00a0\u00bb4.16&Prime; global_colors_info=\u00a0\u00bb{}\u00a0\u00bb][et_pb_row _builder_version=\u00a0\u00bb4.16&Prime; background_size=\u00a0\u00bbinitial\u00a0\u00bb background_position=\u00a0\u00bbtop_left\u00a0\u00bb background_repeat=\u00a0\u00bbrepeat\u00a0\u00bb global_colors_info=\u00a0\u00bb{}\u00a0\u00bb column_structure=\u00a0\u00bb3_4,1_4&Prime;][et_pb_column type=\u00a0\u00bb3_4&Prime; _builder_version=\u00a0\u00bb4.16&Prime; custom_padding=\u00a0\u00bb|||\u00a0\u00bb global_colors_info=\u00a0\u00bb{}\u00a0\u00bb custom_padding__hover=\u00a0\u00bb|||\u00a0\u00bb][et_pb_code _builder_version=\u00a0\u00bb4.22.2&Prime; hover_enabled=\u00a0\u00bb0&Prime; global_colors_info=\u00a0\u00bb{}\u00a0\u00bb sticky_enabled=\u00a0\u00bb0&Prime;]<div class=\"woocommerce columns-3 \"><ul class=\"products columns-3\">\n<li class=\"product type-product post-30071 status-publish first instock product_cat-roses has-post-thumbnail shipping-taxable purchasable product-type-variable\">\n\t<a href=\"https:\/\/floravea.com\/en\/fleurs\/roses\/box-coeur-roses-rouges\/\" class=\"woocommerce-LoopProduct-link woocommerce-loop-product__link\"><span class=\"et_shop_image\"><img loading=\"lazy\" decoding=\"async\" width=\"300\" height=\"300\" src=\"https:\/\/floravea.com\/wp-content\/uploads\/2018\/05\/kompozicija473-300x300.jpg\" class=\"attachment-woocommerce_thumbnail size-woocommerce_thumbnail\" alt=\"Flowerbox roses rouge\" srcset=\"https:\/\/floravea.com\/wp-content\/uploads\/2018\/05\/kompozicija473-300x300.jpg 300w, https:\/\/floravea.com\/wp-content\/uploads\/2018\/05\/kompozicija473-150x150.jpg 150w, https:\/\/floravea.com\/wp-content\/uploads\/2018\/05\/kompozicija473-100x100.jpg 100w\" sizes=\"(max-width: 300px) 100vw, 300px\" \/><span class=\"et_overlay\"><\/span><\/span><h2 class=\"woocommerce-loop-product__title\">Box c\u0153ur roses rouges<\/h2>\n\t<span class=\"price\"><span class=\"woocommerce-Price-amount amount\" aria-hidden=\"true\"><bdi><span class=\"woocommerce-Price-currencySymbol\">\u20ac<\/span>&nbsp;54.00<\/bdi><\/span> <span aria-hidden=\"true\">&ndash;<\/span> <span class=\"woocommerce-Price-amount amount\" aria-hidden=\"true\"><bdi><span class=\"woocommerce-Price-currencySymbol\">\u20ac<\/span>&nbsp;114.00<\/bdi><\/span><span class=\"screen-reader-text\">Price range: \u20ac&nbsp;54.00 through \u20ac&nbsp;114.00<\/span><\/span>\n<\/a><\/li>\n<li class=\"product type-product post-30863 status-publish instock product_cat-roses has-post-thumbnail shipping-taxable purchasable product-type-variable\">\n\t<a href=\"https:\/\/floravea.com\/en\/fleurs\/roses\/flower-box-carre\/\" class=\"woocommerce-LoopProduct-link woocommerce-loop-product__link\"><span class=\"et_shop_image\"><img loading=\"lazy\" decoding=\"async\" width=\"300\" height=\"300\" src=\"https:\/\/floravea.com\/wp-content\/uploads\/2019\/05\/MDF-DB-SQ-WHT-76-1-300x300.jpg\" class=\"attachment-woocommerce_thumbnail size-woocommerce_thumbnail\" alt=\"Flower Box Carr\u00e9\" srcset=\"https:\/\/floravea.com\/wp-content\/uploads\/2019\/05\/MDF-DB-SQ-WHT-76-1-300x300.jpg 300w, https:\/\/floravea.com\/wp-content\/uploads\/2019\/05\/MDF-DB-SQ-WHT-76-1-150x150.jpg 150w, https:\/\/floravea.com\/wp-content\/uploads\/2019\/05\/MDF-DB-SQ-WHT-76-1-768x768.jpg 768w, https:\/\/floravea.com\/wp-content\/uploads\/2019\/05\/MDF-DB-SQ-WHT-76-1-1024x1024.jpg 1024w, https:\/\/floravea.com\/wp-content\/uploads\/2019\/05\/MDF-DB-SQ-WHT-76-1-1080x1080.jpg 1080w, https:\/\/floravea.com\/wp-content\/uploads\/2019\/05\/MDF-DB-SQ-WHT-76-1-600x600.jpg 600w, https:\/\/floravea.com\/wp-content\/uploads\/2019\/05\/MDF-DB-SQ-WHT-76-1-100x100.jpg 100w, https:\/\/floravea.com\/wp-content\/uploads\/2019\/05\/MDF-DB-SQ-WHT-76-1.jpg 1500w\" sizes=\"(max-width: 300px) 100vw, 300px\" \/><span class=\"et_overlay\"><\/span><\/span><h2 class=\"woocommerce-loop-product__title\">Flower Box Carr\u00e9<\/h2>\n\t<span class=\"price\"><span class=\"woocommerce-Price-amount amount\" aria-hidden=\"true\"><bdi><span class=\"woocommerce-Price-currencySymbol\">\u20ac<\/span>&nbsp;36.00<\/bdi><\/span> <span aria-hidden=\"true\">&ndash;<\/span> <span class=\"woocommerce-Price-amount amount\" aria-hidden=\"true\"><bdi><span class=\"woocommerce-Price-currencySymbol\">\u20ac<\/span>&nbsp;60.00<\/bdi><\/span><span class=\"screen-reader-text\">Price range: \u20ac&nbsp;36.00 through \u20ac&nbsp;60.00<\/span><\/span>\n<\/a><\/li>\n<li class=\"product type-product post-30823 status-publish last instock product_cat-roses has-post-thumbnail shipping-taxable purchasable product-type-variable\">\n\t<a href=\"https:\/\/floravea.com\/en\/fleurs\/roses\/flower-box\/\" class=\"woocommerce-LoopProduct-link woocommerce-loop-product__link\"><span class=\"et_shop_image\"><img loading=\"lazy\" decoding=\"async\" width=\"263\" height=\"254\" src=\"https:\/\/floravea.com\/wp-content\/uploads\/2019\/05\/box-of-red-roses-2_1.png\" class=\"attachment-woocommerce_thumbnail size-woocommerce_thumbnail\" alt=\"Flower Box Rond\" \/><span class=\"et_overlay\"><\/span><\/span><h2 class=\"woocommerce-loop-product__title\">Flower Box Rond<\/h2>\n\t<span class=\"price\"><span class=\"woocommerce-Price-amount amount\" aria-hidden=\"true\"><bdi><span class=\"woocommerce-Price-currencySymbol\">\u20ac<\/span>&nbsp;42.00<\/bdi><\/span> <span aria-hidden=\"true\">&ndash;<\/span> <span class=\"woocommerce-Price-amount amount\" aria-hidden=\"true\"><bdi><span class=\"woocommerce-Price-currencySymbol\">\u20ac<\/span>&nbsp;66.00<\/bdi><\/span><span class=\"screen-reader-text\">Price range: \u20ac&nbsp;42.00 through \u20ac&nbsp;66.00<\/span><\/span>\n<\/a><\/li>\n<li class=\"product type-product post-30892 status-publish first outofstock product_cat-roses has-post-thumbnail shipping-taxable purchasable product-type-variable\">\n\t<a href=\"https:\/\/floravea.com\/en\/fleurs\/roses\/flower-box-red-pink\/\" class=\"woocommerce-LoopProduct-link woocommerce-loop-product__link\"><span class=\"et_shop_image\"><img loading=\"lazy\" decoding=\"async\" width=\"224\" height=\"224\" src=\"https:\/\/floravea.com\/wp-content\/uploads\/2019\/05\/images-1.jpg\" class=\"attachment-woocommerce_thumbnail size-woocommerce_thumbnail\" alt=\"Flower Box Rond rose\" srcset=\"https:\/\/floravea.com\/wp-content\/uploads\/2019\/05\/images-1.jpg 224w, https:\/\/floravea.com\/wp-content\/uploads\/2019\/05\/images-1-150x150.jpg 150w, https:\/\/floravea.com\/wp-content\/uploads\/2019\/05\/images-1-100x100.jpg 100w\" sizes=\"(max-width: 224px) 100vw, 224px\" \/><span class=\"et_overlay\"><\/span><\/span><h2 class=\"woocommerce-loop-product__title\">Flower Box Rond rose<\/h2>\n\t<span class=\"price\"><span class=\"woocommerce-Price-amount amount\" aria-hidden=\"true\"><bdi><span class=\"woocommerce-Price-currencySymbol\">\u20ac<\/span>&nbsp;42.00<\/bdi><\/span> <span aria-hidden=\"true\">&ndash;<\/span> <span class=\"woocommerce-Price-amount amount\" aria-hidden=\"true\"><bdi><span class=\"woocommerce-Price-currencySymbol\">\u20ac<\/span>&nbsp;66.00<\/bdi><\/span><span class=\"screen-reader-text\">Price range: \u20ac&nbsp;42.00 through \u20ac&nbsp;66.00<\/span><\/span>\n<\/a><\/li>\n<li class=\"product type-product post-31766 status-publish instock product_cat-roses has-post-thumbnail shipping-taxable purchasable product-type-simple\">\n\t<a href=\"https:\/\/floravea.com\/en\/fleurs\/roses\/rose-eternelle-2\/\" class=\"woocommerce-LoopProduct-link woocommerce-loop-product__link\"><span class=\"et_shop_image\"><img loading=\"lazy\" decoding=\"async\" width=\"300\" height=\"300\" src=\"https:\/\/floravea.com\/wp-content\/uploads\/2023\/10\/WhatsApp-Image-2023-10-09-at-18.14.29-300x300.jpeg\" class=\"attachment-woocommerce_thumbnail size-woocommerce_thumbnail\" alt=\"Rose eternelle\" \/><span class=\"et_overlay\"><\/span><\/span><h2 class=\"woocommerce-loop-product__title\">Rose eternelle<\/h2>\n\t<span class=\"price\"><span class=\"woocommerce-Price-amount amount\"><bdi><span class=\"woocommerce-Price-currencySymbol\">\u20ac<\/span>&nbsp;30.00<\/bdi><\/span><\/span>\n<\/a><\/li>\n<\/ul>\n<\/div>[\/et_pb_code][\/et_pb_column][et_pb_column type=\u00a0\u00bb1_4&Prime; _builder_version=\u00a0\u00bb4.16&Prime; custom_padding=\u00a0\u00bb|||\u00a0\u00bb global_colors_info=\u00a0\u00bb{}\u00a0\u00bb custom_padding__hover=\u00a0\u00bb|||\u00a0\u00bb][et_pb_sidebar orientation=\u00a0\u00bbright\u00a0\u00bb area=\u00a0\u00bbsidebar-1&Prime; _builder_version=\u00a0\u00bb4.16&Prime; global_colors_info=\u00a0\u00bb{}\u00a0\u00bb][\/et_pb_sidebar][\/et_pb_column][\/et_pb_row][\/et_pb_section][et_pb_section fb_built=\u00a0\u00bb1&Prime; _builder_version=\u00a0\u00bb4.16&Prime; custom_padding=\u00a0\u00bb54px|||||\u00a0\u00bb global_colors_info=\u00a0\u00bb{}\u00a0\u00bb][et_pb_row _builder_version=\u00a0\u00bb4.16&Prime; background_size=\u00a0\u00bbinitial\u00a0\u00bb background_position=\u00a0\u00bbtop_left\u00a0\u00bb background_repeat=\u00a0\u00bbrepeat\u00a0\u00bb global_colors_info=\u00a0\u00bb{}\u00a0\u00bb][et_pb_column type=\u00a0\u00bb4_4&Prime; _builder_version=\u00a0\u00bb4.16&Prime; custom_padding=\u00a0\u00bb|||\u00a0\u00bb global_colors_info=\u00a0\u00bb{}\u00a0\u00bb custom_padding__hover=\u00a0\u00bb|||\u00a0\u00bb][et_pb_text _builder_version=\u00a0\u00bb4.16&Prime; global_colors_info=\u00a0\u00bb{}\u00a0\u00bb]<\/p>\n<p>&nbsp;<\/p>\n<h6><strong>Livraison des Flower Box\u00a0<\/strong><\/h6>\n<p>Les Flower Box\u00a0 sont livrable seulement sur la ville de Casablanca.<\/p>\n<p><span style=\"font-size: 14px;\">Pr\u00e9cisez l\u2019occasion dans votre message au fleuriste afin de mieux choisir les fleurs pour votre destinataire<\/span><\/p>\n<p>Aussi, vous pouvez toujours accompagner vos fleurs avec des accessoires originaux, Chocolat, peluche,\u00a0 ballons, et panier de fruits<\/p>\n<p>La livraison fleurs gratuit sur Casablanca avec le code promo \u00ab CASA \u00bb<\/p>\n<h6><\/h6>\n<p>Pour toute commande sur mesures (Quantit\u00e9 pr\u00e9cises de roses rouges, les arrangements en forme de c\u0153ur, les flowerbox, bouquet de taille sp\u00e9ciale, envoi des fleurs) vous pouvez prendre contact avec notre service \u00e0 l\u2019adresse mail contact@floravea.com.<\/p>\n<p>Notre \u00e9quipe est \u00e0 votre \u00e9coute 7\/7jours.<\/p>\n<p>&nbsp;<\/p>\n<p>[\/et_pb_text][\/et_pb_column][\/et_pb_row][\/et_pb_section]<\/p>\n","protected":false},"excerpt":{"rendered":"<p>FlowerBox<div class=\"woocommerce columns-3 \"><ul class=\"products columns-3\">\n<li class=\"product type-product post-30071 status-publish first instock product_cat-roses has-post-thumbnail shipping-taxable purchasable product-type-variable\">\n\t<a href=\"https:\/\/floravea.com\/en\/fleurs\/roses\/box-coeur-roses-rouges\/\" class=\"woocommerce-LoopProduct-link woocommerce-loop-product__link\"><span class=\"et_shop_image\"><img width=\"300\" height=\"300\" src=\"https:\/\/floravea.com\/wp-content\/uploads\/2018\/05\/kompozicija473-300x300.jpg\" class=\"attachment-woocommerce_thumbnail size-woocommerce_thumbnail\" alt=\"Flowerbox roses rouge\" decoding=\"async\" loading=\"lazy\" srcset=\"https:\/\/floravea.com\/wp-content\/uploads\/2018\/05\/kompozicija473-300x300.jpg 300w, https:\/\/floravea.com\/wp-content\/uploads\/2018\/05\/kompozicija473-150x150.jpg 150w, https:\/\/floravea.com\/wp-content\/uploads\/2018\/05\/kompozicija473-100x100.jpg 100w\" sizes=\"(max-width: 300px) 100vw, 300px\" \/><span class=\"et_overlay\"><\/span><\/span><h2 class=\"woocommerce-loop-product__title\">Box c\u0153ur roses rouges<\/h2>\n\t<span class=\"price\"><span class=\"woocommerce-Price-amount amount\" aria-hidden=\"true\"><bdi><span class=\"woocommerce-Price-currencySymbol\">\u20ac<\/span>&nbsp;54.00<\/bdi><\/span> <span aria-hidden=\"true\">&ndash;<\/span> <span class=\"woocommerce-Price-amount amount\" aria-hidden=\"true\"><bdi><span class=\"woocommerce-Price-currencySymbol\">\u20ac<\/span>&nbsp;114.00<\/bdi><\/span><span class=\"screen-reader-text\">Price range: \u20ac&nbsp;54.00 through \u20ac&nbsp;114.00<\/span><\/span>\n<\/a><\/li>\n<li class=\"product type-product post-30863 status-publish instock product_cat-roses has-post-thumbnail shipping-taxable purchasable product-type-variable\">\n\t<a href=\"https:\/\/floravea.com\/en\/fleurs\/roses\/flower-box-carre\/\" class=\"woocommerce-LoopProduct-link woocommerce-loop-product__link\"><span class=\"et_shop_image\"><img width=\"300\" height=\"300\" src=\"https:\/\/floravea.com\/wp-content\/uploads\/2019\/05\/MDF-DB-SQ-WHT-76-1-300x300.jpg\" class=\"attachment-woocommerce_thumbnail size-woocommerce_thumbnail\" alt=\"Flower Box Carr\u00e9\" decoding=\"async\" loading=\"lazy\" srcset=\"https:\/\/floravea.com\/wp-content\/uploads\/2019\/05\/MDF-DB-SQ-WHT-76-1-300x300.jpg 300w, https:\/\/floravea.com\/wp-content\/uploads\/2019\/05\/MDF-DB-SQ-WHT-76-1-150x150.jpg 150w, https:\/\/floravea.com\/wp-content\/uploads\/2019\/05\/MDF-DB-SQ-WHT-76-1-768x768.jpg 768w, https:\/\/floravea.com\/wp-content\/uploads\/2019\/05\/MDF-DB-SQ-WHT-76-1-1024x1024.jpg 1024w, https:\/\/floravea.com\/wp-content\/uploads\/2019\/05\/MDF-DB-SQ-WHT-76-1-1080x1080.jpg 1080w, https:\/\/floravea.com\/wp-content\/uploads\/2019\/05\/MDF-DB-SQ-WHT-76-1-600x600.jpg 600w, https:\/\/floravea.com\/wp-content\/uploads\/2019\/05\/MDF-DB-SQ-WHT-76-1-100x100.jpg 100w, https:\/\/floravea.com\/wp-content\/uploads\/2019\/05\/MDF-DB-SQ-WHT-76-1.jpg 1500w\" sizes=\"(max-width: 300px) 100vw, 300px\" \/><span class=\"et_overlay\"><\/span><\/span><h2 class=\"woocommerce-loop-product__title\">Flower Box Carr\u00e9<\/h2>\n\t<span class=\"price\"><span class=\"woocommerce-Price-amount amount\" aria-hidden=\"true\"><bdi><span class=\"woocommerce-Price-currencySymbol\">\u20ac<\/span>&nbsp;36.00<\/bdi><\/span> <span aria-hidden=\"true\">&ndash;<\/span> <span class=\"woocommerce-Price-amount amount\" aria-hidden=\"true\"><bdi><span class=\"woocommerce-Price-currencySymbol\">\u20ac<\/span>&nbsp;60.00<\/bdi><\/span><span class=\"screen-reader-text\">Price range: \u20ac&nbsp;36.00 through \u20ac&nbsp;60.00<\/span><\/span>\n<\/a><\/li>\n<li class=\"product type-product post-30823 status-publish last instock product_cat-roses has-post-thumbnail shipping-taxable purchasable product-type-variable\">\n\t<a href=\"https:\/\/floravea.com\/en\/fleurs\/roses\/flower-box\/\" class=\"woocommerce-LoopProduct-link woocommerce-loop-product__link\"><span class=\"et_shop_image\"><img width=\"263\" height=\"254\" src=\"https:\/\/floravea.com\/wp-content\/uploads\/2019\/05\/box-of-red-roses-2_1.png\" class=\"attachment-woocommerce_thumbnail size-woocommerce_thumbnail\" alt=\"Flower Box Rond\" decoding=\"async\" loading=\"lazy\" \/><span class=\"et_overlay\"><\/span><\/span><h2 class=\"woocommerce-loop-product__title\">Flower Box Rond<\/h2>\n\t<span class=\"price\"><span class=\"woocommerce-Price-amount amount\" aria-hidden=\"true\"><bdi><span class=\"woocommerce-Price-currencySymbol\">\u20ac<\/span>&nbsp;42.00<\/bdi><\/span> <span aria-hidden=\"true\">&ndash;<\/span> <span class=\"woocommerce-Price-amount amount\" aria-hidden=\"true\"><bdi><span class=\"woocommerce-Price-currencySymbol\">\u20ac<\/span>&nbsp;66.00<\/bdi><\/span><span class=\"screen-reader-text\">Price range: \u20ac&nbsp;42.00 through \u20ac&nbsp;66.00<\/span><\/span>\n<\/a><\/li>\n<li class=\"product type-product post-30892 status-publish first outofstock product_cat-roses has-post-thumbnail shipping-taxable purchasable product-type-variable\">\n\t<a href=\"https:\/\/floravea.com\/en\/fleurs\/roses\/flower-box-red-pink\/\" class=\"woocommerce-LoopProduct-link woocommerce-loop-product__link\"><span class=\"et_shop_image\"><img width=\"224\" height=\"224\" src=\"https:\/\/floravea.com\/wp-content\/uploads\/2019\/05\/images-1.jpg\" class=\"attachment-woocommerce_thumbnail size-woocommerce_thumbnail\" alt=\"Flower Box Rond rose\" decoding=\"async\" loading=\"lazy\" srcset=\"https:\/\/floravea.com\/wp-content\/uploads\/2019\/05\/images-1.jpg 224w, https:\/\/floravea.com\/wp-content\/uploads\/2019\/05\/images-1-150x150.jpg 150w, https:\/\/floravea.com\/wp-content\/uploads\/2019\/05\/images-1-100x100.jpg 100w\" sizes=\"(max-width: 224px) 100vw, 224px\" \/><span class=\"et_overlay\"><\/span><\/span><h2 class=\"woocommerce-loop-product__title\">Flower Box Rond rose<\/h2>\n\t<span class=\"price\"><span class=\"woocommerce-Price-amount amount\" aria-hidden=\"true\"><bdi><span class=\"woocommerce-Price-currencySymbol\">\u20ac<\/span>&nbsp;42.00<\/bdi><\/span> <span aria-hidden=\"true\">&ndash;<\/span> <span class=\"woocommerce-Price-amount amount\" aria-hidden=\"true\"><bdi><span class=\"woocommerce-Price-currencySymbol\">\u20ac<\/span>&nbsp;66.00<\/bdi><\/span><span class=\"screen-reader-text\">Price range: \u20ac&nbsp;42.00 through \u20ac&nbsp;66.00<\/span><\/span>\n<\/a><\/li>\n<li class=\"product type-product post-31766 status-publish instock product_cat-roses has-post-thumbnail shipping-taxable purchasable product-type-simple\">\n\t<a href=\"https:\/\/floravea.com\/en\/fleurs\/roses\/rose-eternelle-2\/\" class=\"woocommerce-LoopProduct-link woocommerce-loop-product__link\"><span class=\"et_shop_image\"><img width=\"300\" height=\"300\" src=\"https:\/\/floravea.com\/wp-content\/uploads\/2023\/10\/WhatsApp-Image-2023-10-09-at-18.14.29-300x300.jpeg\" class=\"attachment-woocommerce_thumbnail size-woocommerce_thumbnail\" alt=\"Rose eternelle\" decoding=\"async\" loading=\"lazy\" \/><span class=\"et_overlay\"><\/span><\/span><h2 class=\"woocommerce-loop-product__title\">Rose eternelle<\/h2>\n\t<span class=\"price\"><span class=\"woocommerce-Price-amount amount\"><bdi><span class=\"woocommerce-Price-currencySymbol\">\u20ac<\/span>&nbsp;30.00<\/bdi><\/span><\/span>\n<\/a><\/li>\n<\/ul>\n<\/div>&nbsp; Livraison des Flower Box\u00a0 Les Flower Box\u00a0 sont livrable seulement sur la ville de Casablanca. Pr\u00e9cisez l\u2019occasion dans votre message au fleuriste afin de mieux choisir les fleurs pour votre destinataire Aussi, vous pouvez toujours accompagner vos fleurs avec des accessoires originaux, Chocolat, peluche,\u00a0 ballons, et panier [&hellip;]<\/p>\n","protected":false},"author":4,"featured_media":0,"parent":0,"menu_order":0,"comment_status":"closed","ping_status":"closed","template":"","meta":{"_et_pb_use_builder":"on","_et_pb_old_content":"<!-- wp:image -->\n<figure class=\"wp-block-image\"><img alt=\"\"\/><\/figure>\n<!-- \/wp:image -->","_et_gb_content_width":"","footnotes":""},"class_list":["post-30878","page","type-page","status-publish","hentry"],"yoast_head":"<!-- This site is optimized with the Yoast SEO plugin v27.5 - https:\/\/yoast.com\/product\/yoast-seo-wordpress\/ -->\n<title>FlowerBox - Livraison sur la ville de Casablanca Maroc| Floravea.com<\/title>\n<meta name=\"description\" content=\"FlowerBox en forme de coeur - Ronde - Carr\u00e9e | offrez \u00e0 vos proches et \u00e0 vos ch\u00e9ri(e)s ce cadeau remarquable rempli de fleurs et d&#039;\u00e9motions\" \/>\n<meta name=\"robots\" content=\"index, follow, max-snippet:-1, max-image-preview:large, max-video-preview:-1\" \/>\n<link rel=\"canonical\" href=\"https:\/\/floravea.com\/en\/flowerbox\/\" \/>\n<meta property=\"og:locale\" content=\"en_US\" \/>\n<meta property=\"og:type\" content=\"article\" \/>\n<meta property=\"og:title\" content=\"FlowerBox - Livraison sur la ville de Casablanca Maroc| Floravea.com\" \/>\n<meta property=\"og:description\" content=\"FlowerBox en forme de coeur - Ronde - Carr\u00e9e | offrez \u00e0 vos proches et \u00e0 vos ch\u00e9ri(e)s ce cadeau remarquable rempli de fleurs et d&#039;\u00e9motions\" \/>\n<meta property=\"og:url\" content=\"https:\/\/floravea.com\/en\/flowerbox\/\" \/>\n<meta property=\"og:site_name\" content=\"Livraison des fleurs au Maroc (Casablanca, Rabat, Tanger, Marrakech, Agadir, Essaouira ...) ....) &amp; International\" \/>\n<meta property=\"article:publisher\" content=\"https:\/\/www.facebook.com\/Floraveacom-1660859444030311\/\" \/>\n<meta property=\"article:modified_time\" content=\"2023-10-09T17:28:31+00:00\" \/>\n<meta name=\"twitter:card\" content=\"summary_large_image\" \/>\n<meta name=\"twitter:label1\" content=\"Est. reading time\" \/>\n\t<meta name=\"twitter:data1\" content=\"2 minutes\" \/>\n<script type=\"application\/ld+json\" class=\"yoast-schema-graph\">{\"@context\":\"https:\\\/\\\/schema.org\",\"@graph\":[{\"@type\":\"WebPage\",\"@id\":\"https:\\\/\\\/floravea.com\\\/flowerbox\\\/\",\"url\":\"https:\\\/\\\/floravea.com\\\/flowerbox\\\/\",\"name\":\"FlowerBox - Livraison sur la ville de Casablanca Maroc| Floravea.com\",\"isPartOf\":{\"@id\":\"https:\\\/\\\/floravea.com\\\/#website\"},\"datePublished\":\"2019-05-15T15:02:20+00:00\",\"dateModified\":\"2023-10-09T17:28:31+00:00\",\"description\":\"FlowerBox en forme de coeur - Ronde - Carr\u00e9e | offrez \u00e0 vos proches et \u00e0 vos ch\u00e9ri(e)s ce cadeau remarquable rempli de fleurs et d'\u00e9motions\",\"breadcrumb\":{\"@id\":\"https:\\\/\\\/floravea.com\\\/flowerbox\\\/#breadcrumb\"},\"inLanguage\":\"en-US\",\"potentialAction\":[{\"@type\":\"ReadAction\",\"target\":[\"https:\\\/\\\/floravea.com\\\/flowerbox\\\/\"]}]},{\"@type\":\"BreadcrumbList\",\"@id\":\"https:\\\/\\\/floravea.com\\\/flowerbox\\\/#breadcrumb\",\"itemListElement\":[{\"@type\":\"ListItem\",\"position\":1,\"name\":\"Accueil\",\"item\":\"https:\\\/\\\/floravea.com\\\/\"},{\"@type\":\"ListItem\",\"position\":2,\"name\":\"FlowerBox\"}]},{\"@type\":\"WebSite\",\"@id\":\"https:\\\/\\\/floravea.com\\\/#website\",\"url\":\"https:\\\/\\\/floravea.com\\\/\",\"name\":\"Livraison des fleurs au Maroc (Casablanca, Rabat, Tanger, Marrakech, Agadir, Essaouira ...) ....) &amp; International\",\"description\":\"Exprimer vos sentiments avec des fleurs\",\"potentialAction\":[{\"@type\":\"SearchAction\",\"target\":{\"@type\":\"EntryPoint\",\"urlTemplate\":\"https:\\\/\\\/floravea.com\\\/?s={search_term_string}\"},\"query-input\":{\"@type\":\"PropertyValueSpecification\",\"valueRequired\":true,\"valueName\":\"search_term_string\"}}],\"inLanguage\":\"en-US\"}]}<\/script>\n<!-- \/ Yoast SEO plugin. -->","yoast_head_json":{"title":"FlowerBox - Livraison sur la ville de Casablanca Maroc| Floravea.com","description":"FlowerBox en forme de coeur - Ronde - Carr\u00e9e | offrez \u00e0 vos proches et \u00e0 vos ch\u00e9ri(e)s ce cadeau remarquable rempli de fleurs et d'\u00e9motions","robots":{"index":"index","follow":"follow","max-snippet":"max-snippet:-1","max-image-preview":"max-image-preview:large","max-video-preview":"max-video-preview:-1"},"canonical":"https:\/\/floravea.com\/en\/flowerbox\/","og_locale":"en_US","og_type":"article","og_title":"FlowerBox - Livraison sur la ville de Casablanca Maroc| Floravea.com","og_description":"FlowerBox en forme de coeur - Ronde - Carr\u00e9e | offrez \u00e0 vos proches et \u00e0 vos ch\u00e9ri(e)s ce cadeau remarquable rempli de fleurs et d'\u00e9motions","og_url":"https:\/\/floravea.com\/en\/flowerbox\/","og_site_name":"Livraison des fleurs au Maroc (Casablanca, Rabat, Tanger, Marrakech, Agadir, Essaouira ...) ....) &amp; International","article_publisher":"https:\/\/www.facebook.com\/Floraveacom-1660859444030311\/","article_modified_time":"2023-10-09T17:28:31+00:00","twitter_card":"summary_large_image","twitter_misc":{"Est. reading time":"2 minutes"},"schema":{"@context":"https:\/\/schema.org","@graph":[{"@type":"WebPage","@id":"https:\/\/floravea.com\/flowerbox\/","url":"https:\/\/floravea.com\/flowerbox\/","name":"FlowerBox - Livraison sur la ville de Casablanca Maroc| Floravea.com","isPartOf":{"@id":"https:\/\/floravea.com\/#website"},"datePublished":"2019-05-15T15:02:20+00:00","dateModified":"2023-10-09T17:28:31+00:00","description":"FlowerBox en forme de coeur - Ronde - Carr\u00e9e | offrez \u00e0 vos proches et \u00e0 vos ch\u00e9ri(e)s ce cadeau remarquable rempli de fleurs et d'\u00e9motions","breadcrumb":{"@id":"https:\/\/floravea.com\/flowerbox\/#breadcrumb"},"inLanguage":"en-US","potentialAction":[{"@type":"ReadAction","target":["https:\/\/floravea.com\/flowerbox\/"]}]},{"@type":"BreadcrumbList","@id":"https:\/\/floravea.com\/flowerbox\/#breadcrumb","itemListElement":[{"@type":"ListItem","position":1,"name":"Accueil","item":"https:\/\/floravea.com\/"},{"@type":"ListItem","position":2,"name":"FlowerBox"}]},{"@type":"WebSite","@id":"https:\/\/floravea.com\/#website","url":"https:\/\/floravea.com\/","name":"Livraison des fleurs au Maroc (Casablanca, Rabat, Tanger, Marrakech, Agadir, Essaouira ...) ....) &amp; International","description":"Exprimer vos sentiments avec des fleurs","potentialAction":[{"@type":"SearchAction","target":{"@type":"EntryPoint","urlTemplate":"https:\/\/floravea.com\/?s={search_term_string}"},"query-input":{"@type":"PropertyValueSpecification","valueRequired":true,"valueName":"search_term_string"}}],"inLanguage":"en-US"}]}},"jetpack_sharing_enabled":true,"_links":{"self":[{"href":"https:\/\/floravea.com\/en\/wp-json\/wp\/v2\/pages\/30878","targetHints":{"allow":["GET"]}}],"collection":[{"href":"https:\/\/floravea.com\/en\/wp-json\/wp\/v2\/pages"}],"about":[{"href":"https:\/\/floravea.com\/en\/wp-json\/wp\/v2\/types\/page"}],"author":[{"embeddable":true,"href":"https:\/\/floravea.com\/en\/wp-json\/wp\/v2\/users\/4"}],"replies":[{"embeddable":true,"href":"https:\/\/floravea.com\/en\/wp-json\/wp\/v2\/comments?post=30878"}],"version-history":[{"count":0,"href":"https:\/\/floravea.com\/en\/wp-json\/wp\/v2\/pages\/30878\/revisions"}],"wp:attachment":[{"href":"https:\/\/floravea.com\/en\/wp-json\/wp\/v2\/media?parent=30878"}],"curies":[{"name":"wp","href":"https:\/\/api.w.org\/{rel}","templated":true}]}}