{"id":30185,"date":"2018-05-17T17:10:03","date_gmt":"2018-05-17T15:10:03","guid":{"rendered":"https:\/\/floravea.com\/?page_id=30185"},"modified":"2018-05-18T15:40:02","modified_gmt":"2018-05-18T13:40:02","slug":"comment-commander-de-notre-site","status":"publish","type":"page","link":"https:\/\/floravea.com\/en\/comment-commander-de-notre-site\/","title":{"rendered":"How to order from our site"},"content":{"rendered":"<p>How to order from our site <a href=\"https:\/\/floravea.com\/en\/\">www.floravea.com<\/a><\/p>\n<p>The time to place an order is estimated at about 5 minutes and it is very simple to place an order by following the 8 steps below:<\/p>\n<p>Step 1: Choice of bouquet \/ Click on the bouquet of your choice among our various categories and occasions, for example \"Passion<\/p>\n<p><img loading=\"lazy\" decoding=\"async\" class=\"alignnone wp-image-30186 size-medium\" src=\"https:\/\/floravea.com\/wp-content\/uploads\/2018\/05\/choix-du-bouquet-300x176.png\" alt=\"How to order from our site\" width=\"400\" height=\"276\" \/><\/p>\n<p>Step 2 : Choose the size of the bouquet (You have the choice between 3 sizes: Cute, Classic and Beautiful) the price of the bouquet varies according to the chosen size then you define the quantity of the chosen bouquet<\/p>\n<p><img loading=\"lazy\" decoding=\"async\" class=\"alignnone size-thumbnail wp-image-30187\" src=\"https:\/\/floravea.com\/wp-content\/uploads\/2018\/05\/choix-de-la-taille-du-bouquet-150x150.png\" alt=\"How to order from our site\" width=\"400\" height=\"276\" \/>\u00a0 \u00a0 \u00a0 \u00a0 \u00a0 \u00a0 \u00a0 \u00a0 \u00a0 \u00a0 <img loading=\"lazy\" decoding=\"async\" class=\"alignnone size-thumbnail wp-image-30188\" src=\"https:\/\/floravea.com\/wp-content\/uploads\/2018\/05\/Choix-de-la-quantit\u00e9-du-bouquet-150x150.png\" alt=\"How to order from our site\" width=\"150\" height=\"150\" srcset=\"https:\/\/floravea.com\/wp-content\/uploads\/2018\/05\/Choix-de-la-quantit\u00e9-du-bouquet-150x150.png 150w, https:\/\/floravea.com\/wp-content\/uploads\/2018\/05\/Choix-de-la-quantit\u00e9-du-bouquet-300x300.png 300w, https:\/\/floravea.com\/wp-content\/uploads\/2018\/05\/Choix-de-la-quantit\u00e9-du-bouquet-100x100.png 100w\" sizes=\"(max-width: 150px) 100vw, 150px\" \/><\/p>\n<p>Step 3: Add to the BASKET (or you can add accessories, for example: Plush, Chocolate, Vase, Fruit basket, if you wish to accompany the bouquet)<\/p>\n<p><img loading=\"lazy\" decoding=\"async\" class=\"alignnone size-thumbnail wp-image-30190\" src=\"https:\/\/floravea.com\/wp-content\/uploads\/2018\/05\/Ajouter-des-accesoires-au-PANIER-150x150.png\" alt=\"How to order from our site\" width=\"400\" height=\"276\" \/>\u00a0 \u00a0 \u00a0 \u00a0\u00a0<img loading=\"lazy\" decoding=\"async\" class=\"alignnone size-thumbnail wp-image-30189\" src=\"https:\/\/floravea.com\/wp-content\/uploads\/2018\/05\/Ajouter-le-bouquet-au-panier-150x150.png\" alt=\"How to order from our site\" width=\"400\" height=\"276\" \/><\/p>\n<p>Step 4: click on \"View cart\" to finalize your choice<\/p>\n<p><img loading=\"lazy\" decoding=\"async\" class=\"alignnone size-thumbnail wp-image-30191\" src=\"https:\/\/floravea.com\/wp-content\/uploads\/2018\/05\/Voir-le-PANIER-150x150.png\" alt=\"How to order from our site\" width=\"400\" height=\"276\" \/><\/p>\n<p>Step 5: Choose the Country with the city of delivery to calculate shipping costs (shipping costs vary from one country to another). You can add a PROMO CODE if you have it and update your cart.<\/p>\n<p><img loading=\"lazy\" decoding=\"async\" class=\"alignnone size-thumbnail wp-image-30192\" src=\"https:\/\/floravea.com\/wp-content\/uploads\/2018\/05\/Choisir-le-pays-de-livraison-150x150.png\" alt=\"How to order from our site\" width=\"400\" height=\"276\" \/><\/p>\n<p>Step 6: Update totals and then ORDER<\/p>\n<p><img loading=\"lazy\" decoding=\"async\" class=\"alignnone size-thumbnail wp-image-30193\" src=\"https:\/\/floravea.com\/wp-content\/uploads\/2018\/05\/Mettre-\u00e0-jour-les-faris-dexpedition-150x150.png\" alt=\"How to order from our site\" width=\"400\" height=\"276\" \/><\/p>\n<p>Step 7: Fill in the information form \/ your details and the recipient's information<\/p>\n<ul>\n<li>Your contact information must be mentioned in the <strong>\u00ab Billing Detail \u00bb<\/strong><\/li>\n<li>The contact information of the person who will receive the flowers must be mentioned in the <b>\"Ship to a different address? \"Make sure that you have put all the delivery information (phone number and delivery address completed ...) to avoid any delay in delivery<\/b><\/li>\n<\/ul>\n<p><img loading=\"lazy\" decoding=\"async\" class=\"alignnone size-thumbnail wp-image-30194\" src=\"https:\/\/floravea.com\/wp-content\/uploads\/2018\/05\/Formulaire-des-informations-150x150.png\" alt=\"How to order from our site\" width=\"400\" height=\"276\" \/><\/p>\n<p>Step 8: Check on \"I have read and accept the terms and conditions of sale\" and click on \"Pay with Paypal\", you will be redirected to the PAYPAL page for payment<\/p>\n<p><img loading=\"lazy\" decoding=\"async\" class=\"alignnone size-thumbnail wp-image-30195\" src=\"https:\/\/floravea.com\/wp-content\/uploads\/2018\/05\/Paiement-150x150.png\" alt=\"How to order from our site\" width=\"400\" height=\"276\" \/><\/p>\n<p>After the payment of your order, you will receive an order confirmation email.<\/p>\n<p>Your order will be forwarded to the nearest florist at the delivery address for processing.<\/p>\n<p>In case of complication, you will be contacted by our service by email or by phone to ask for more information.<\/p>\n<p>Our service is available 7 days a week to answer you at 00212663373017<\/p>\n<p>&nbsp;<\/p>\n<p>&nbsp;<\/p>\n<p>Please click on the icon :<a href=\"https:\/\/api.whatsapp.com\/send?phone=212663373017\"><img loading=\"lazy\" decoding=\"async\" class=\"alignnone wp-image-30160 size-full\" src=\"https:\/\/floravea.com\/wp-content\/uploads\/2018\/05\/png.png\" alt=\"florist casablanca\" width=\"37\" height=\"37\" \/><\/a> from your mobile for a direct contact!<\/p>","protected":false},"excerpt":{"rendered":"<p>Comment commander de notre site www.floravea.com Le temps pour passer une commande est estim\u00e9 \u00e0 5 minutes environ et il est tr\u00e8s simple de passer commande en respectant les 8 \u00e9tapes ci-dessous\u00a0: Etape\u00a0 1\u00a0: Choix du bouquet \/ Cliquez sur le bouquet de votre choix parmi nos diverses cat\u00e9gories et occasion, par exemple \u00ab\u00a0Passion \u00bb [&hellip;]<\/p>\n","protected":false},"author":4,"featured_media":30098,"parent":0,"menu_order":0,"comment_status":"closed","ping_status":"closed","template":"","meta":{"_et_pb_use_builder":"","_et_pb_old_content":"","_et_gb_content_width":"","footnotes":""},"class_list":["post-30185","page","type-page","status-publish","has-post-thumbnail","hentry"],"yoast_head":"<!-- This site is optimized with the Yoast SEO plugin v27.5 - https:\/\/yoast.com\/product\/yoast-seo-wordpress\/ -->\n<title>Comment commander de notre site - Livraison des fleurs au Maroc (Casablanca, Rabat, Tanger, Marrakech, Agadir, Essaouira ...) ....) &amp; International<\/title>\n<meta name=\"robots\" content=\"index, follow, max-snippet:-1, max-image-preview:large, max-video-preview:-1\" \/>\n<link rel=\"canonical\" href=\"https:\/\/floravea.com\/en\/comment-commander-de-notre-site\/\" \/>\n<meta property=\"og:locale\" content=\"en_US\" \/>\n<meta property=\"og:type\" content=\"article\" \/>\n<meta property=\"og:title\" content=\"Comment commander de notre site - Livraison des fleurs au Maroc (Casablanca, Rabat, Tanger, Marrakech, Agadir, Essaouira ...) ....) &amp; International\" \/>\n<meta property=\"og:description\" content=\"Comment commander de notre site www.floravea.com Le temps pour passer une commande est estim\u00e9 \u00e0 5 minutes environ et il est tr\u00e8s simple de passer commande en respectant les 8 \u00e9tapes ci-dessous\u00a0: Etape\u00a0 1\u00a0: Choix du bouquet \/ Cliquez sur le bouquet de votre choix parmi nos diverses cat\u00e9gories et occasion, par exemple \u00ab\u00a0Passion \u00bb [&hellip;]\" \/>\n<meta property=\"og:url\" content=\"https:\/\/floravea.com\/en\/comment-commander-de-notre-site\/\" \/>\n<meta property=\"og:site_name\" content=\"Livraison des fleurs au Maroc (Casablanca, Rabat, Tanger, Marrakech, Agadir, Essaouira ...) ....) &amp; International\" \/>\n<meta property=\"article:publisher\" content=\"https:\/\/www.facebook.com\/Floraveacom-1660859444030311\/\" \/>\n<meta property=\"article:modified_time\" content=\"2018-05-18T13:40:02+00:00\" \/>\n<meta property=\"og:image\" content=\"https:\/\/floravea.com\/wp-content\/uploads\/2018\/05\/arrangement-bloom-blossom-395132-1024x632.jpg\" \/>\n\t<meta property=\"og:image:width\" content=\"1024\" \/>\n\t<meta property=\"og:image:height\" content=\"632\" \/>\n\t<meta property=\"og:image:type\" content=\"image\/jpeg\" \/>\n<meta name=\"twitter:card\" content=\"summary_large_image\" \/>\n<meta name=\"twitter:label1\" content=\"Est. reading time\" \/>\n\t<meta name=\"twitter:data1\" content=\"2 minutes\" \/>\n<script type=\"application\/ld+json\" class=\"yoast-schema-graph\">{\"@context\":\"https:\\\/\\\/schema.org\",\"@graph\":[{\"@type\":\"WebPage\",\"@id\":\"https:\\\/\\\/floravea.com\\\/en\\\/comment-commander-de-notre-site\\\/\",\"url\":\"https:\\\/\\\/floravea.com\\\/en\\\/comment-commander-de-notre-site\\\/\",\"name\":\"Comment commander de notre site - Livraison des fleurs au Maroc (Casablanca, Rabat, Tanger, Marrakech, Agadir, Essaouira ...) ....) &amp; International\",\"isPartOf\":{\"@id\":\"https:\\\/\\\/floravea.com\\\/#website\"},\"primaryImageOfPage\":{\"@id\":\"https:\\\/\\\/floravea.com\\\/en\\\/comment-commander-de-notre-site\\\/#primaryimage\"},\"image\":{\"@id\":\"https:\\\/\\\/floravea.com\\\/en\\\/comment-commander-de-notre-site\\\/#primaryimage\"},\"thumbnailUrl\":\"https:\\\/\\\/floravea.com\\\/wp-content\\\/uploads\\\/2018\\\/05\\\/arrangement-bloom-blossom-395132.jpg\",\"datePublished\":\"2018-05-17T15:10:03+00:00\",\"dateModified\":\"2018-05-18T13:40:02+00:00\",\"breadcrumb\":{\"@id\":\"https:\\\/\\\/floravea.com\\\/en\\\/comment-commander-de-notre-site\\\/#breadcrumb\"},\"inLanguage\":\"en-US\",\"potentialAction\":[{\"@type\":\"ReadAction\",\"target\":[\"https:\\\/\\\/floravea.com\\\/en\\\/comment-commander-de-notre-site\\\/\"]}]},{\"@type\":\"ImageObject\",\"inLanguage\":\"en-US\",\"@id\":\"https:\\\/\\\/floravea.com\\\/en\\\/comment-commander-de-notre-site\\\/#primaryimage\",\"url\":\"https:\\\/\\\/floravea.com\\\/wp-content\\\/uploads\\\/2018\\\/05\\\/arrangement-bloom-blossom-395132.jpg\",\"contentUrl\":\"https:\\\/\\\/floravea.com\\\/wp-content\\\/uploads\\\/2018\\\/05\\\/arrangement-bloom-blossom-395132.jpg\",\"width\":6500,\"height\":4010},{\"@type\":\"BreadcrumbList\",\"@id\":\"https:\\\/\\\/floravea.com\\\/en\\\/comment-commander-de-notre-site\\\/#breadcrumb\",\"itemListElement\":[{\"@type\":\"ListItem\",\"position\":1,\"name\":\"Accueil\",\"item\":\"https:\\\/\\\/floravea.com\\\/\"},{\"@type\":\"ListItem\",\"position\":2,\"name\":\"Comment commander de notre site\"}]},{\"@type\":\"WebSite\",\"@id\":\"https:\\\/\\\/floravea.com\\\/#website\",\"url\":\"https:\\\/\\\/floravea.com\\\/\",\"name\":\"Livraison des fleurs au Maroc (Casablanca, Rabat, Tanger, Marrakech, Agadir, Essaouira ...) ....) &amp; International\",\"description\":\"Exprimer vos sentiments avec des fleurs\",\"potentialAction\":[{\"@type\":\"SearchAction\",\"target\":{\"@type\":\"EntryPoint\",\"urlTemplate\":\"https:\\\/\\\/floravea.com\\\/?s={search_term_string}\"},\"query-input\":{\"@type\":\"PropertyValueSpecification\",\"valueRequired\":true,\"valueName\":\"search_term_string\"}}],\"inLanguage\":\"en-US\"}]}<\/script>\n<!-- \/ Yoast SEO plugin. -->","yoast_head_json":{"title":"Comment commander de notre site - Livraison des fleurs au Maroc (Casablanca, Rabat, Tanger, Marrakech, Agadir, Essaouira ...) ....) &amp; International","robots":{"index":"index","follow":"follow","max-snippet":"max-snippet:-1","max-image-preview":"max-image-preview:large","max-video-preview":"max-video-preview:-1"},"canonical":"https:\/\/floravea.com\/en\/comment-commander-de-notre-site\/","og_locale":"en_US","og_type":"article","og_title":"Comment commander de notre site - Livraison des fleurs au Maroc (Casablanca, Rabat, Tanger, Marrakech, Agadir, Essaouira ...) ....) &amp; International","og_description":"Comment commander de notre site www.floravea.com Le temps pour passer une commande est estim\u00e9 \u00e0 5 minutes environ et il est tr\u00e8s simple de passer commande en respectant les 8 \u00e9tapes ci-dessous\u00a0: Etape\u00a0 1\u00a0: Choix du bouquet \/ Cliquez sur le bouquet de votre choix parmi nos diverses cat\u00e9gories et occasion, par exemple \u00ab\u00a0Passion \u00bb [&hellip;]","og_url":"https:\/\/floravea.com\/en\/comment-commander-de-notre-site\/","og_site_name":"Livraison des fleurs au Maroc (Casablanca, Rabat, Tanger, Marrakech, Agadir, Essaouira ...) ....) &amp; International","article_publisher":"https:\/\/www.facebook.com\/Floraveacom-1660859444030311\/","article_modified_time":"2018-05-18T13:40:02+00:00","og_image":[{"width":1024,"height":632,"url":"https:\/\/floravea.com\/wp-content\/uploads\/2018\/05\/arrangement-bloom-blossom-395132-1024x632.jpg","type":"image\/jpeg"}],"twitter_card":"summary_large_image","twitter_misc":{"Est. reading time":"2 minutes"},"schema":{"@context":"https:\/\/schema.org","@graph":[{"@type":"WebPage","@id":"https:\/\/floravea.com\/en\/comment-commander-de-notre-site\/","url":"https:\/\/floravea.com\/en\/comment-commander-de-notre-site\/","name":"Comment commander de notre site - Livraison des fleurs au Maroc (Casablanca, Rabat, Tanger, Marrakech, Agadir, Essaouira ...) ....) &amp; International","isPartOf":{"@id":"https:\/\/floravea.com\/#website"},"primaryImageOfPage":{"@id":"https:\/\/floravea.com\/en\/comment-commander-de-notre-site\/#primaryimage"},"image":{"@id":"https:\/\/floravea.com\/en\/comment-commander-de-notre-site\/#primaryimage"},"thumbnailUrl":"https:\/\/floravea.com\/wp-content\/uploads\/2018\/05\/arrangement-bloom-blossom-395132.jpg","datePublished":"2018-05-17T15:10:03+00:00","dateModified":"2018-05-18T13:40:02+00:00","breadcrumb":{"@id":"https:\/\/floravea.com\/en\/comment-commander-de-notre-site\/#breadcrumb"},"inLanguage":"en-US","potentialAction":[{"@type":"ReadAction","target":["https:\/\/floravea.com\/en\/comment-commander-de-notre-site\/"]}]},{"@type":"ImageObject","inLanguage":"en-US","@id":"https:\/\/floravea.com\/en\/comment-commander-de-notre-site\/#primaryimage","url":"https:\/\/floravea.com\/wp-content\/uploads\/2018\/05\/arrangement-bloom-blossom-395132.jpg","contentUrl":"https:\/\/floravea.com\/wp-content\/uploads\/2018\/05\/arrangement-bloom-blossom-395132.jpg","width":6500,"height":4010},{"@type":"BreadcrumbList","@id":"https:\/\/floravea.com\/en\/comment-commander-de-notre-site\/#breadcrumb","itemListElement":[{"@type":"ListItem","position":1,"name":"Accueil","item":"https:\/\/floravea.com\/"},{"@type":"ListItem","position":2,"name":"Comment commander de notre site"}]},{"@type":"WebSite","@id":"https:\/\/floravea.com\/#website","url":"https:\/\/floravea.com\/","name":"Livraison des fleurs au Maroc (Casablanca, Rabat, Tanger, Marrakech, Agadir, Essaouira ...) ....) &amp; International","description":"Exprimer vos sentiments avec des fleurs","potentialAction":[{"@type":"SearchAction","target":{"@type":"EntryPoint","urlTemplate":"https:\/\/floravea.com\/?s={search_term_string}"},"query-input":{"@type":"PropertyValueSpecification","valueRequired":true,"valueName":"search_term_string"}}],"inLanguage":"en-US"}]}},"jetpack_sharing_enabled":true,"_links":{"self":[{"href":"https:\/\/floravea.com\/en\/wp-json\/wp\/v2\/pages\/30185","targetHints":{"allow":["GET"]}}],"collection":[{"href":"https:\/\/floravea.com\/en\/wp-json\/wp\/v2\/pages"}],"about":[{"href":"https:\/\/floravea.com\/en\/wp-json\/wp\/v2\/types\/page"}],"author":[{"embeddable":true,"href":"https:\/\/floravea.com\/en\/wp-json\/wp\/v2\/users\/4"}],"replies":[{"embeddable":true,"href":"https:\/\/floravea.com\/en\/wp-json\/wp\/v2\/comments?post=30185"}],"version-history":[{"count":0,"href":"https:\/\/floravea.com\/en\/wp-json\/wp\/v2\/pages\/30185\/revisions"}],"wp:featuredmedia":[{"embeddable":true,"href":"https:\/\/floravea.com\/en\/wp-json\/wp\/v2\/media\/30098"}],"wp:attachment":[{"href":"https:\/\/floravea.com\/en\/wp-json\/wp\/v2\/media?parent=30185"}],"curies":[{"name":"wp","href":"https:\/\/api.w.org\/{rel}","templated":true}]}}