{"id":29604,"date":"2018-04-22T13:41:39","date_gmt":"2018-04-22T11:41:39","guid":{"rendered":"https:\/\/floravea.com\/?page_id=29604"},"modified":"2018-06-18T17:39:33","modified_gmt":"2018-06-18T15:39:33","slug":"commande-sur-mesure","status":"publish","type":"page","link":"https:\/\/floravea.com\/en\/commande-sur-mesure\/","title":{"rendered":"Customized order"},"content":{"rendered":"<h4><span style=\"color: #000000;\">Order flowers Morocco - Do you want a custom order?<\/span><\/h4>\n<p><img loading=\"lazy\" decoding=\"async\" class=\"size-thumbnail wp-image-30183 alignleft\" src=\"https:\/\/floravea.com\/wp-content\/uploads\/2018\/05\/arts-arts-and-crafts-bloom-529927-2-150x150.jpg\" alt=\"\" width=\"150\" height=\"150\" srcset=\"https:\/\/floravea.com\/wp-content\/uploads\/2018\/05\/arts-arts-and-crafts-bloom-529927-2-150x150.jpg 150w, https:\/\/floravea.com\/wp-content\/uploads\/2018\/05\/arts-arts-and-crafts-bloom-529927-2-300x300.jpg 300w, https:\/\/floravea.com\/wp-content\/uploads\/2018\/05\/arts-arts-and-crafts-bloom-529927-2-100x100.jpg 100w\" sizes=\"(max-width: 150px) 100vw, 150px\" \/>Our team is at your disposal for your order flowers Morocco and to better serve you, we offer several formulas at your convenience and according to your budget, for a simple delivery of flowers or for any occasion (reception, wedding, birthday, baptism, Valentine's Day, mourning flowers, birth, good recovery, ...)<\/p>\n<p>Our florists meet your needs in terms of color, type of flowers, and support (vases, pots, accessories ...) very design.<\/p>\n<p>We offer a monthly subscription of weekly flower delivery in Morocco and internationally to your home to beautify your interior and give life to your home.<\/p>\n<p>Flower delivery in Casablanca is free<\/p>\n<p>We also provide a service to companies https:\/\/floravea.com\/service-pour-les-entreprises\/<\/p>\n<p>Please send us your request by email\u00a0\u00a0<a href=\"mailto:contact@floravea.com\" target=\"_blank\" rel=\"noopener\">contact@floravea.com<\/a><\/p>\n<p>or<\/p>\n<p>Please click on the icon :<a href=\"https:\/\/api.whatsapp.com\/send?phone=212663373017\"><img loading=\"lazy\" decoding=\"async\" class=\"alignnone wp-image-30160 size-full\" src=\"https:\/\/floravea.com\/wp-content\/uploads\/2018\/05\/png.png\" alt=\"florist casablanca\" width=\"37\" height=\"37\" \/><\/a> from your mobile for a direct contact!<\/p>","protected":false},"excerpt":{"rendered":"<p>Commande fleurs Maroc &#8211;\u00a0Souhaitez-vous une commande sur mesure\u00a0? Notre \u00e9quipe est \u00e0 votre \u00e9coute pour votre commande fleurs Maroc et pour mieux vous servir, nous proposons plusieurs formules \u00e0 votre convenance et selon votre budget, pour une simple livraison de fleurs ou pour toute occasion (r\u00e9ception, mariage, anniversaire, bapt\u00eame, Saint Valentin, fleurs deuil, naissance, bon [&hellip;]<\/p>\n","protected":false},"author":1,"featured_media":30099,"parent":0,"menu_order":0,"comment_status":"closed","ping_status":"closed","template":"","meta":{"_et_pb_use_builder":"","_et_pb_old_content":"","_et_gb_content_width":"","jetpack_post_was_ever_published":false,"footnotes":""},"class_list":["post-29604","page","type-page","status-publish","has-post-thumbnail","hentry"],"yoast_head":"<!-- This site is optimized with the Yoast SEO plugin v27.5 - https:\/\/yoast.com\/product\/yoast-seo-wordpress\/ -->\n<title>Commande fleurs Maroc - Commande sur mesure | Floravea<\/title>\n<meta name=\"description\" content=\"Commande fleurs Maroc - Souhaitez-vous une commande sur mesure ? Notre \u00e9quipe est \u00e0 votre \u00e9coute pour mieux vous servir, nous proposons plusieurs formules \u00e0 votre convenance et selon votre budget, pour une simple livraison de fleurs ou pour toute occasion (r\u00e9ception, mariage, anniversaire, bapt\u00eame, Saint Valentin ...\" \/>\n<meta name=\"robots\" content=\"index, follow, max-snippet:-1, max-image-preview:large, max-video-preview:-1\" \/>\n<link rel=\"canonical\" href=\"https:\/\/floravea.com\/en\/commande-sur-mesure\/\" \/>\n<meta property=\"og:locale\" content=\"en_US\" \/>\n<meta property=\"og:type\" content=\"article\" \/>\n<meta property=\"og:title\" content=\"Commande fleurs Maroc - Commande sur mesure | Floravea\" \/>\n<meta property=\"og:description\" content=\"Commande fleurs Maroc - Souhaitez-vous une commande sur mesure ? Notre \u00e9quipe est \u00e0 votre \u00e9coute pour mieux vous servir, nous proposons plusieurs formules \u00e0 votre convenance et selon votre budget, pour une simple livraison de fleurs ou pour toute occasion (r\u00e9ception, mariage, anniversaire, bapt\u00eame, Saint Valentin ...\" \/>\n<meta property=\"og:url\" content=\"https:\/\/floravea.com\/en\/commande-sur-mesure\/\" \/>\n<meta property=\"og:site_name\" content=\"Livraison des fleurs au Maroc (Casablanca, Rabat, Tanger, Marrakech, Agadir, Essaouira ...) ....) &amp; International\" \/>\n<meta property=\"article:publisher\" content=\"https:\/\/www.facebook.com\/Floraveacom-1660859444030311\/\" \/>\n<meta property=\"article:modified_time\" content=\"2018-06-18T15:39:33+00:00\" \/>\n<meta property=\"og:image\" content=\"https:\/\/floravea.com\/wp-content\/uploads\/2018\/05\/arts-arts-and-crafts-bloom-529927-1-1024x683.jpg\" \/>\n\t<meta property=\"og:image:width\" content=\"1024\" \/>\n\t<meta property=\"og:image:height\" content=\"683\" \/>\n\t<meta property=\"og:image:type\" content=\"image\/jpeg\" \/>\n<meta name=\"twitter:card\" content=\"summary_large_image\" \/>\n<meta name=\"twitter:label1\" content=\"Est. reading time\" \/>\n\t<meta name=\"twitter:data1\" content=\"1 minute\" \/>\n<script type=\"application\/ld+json\" class=\"yoast-schema-graph\">{\"@context\":\"https:\\\/\\\/schema.org\",\"@graph\":[{\"@type\":\"WebPage\",\"@id\":\"https:\\\/\\\/floravea.com\\\/commande-sur-mesure\\\/\",\"url\":\"https:\\\/\\\/floravea.com\\\/commande-sur-mesure\\\/\",\"name\":\"Commande fleurs Maroc - Commande sur mesure | Floravea\",\"isPartOf\":{\"@id\":\"https:\\\/\\\/floravea.com\\\/#website\"},\"primaryImageOfPage\":{\"@id\":\"https:\\\/\\\/floravea.com\\\/commande-sur-mesure\\\/#primaryimage\"},\"image\":{\"@id\":\"https:\\\/\\\/floravea.com\\\/commande-sur-mesure\\\/#primaryimage\"},\"thumbnailUrl\":\"https:\\\/\\\/floravea.com\\\/wp-content\\\/uploads\\\/2018\\\/05\\\/arts-arts-and-crafts-bloom-529927-1.jpg\",\"datePublished\":\"2018-04-22T11:41:39+00:00\",\"dateModified\":\"2018-06-18T15:39:33+00:00\",\"description\":\"Commande fleurs Maroc - Souhaitez-vous une commande sur mesure ? Notre \u00e9quipe est \u00e0 votre \u00e9coute pour mieux vous servir, nous proposons plusieurs formules \u00e0 votre convenance et selon votre budget, pour une simple livraison de fleurs ou pour toute occasion (r\u00e9ception, mariage, anniversaire, bapt\u00eame, Saint Valentin ...\",\"breadcrumb\":{\"@id\":\"https:\\\/\\\/floravea.com\\\/commande-sur-mesure\\\/#breadcrumb\"},\"inLanguage\":\"en-US\",\"potentialAction\":[{\"@type\":\"ReadAction\",\"target\":[\"https:\\\/\\\/floravea.com\\\/commande-sur-mesure\\\/\"]}]},{\"@type\":\"ImageObject\",\"inLanguage\":\"en-US\",\"@id\":\"https:\\\/\\\/floravea.com\\\/commande-sur-mesure\\\/#primaryimage\",\"url\":\"https:\\\/\\\/floravea.com\\\/wp-content\\\/uploads\\\/2018\\\/05\\\/arts-arts-and-crafts-bloom-529927-1.jpg\",\"contentUrl\":\"https:\\\/\\\/floravea.com\\\/wp-content\\\/uploads\\\/2018\\\/05\\\/arts-arts-and-crafts-bloom-529927-1.jpg\",\"width\":5000,\"height\":3337,\"caption\":\"commande sur mesure\"},{\"@type\":\"BreadcrumbList\",\"@id\":\"https:\\\/\\\/floravea.com\\\/commande-sur-mesure\\\/#breadcrumb\",\"itemListElement\":[{\"@type\":\"ListItem\",\"position\":1,\"name\":\"Accueil\",\"item\":\"https:\\\/\\\/floravea.com\\\/\"},{\"@type\":\"ListItem\",\"position\":2,\"name\":\"Commande sur mesure\"}]},{\"@type\":\"WebSite\",\"@id\":\"https:\\\/\\\/floravea.com\\\/#website\",\"url\":\"https:\\\/\\\/floravea.com\\\/\",\"name\":\"Livraison des fleurs au Maroc (Casablanca, Rabat, Tanger, Marrakech, Agadir, Essaouira ...) ....) &amp; International\",\"description\":\"Exprimer vos sentiments avec des fleurs\",\"potentialAction\":[{\"@type\":\"SearchAction\",\"target\":{\"@type\":\"EntryPoint\",\"urlTemplate\":\"https:\\\/\\\/floravea.com\\\/?s={search_term_string}\"},\"query-input\":{\"@type\":\"PropertyValueSpecification\",\"valueRequired\":true,\"valueName\":\"search_term_string\"}}],\"inLanguage\":\"en-US\"}]}<\/script>\n<!-- \/ Yoast SEO plugin. -->","yoast_head_json":{"title":"Commande fleurs Maroc - Commande sur mesure | Floravea","description":"Commande fleurs Maroc - Souhaitez-vous une commande sur mesure ? Notre \u00e9quipe est \u00e0 votre \u00e9coute pour mieux vous servir, nous proposons plusieurs formules \u00e0 votre convenance et selon votre budget, pour une simple livraison de fleurs ou pour toute occasion (r\u00e9ception, mariage, anniversaire, bapt\u00eame, Saint Valentin ...","robots":{"index":"index","follow":"follow","max-snippet":"max-snippet:-1","max-image-preview":"max-image-preview:large","max-video-preview":"max-video-preview:-1"},"canonical":"https:\/\/floravea.com\/en\/commande-sur-mesure\/","og_locale":"en_US","og_type":"article","og_title":"Commande fleurs Maroc - Commande sur mesure | Floravea","og_description":"Commande fleurs Maroc - Souhaitez-vous une commande sur mesure ? Notre \u00e9quipe est \u00e0 votre \u00e9coute pour mieux vous servir, nous proposons plusieurs formules \u00e0 votre convenance et selon votre budget, pour une simple livraison de fleurs ou pour toute occasion (r\u00e9ception, mariage, anniversaire, bapt\u00eame, Saint Valentin ...","og_url":"https:\/\/floravea.com\/en\/commande-sur-mesure\/","og_site_name":"Livraison des fleurs au Maroc (Casablanca, Rabat, Tanger, Marrakech, Agadir, Essaouira ...) ....) &amp; International","article_publisher":"https:\/\/www.facebook.com\/Floraveacom-1660859444030311\/","article_modified_time":"2018-06-18T15:39:33+00:00","og_image":[{"width":1024,"height":683,"url":"https:\/\/floravea.com\/wp-content\/uploads\/2018\/05\/arts-arts-and-crafts-bloom-529927-1-1024x683.jpg","type":"image\/jpeg"}],"twitter_card":"summary_large_image","twitter_misc":{"Est. reading time":"1 minute"},"schema":{"@context":"https:\/\/schema.org","@graph":[{"@type":"WebPage","@id":"https:\/\/floravea.com\/commande-sur-mesure\/","url":"https:\/\/floravea.com\/commande-sur-mesure\/","name":"Commande fleurs Maroc - Commande sur mesure | Floravea","isPartOf":{"@id":"https:\/\/floravea.com\/#website"},"primaryImageOfPage":{"@id":"https:\/\/floravea.com\/commande-sur-mesure\/#primaryimage"},"image":{"@id":"https:\/\/floravea.com\/commande-sur-mesure\/#primaryimage"},"thumbnailUrl":"https:\/\/floravea.com\/wp-content\/uploads\/2018\/05\/arts-arts-and-crafts-bloom-529927-1.jpg","datePublished":"2018-04-22T11:41:39+00:00","dateModified":"2018-06-18T15:39:33+00:00","description":"Commande fleurs Maroc - Souhaitez-vous une commande sur mesure ? Notre \u00e9quipe est \u00e0 votre \u00e9coute pour mieux vous servir, nous proposons plusieurs formules \u00e0 votre convenance et selon votre budget, pour une simple livraison de fleurs ou pour toute occasion (r\u00e9ception, mariage, anniversaire, bapt\u00eame, Saint Valentin ...","breadcrumb":{"@id":"https:\/\/floravea.com\/commande-sur-mesure\/#breadcrumb"},"inLanguage":"en-US","potentialAction":[{"@type":"ReadAction","target":["https:\/\/floravea.com\/commande-sur-mesure\/"]}]},{"@type":"ImageObject","inLanguage":"en-US","@id":"https:\/\/floravea.com\/commande-sur-mesure\/#primaryimage","url":"https:\/\/floravea.com\/wp-content\/uploads\/2018\/05\/arts-arts-and-crafts-bloom-529927-1.jpg","contentUrl":"https:\/\/floravea.com\/wp-content\/uploads\/2018\/05\/arts-arts-and-crafts-bloom-529927-1.jpg","width":5000,"height":3337,"caption":"commande sur mesure"},{"@type":"BreadcrumbList","@id":"https:\/\/floravea.com\/commande-sur-mesure\/#breadcrumb","itemListElement":[{"@type":"ListItem","position":1,"name":"Accueil","item":"https:\/\/floravea.com\/"},{"@type":"ListItem","position":2,"name":"Commande sur mesure"}]},{"@type":"WebSite","@id":"https:\/\/floravea.com\/#website","url":"https:\/\/floravea.com\/","name":"Livraison des fleurs au Maroc (Casablanca, Rabat, Tanger, Marrakech, Agadir, Essaouira ...) ....) &amp; International","description":"Exprimer vos sentiments avec des fleurs","potentialAction":[{"@type":"SearchAction","target":{"@type":"EntryPoint","urlTemplate":"https:\/\/floravea.com\/?s={search_term_string}"},"query-input":{"@type":"PropertyValueSpecification","valueRequired":true,"valueName":"search_term_string"}}],"inLanguage":"en-US"}]}},"jetpack_sharing_enabled":true,"_links":{"self":[{"href":"https:\/\/floravea.com\/en\/wp-json\/wp\/v2\/pages\/29604","targetHints":{"allow":["GET"]}}],"collection":[{"href":"https:\/\/floravea.com\/en\/wp-json\/wp\/v2\/pages"}],"about":[{"href":"https:\/\/floravea.com\/en\/wp-json\/wp\/v2\/types\/page"}],"author":[{"embeddable":true,"href":"https:\/\/floravea.com\/en\/wp-json\/wp\/v2\/users\/1"}],"replies":[{"embeddable":true,"href":"https:\/\/floravea.com\/en\/wp-json\/wp\/v2\/comments?post=29604"}],"version-history":[{"count":0,"href":"https:\/\/floravea.com\/en\/wp-json\/wp\/v2\/pages\/29604\/revisions"}],"wp:featuredmedia":[{"embeddable":true,"href":"https:\/\/floravea.com\/en\/wp-json\/wp\/v2\/media\/30099"}],"wp:attachment":[{"href":"https:\/\/floravea.com\/en\/wp-json\/wp\/v2\/media?parent=29604"}],"curies":[{"name":"wp","href":"https:\/\/api.w.org\/{rel}","templated":true}]}}