{"id":29600,"date":"2018-04-22T13:37:49","date_gmt":"2018-04-22T11:37:49","guid":{"rendered":"https:\/\/floravea.com\/?page_id=29600"},"modified":"2018-08-18T10:25:36","modified_gmt":"2018-08-18T08:25:36","slug":"qui-sommes-nous","status":"publish","type":"page","link":"https:\/\/floravea.com\/en\/qui-sommes-nous\/","title":{"rendered":"Who are we?"},"content":{"rendered":"<p><img loading=\"lazy\" decoding=\"async\" class=\"alignleft wp-image-29902\" src=\"https:\/\/floravea.com\/wp-content\/uploads\/2018\/04\/colors-design-flora-947914-1-1024x683.jpg\" alt=\"\" width=\"277\" height=\"185\" srcset=\"https:\/\/floravea.com\/wp-content\/uploads\/2018\/04\/colors-design-flora-947914-1-1024x683.jpg 1024w, https:\/\/floravea.com\/wp-content\/uploads\/2018\/04\/colors-design-flora-947914-1-300x200.jpg 300w, https:\/\/floravea.com\/wp-content\/uploads\/2018\/04\/colors-design-flora-947914-1-768x512.jpg 768w, https:\/\/floravea.com\/wp-content\/uploads\/2018\/04\/colors-design-flora-947914-1-1080x720.jpg 1080w, https:\/\/floravea.com\/wp-content\/uploads\/2018\/04\/colors-design-flora-947914-1-600x400.jpg 600w\" sizes=\"(max-width: 277px) 100vw, 277px\" \/>Passionate about plants, flowers and floral art, we offer our website www.floravea.com property of the company CREAVEA FLORE, for an online sale of flowers, floral arrangements and accessories (plush, vase and chocolates ...)<\/p>\n<p>Our online store presents a large choice of flower bouquets and flower arrangements and offers a better quality of service to our customers.<\/p>\n<p>We have opted for a website and a mobile application very efficient and easy to use. To facilitate navigation and order taking, and to allow you to take advantage of our continuous services, our sites are accessible 24 hours a day and open 7 days a week.<\/p>\n<p>We have a large network of professional florist partners in most cities in Morocco and abroad.  Your orders are immediately taken into account and processed as soon as possible by the florist closest to the delivery address.<\/p>\n<p>From the biggest occasion (wedding, reception, baptism...) to the smallest intention (Mother's Day, Valentine's Day, birthday, bereavement flowers...), we take care of your orders and guarantee you the best quality of service to mark the event and transmit intense emotions to your guests or your recipients<\/p>\n<p>We intervene at our private and professional customers to embellish their gardens, to provide the most beautiful plants and to take care of the green spaces and will take care to put an adequate watering system to the needs of the plants.<\/p>\n<p>In <strong>Morocco<\/strong>, We deliver flowers to :<\/p>\n<p>Casablanca- Rabat \u2013 Sal\u00e9 \u2013 Temara- Harhoura \u2013 Mohammedia \u2013 Bouznika \u2013 F\u00e8s \u2013 Mekn\u00e8s \u2013 Tanger \u2013 T\u00e9touan \u2013 Essaouira \u2013 Marrakech \u2013 K\u00e9nitra \u2013 Agadir \u2013 Tiznit \u2013 Taroudant \u2013 Taghazout \u2013 Guelmim \u2013 Sidi Kacem<\/p>\n<p>for<strong>international<\/strong>, We deliver flowers to :<strong> :\u00a0<\/strong><\/p>\n<p>GERMANY - ENGLAND - AUSTRALIA - AUSTRIA - BELGIUM - DENMARK - SPAIN - FINLAND - FRANCE - GREECE - MAURITIUS - IRELAND - ICELAND - ITALY - LEBANON - LUXEMBOURG - MEXICO - NORWAY - NETHERLANDS - POLAND - PORTUGAL - CZECH REPUBLIC - RUSSIA - SERBIA - SLOVAKIA<\/p>\n<p>Our online florists use their knowledge to better advise you on the choice of flower bouquets and make cheap flower deliveries anywhere in the world.<\/p>\n<p>For example with the promo code \"FLORA5\" the delivery of flowers in Casablanca is free<\/p>\n<p>Our team is available 7 days a week<\/p>\n<p>Please click on the icon :<a href=\"https:\/\/api.whatsapp.com\/send?phone=212663373017\"><img loading=\"lazy\" decoding=\"async\" class=\"alignnone wp-image-30160 size-full\" src=\"https:\/\/floravea.com\/wp-content\/uploads\/2018\/05\/png.png\" alt=\"florist casablanca\" width=\"37\" height=\"37\" \/><\/a> from your mobile for a direct contact!<br \/>\n&nbsp;<\/p>","protected":false},"excerpt":{"rendered":"<p>Passionn\u00e9s par les plantes, les fleurs et l\u2019art floral, nous vous proposons notre site web www.floravea.com propri\u00e9t\u00e9 de la soci\u00e9t\u00e9 CREAVEA FLORE, pour une vente en ligne de fleurs, compositions florales et accessoires (peluches, vase et chocolats\u2026) Notre boutique en ligne pr\u00e9sente un large choix de bouquets de fleurs et compositions florales et offre une [&hellip;]<\/p>\n","protected":false},"author":1,"featured_media":29583,"parent":0,"menu_order":0,"comment_status":"closed","ping_status":"closed","template":"","meta":{"_et_pb_use_builder":"","_et_pb_old_content":"","_et_gb_content_width":"","footnotes":""},"class_list":["post-29600","page","type-page","status-publish","has-post-thumbnail","hentry"],"yoast_head":"<!-- This site is optimized with the Yoast SEO plugin v27.5 - https:\/\/yoast.com\/product\/yoast-seo-wordpress\/ -->\n<title>Qui Sommes Nous - Livraison des fleurs au Maroc (Casablanca, Rabat, Tanger, Marrakech, Agadir, Essaouira ...) ....) &amp; International<\/title>\n<meta name=\"robots\" content=\"index, follow, max-snippet:-1, max-image-preview:large, max-video-preview:-1\" \/>\n<link rel=\"canonical\" href=\"https:\/\/floravea.com\/en\/qui-sommes-nous\/\" \/>\n<meta property=\"og:locale\" content=\"en_US\" \/>\n<meta property=\"og:type\" content=\"article\" \/>\n<meta property=\"og:title\" content=\"Qui Sommes Nous - Livraison des fleurs au Maroc (Casablanca, Rabat, Tanger, Marrakech, Agadir, Essaouira ...) ....) &amp; International\" \/>\n<meta property=\"og:description\" content=\"Passionn\u00e9s par les plantes, les fleurs et l\u2019art floral, nous vous proposons notre site web www.floravea.com propri\u00e9t\u00e9 de la soci\u00e9t\u00e9 CREAVEA FLORE, pour une vente en ligne de fleurs, compositions florales et accessoires (peluches, vase et chocolats\u2026) Notre boutique en ligne pr\u00e9sente un large choix de bouquets de fleurs et compositions florales et offre une [&hellip;]\" \/>\n<meta property=\"og:url\" content=\"https:\/\/floravea.com\/en\/qui-sommes-nous\/\" \/>\n<meta property=\"og:site_name\" content=\"Livraison des fleurs au Maroc (Casablanca, Rabat, Tanger, Marrakech, Agadir, Essaouira ...) ....) &amp; International\" \/>\n<meta property=\"article:publisher\" content=\"https:\/\/www.facebook.com\/Floraveacom-1660859444030311\/\" \/>\n<meta property=\"article:modified_time\" content=\"2018-08-18T08:25:36+00:00\" \/>\n<meta property=\"og:image\" content=\"https:\/\/i2.wp.com\/floravea.com\/wp-content\/uploads\/2018\/04\/16-e1525007674973.jpg?fit=340%2C400&ssl=1\" \/>\n\t<meta property=\"og:image:width\" content=\"340\" \/>\n\t<meta property=\"og:image:height\" content=\"400\" \/>\n\t<meta property=\"og:image:type\" content=\"image\/jpeg\" \/>\n<meta name=\"twitter:card\" content=\"summary_large_image\" \/>\n<meta name=\"twitter:label1\" content=\"Est. reading time\" \/>\n\t<meta name=\"twitter:data1\" content=\"2 minutes\" \/>\n<script type=\"application\/ld+json\" class=\"yoast-schema-graph\">{\"@context\":\"https:\\\/\\\/schema.org\",\"@graph\":[{\"@type\":\"WebPage\",\"@id\":\"https:\\\/\\\/floravea.com\\\/qui-sommes-nous\\\/\",\"url\":\"https:\\\/\\\/floravea.com\\\/qui-sommes-nous\\\/\",\"name\":\"Qui Sommes Nous - Livraison des fleurs au Maroc (Casablanca, Rabat, Tanger, Marrakech, Agadir, Essaouira ...) ....) &amp; International\",\"isPartOf\":{\"@id\":\"https:\\\/\\\/floravea.com\\\/#website\"},\"primaryImageOfPage\":{\"@id\":\"https:\\\/\\\/floravea.com\\\/qui-sommes-nous\\\/#primaryimage\"},\"image\":{\"@id\":\"https:\\\/\\\/floravea.com\\\/qui-sommes-nous\\\/#primaryimage\"},\"thumbnailUrl\":\"https:\\\/\\\/floravea.com\\\/wp-content\\\/uploads\\\/2018\\\/04\\\/16-e1525007674973.jpg\",\"datePublished\":\"2018-04-22T11:37:49+00:00\",\"dateModified\":\"2018-08-18T08:25:36+00:00\",\"breadcrumb\":{\"@id\":\"https:\\\/\\\/floravea.com\\\/qui-sommes-nous\\\/#breadcrumb\"},\"inLanguage\":\"en-US\",\"potentialAction\":[{\"@type\":\"ReadAction\",\"target\":[\"https:\\\/\\\/floravea.com\\\/qui-sommes-nous\\\/\"]}]},{\"@type\":\"ImageObject\",\"inLanguage\":\"en-US\",\"@id\":\"https:\\\/\\\/floravea.com\\\/qui-sommes-nous\\\/#primaryimage\",\"url\":\"https:\\\/\\\/floravea.com\\\/wp-content\\\/uploads\\\/2018\\\/04\\\/16-e1525007674973.jpg\",\"contentUrl\":\"https:\\\/\\\/floravea.com\\\/wp-content\\\/uploads\\\/2018\\\/04\\\/16-e1525007674973.jpg\",\"width\":340,\"height\":400},{\"@type\":\"BreadcrumbList\",\"@id\":\"https:\\\/\\\/floravea.com\\\/qui-sommes-nous\\\/#breadcrumb\",\"itemListElement\":[{\"@type\":\"ListItem\",\"position\":1,\"name\":\"Accueil\",\"item\":\"https:\\\/\\\/floravea.com\\\/\"},{\"@type\":\"ListItem\",\"position\":2,\"name\":\"Qui Sommes Nous\"}]},{\"@type\":\"WebSite\",\"@id\":\"https:\\\/\\\/floravea.com\\\/#website\",\"url\":\"https:\\\/\\\/floravea.com\\\/\",\"name\":\"Livraison des fleurs au Maroc (Casablanca, Rabat, Tanger, Marrakech, Agadir, Essaouira ...) ....) &amp; International\",\"description\":\"Exprimer vos sentiments avec des fleurs\",\"potentialAction\":[{\"@type\":\"SearchAction\",\"target\":{\"@type\":\"EntryPoint\",\"urlTemplate\":\"https:\\\/\\\/floravea.com\\\/?s={search_term_string}\"},\"query-input\":{\"@type\":\"PropertyValueSpecification\",\"valueRequired\":true,\"valueName\":\"search_term_string\"}}],\"inLanguage\":\"en-US\"}]}<\/script>\n<!-- \/ Yoast SEO plugin. -->","yoast_head_json":{"title":"Qui Sommes Nous - Livraison des fleurs au Maroc (Casablanca, Rabat, Tanger, Marrakech, Agadir, Essaouira ...) ....) &amp; International","robots":{"index":"index","follow":"follow","max-snippet":"max-snippet:-1","max-image-preview":"max-image-preview:large","max-video-preview":"max-video-preview:-1"},"canonical":"https:\/\/floravea.com\/en\/qui-sommes-nous\/","og_locale":"en_US","og_type":"article","og_title":"Qui Sommes Nous - Livraison des fleurs au Maroc (Casablanca, Rabat, Tanger, Marrakech, Agadir, Essaouira ...) ....) &amp; International","og_description":"Passionn\u00e9s par les plantes, les fleurs et l\u2019art floral, nous vous proposons notre site web www.floravea.com propri\u00e9t\u00e9 de la soci\u00e9t\u00e9 CREAVEA FLORE, pour une vente en ligne de fleurs, compositions florales et accessoires (peluches, vase et chocolats\u2026) Notre boutique en ligne pr\u00e9sente un large choix de bouquets de fleurs et compositions florales et offre une [&hellip;]","og_url":"https:\/\/floravea.com\/en\/qui-sommes-nous\/","og_site_name":"Livraison des fleurs au Maroc (Casablanca, Rabat, Tanger, Marrakech, Agadir, Essaouira ...) ....) &amp; International","article_publisher":"https:\/\/www.facebook.com\/Floraveacom-1660859444030311\/","article_modified_time":"2018-08-18T08:25:36+00:00","og_image":[{"width":340,"height":400,"url":"https:\/\/i2.wp.com\/floravea.com\/wp-content\/uploads\/2018\/04\/16-e1525007674973.jpg?fit=340%2C400&ssl=1","type":"image\/jpeg"}],"twitter_card":"summary_large_image","twitter_misc":{"Est. reading time":"2 minutes"},"schema":{"@context":"https:\/\/schema.org","@graph":[{"@type":"WebPage","@id":"https:\/\/floravea.com\/qui-sommes-nous\/","url":"https:\/\/floravea.com\/qui-sommes-nous\/","name":"Qui Sommes Nous - Livraison des fleurs au Maroc (Casablanca, Rabat, Tanger, Marrakech, Agadir, Essaouira ...) ....) &amp; International","isPartOf":{"@id":"https:\/\/floravea.com\/#website"},"primaryImageOfPage":{"@id":"https:\/\/floravea.com\/qui-sommes-nous\/#primaryimage"},"image":{"@id":"https:\/\/floravea.com\/qui-sommes-nous\/#primaryimage"},"thumbnailUrl":"https:\/\/floravea.com\/wp-content\/uploads\/2018\/04\/16-e1525007674973.jpg","datePublished":"2018-04-22T11:37:49+00:00","dateModified":"2018-08-18T08:25:36+00:00","breadcrumb":{"@id":"https:\/\/floravea.com\/qui-sommes-nous\/#breadcrumb"},"inLanguage":"en-US","potentialAction":[{"@type":"ReadAction","target":["https:\/\/floravea.com\/qui-sommes-nous\/"]}]},{"@type":"ImageObject","inLanguage":"en-US","@id":"https:\/\/floravea.com\/qui-sommes-nous\/#primaryimage","url":"https:\/\/floravea.com\/wp-content\/uploads\/2018\/04\/16-e1525007674973.jpg","contentUrl":"https:\/\/floravea.com\/wp-content\/uploads\/2018\/04\/16-e1525007674973.jpg","width":340,"height":400},{"@type":"BreadcrumbList","@id":"https:\/\/floravea.com\/qui-sommes-nous\/#breadcrumb","itemListElement":[{"@type":"ListItem","position":1,"name":"Accueil","item":"https:\/\/floravea.com\/"},{"@type":"ListItem","position":2,"name":"Qui Sommes Nous"}]},{"@type":"WebSite","@id":"https:\/\/floravea.com\/#website","url":"https:\/\/floravea.com\/","name":"Livraison des fleurs au Maroc (Casablanca, Rabat, Tanger, Marrakech, Agadir, Essaouira ...) ....) &amp; International","description":"Exprimer vos sentiments avec des fleurs","potentialAction":[{"@type":"SearchAction","target":{"@type":"EntryPoint","urlTemplate":"https:\/\/floravea.com\/?s={search_term_string}"},"query-input":{"@type":"PropertyValueSpecification","valueRequired":true,"valueName":"search_term_string"}}],"inLanguage":"en-US"}]}},"jetpack_sharing_enabled":true,"_links":{"self":[{"href":"https:\/\/floravea.com\/en\/wp-json\/wp\/v2\/pages\/29600","targetHints":{"allow":["GET"]}}],"collection":[{"href":"https:\/\/floravea.com\/en\/wp-json\/wp\/v2\/pages"}],"about":[{"href":"https:\/\/floravea.com\/en\/wp-json\/wp\/v2\/types\/page"}],"author":[{"embeddable":true,"href":"https:\/\/floravea.com\/en\/wp-json\/wp\/v2\/users\/1"}],"replies":[{"embeddable":true,"href":"https:\/\/floravea.com\/en\/wp-json\/wp\/v2\/comments?post=29600"}],"version-history":[{"count":0,"href":"https:\/\/floravea.com\/en\/wp-json\/wp\/v2\/pages\/29600\/revisions"}],"wp:featuredmedia":[{"embeddable":true,"href":"https:\/\/floravea.com\/en\/wp-json\/wp\/v2\/media\/29583"}],"wp:attachment":[{"href":"https:\/\/floravea.com\/en\/wp-json\/wp\/v2\/media?parent=29600"}],"curies":[{"name":"wp","href":"https:\/\/api.w.org\/{rel}","templated":true}]}}